{"id":334061,"date":"2022-07-07T20:44:29","date_gmt":"2024-04-17T12:20:50","guid":{"rendered":"https:\/\/www.moskito.cz\/produkt\/cuchillo-cierre-extrema-ratio-rao-ii\/"},"modified":"2025-05-07T11:11:49","modified_gmt":"2025-05-07T10:11:49","slug":"cuchillo-cierre-extrema-ratio-rao-ii","status":"publish","type":"product","link":"https:\/\/www.moskito.cz\/es\/produkt\/cuchillo-cierre-extrema-ratio-rao-ii\/","title":{"rendered":"Cuchillo Cierre Extrema Ratio RAO II"},"content":{"rendered":"<p>Cuchillo Cierre <strong>Extrema Ratio<\/strong> RAO II<\/p>\n<p>El RAO \u200b\u200bII es una nueva versi\u00f3n del famoso cuchillo Extrema Ratio RAO; Viene con una nueva hoja con punta de ca\u00edda y un mango mejorado, redondeado en las esquinas superiores para un agarre m\u00e1s ergon\u00f3mico. El bloqueo de seguridad adicional lo convierte efectivamente en un cuchillo de hoja fija que permite un excelente rendimiento de corte sin riesgo de lesiones. La funda puede mantener el cuchillo en posici\u00f3n abierta para uso frecuente o en posici\u00f3n cerrada dentro del bolsillo frontal. Viene con una rueda de afilado de diamante que mantiene siempre un filo perfecto.<\/p>\n<p>G. PESO: 322<br \/>\nPESO ONZAS: 11.4<br \/>\nLONGITUD DE LA HOJA (MM): 119<br \/>\nLONGITUD DE LA HOJA (PULG): 4,7<br \/>\nLONGITUD TOTAL (MM): 263<br \/>\nLONGITUD TOTAL (PULG): 10,4<br \/>\nGROSOR DE LA HOJA (MM): 6<br \/>\nGROSOR DE LA HOJA (PULG): 0,24<br \/>\nMATERIAL DE LA HOJA: ACERO B\u00d6HLER N690 (58HRC)<br \/>\nACABADO CUCHILLO: MIL-C-13924 COLOCACI\u00d3N<br \/>\nREJILLA PRINCIPAL: PLANA<br \/>\nMATERIAL DEL MANGO: ALUMINIO ANODIZADO ANTICORROSI\u00d3N<\/p>\n","protected":false},"excerpt":{"rendered":"<p>Con sede en Prato, Italia <strong>, Extrema Ratio<\/strong> ha estado dise\u00f1ando y fabricando cuchillos t\u00e1cticos, militares, de cocina, de cocina y de combate de alto rendimiento desde 1997 y tiene una reputaci\u00f3n de calidad superior insuperable en la industria de cuchillos militares y t\u00e1cticos. <strong>Transporte gratuito.<\/strong><\/p>\n","protected":false},"featured_media":334062,"comment_status":"open","ping_status":"closed","template":"","meta":[],"pwb-brand":[3766],"product_brand":[],"product_cat":[3730,3726],"product_tag":[],"class_list":{"0":"post-334061","1":"product","2":"type-product","3":"status-publish","4":"has-post-thumbnail","6":"pwb-brand-relacion-extrema","7":"product_cat-cuchillas-de-cierre","8":"product_cat-cuchillos","10":"first","11":"instock","12":"taxable","13":"shipping-taxable","14":"purchasable","15":"product-type-simple"},"brands":[{"id":3766,"name":"Relaci\u00f3n extrema","slug":"relacion-extrema"}],"_links":{"self":[{"href":"https:\/\/www.moskito.cz\/es\/wp-json\/wp\/v2\/product\/334061","targetHints":{"allow":["GET"]}}],"collection":[{"href":"https:\/\/www.moskito.cz\/es\/wp-json\/wp\/v2\/product"}],"about":[{"href":"https:\/\/www.moskito.cz\/es\/wp-json\/wp\/v2\/types\/product"}],"replies":[{"embeddable":true,"href":"https:\/\/www.moskito.cz\/es\/wp-json\/wp\/v2\/comments?post=334061"}],"wp:featuredmedia":[{"embeddable":true,"href":"https:\/\/www.moskito.cz\/es\/wp-json\/wp\/v2\/media\/334062"}],"wp:attachment":[{"href":"https:\/\/www.moskito.cz\/es\/wp-json\/wp\/v2\/media?parent=334061"}],"wp:term":[{"taxonomy":"pwb-brand","embeddable":true,"href":"https:\/\/www.moskito.cz\/es\/wp-json\/wp\/v2\/pwb-brand?post=334061"},{"taxonomy":"product_brand","embeddable":true,"href":"https:\/\/www.moskito.cz\/es\/wp-json\/wp\/v2\/product_brand?post=334061"},{"taxonomy":"product_cat","embeddable":true,"href":"https:\/\/www.moskito.cz\/es\/wp-json\/wp\/v2\/product_cat?post=334061"},{"taxonomy":"product_tag","embeddable":true,"href":"https:\/\/www.moskito.cz\/es\/wp-json\/wp\/v2\/product_tag?post=334061"}],"curies":[{"name":"wp","href":"https:\/\/api.w.org\/{rel}","templated":true}]}}