{"id":334159,"date":"2024-04-17T19:41:20","date_gmt":"2024-04-17T18:43:06","guid":{"rendered":"https:\/\/www.moskito.cz\/produkt\/navaja-crkt-edicion-limitada-facet-k253tm390\/"},"modified":"2025-05-07T11:11:50","modified_gmt":"2025-05-07T10:11:50","slug":"navaja-crkt-edicion-limitada-facet-k253tm390","status":"publish","type":"product","link":"https:\/\/www.moskito.cz\/es\/produkt\/navaja-crkt-edicion-limitada-facet-k253tm390\/","title":{"rendered":"Navaja CRKT Edici\u00f3n Limitada Facet K253TM390"},"content":{"rendered":"<p>Navaja <strong>CRKT<\/strong> Edici\u00f3n Limitada Facet K253TM390.<\/p>\n<p>Ken Onion es conocido por su dise\u00f1o elegante y pr\u00e1ctico y el K253TM390 no es una excepci\u00f3n. Los \u00e1ngulos y facetas del mango complementan el dise\u00f1o delgado y la forma angular de la hoja. Equipadas con el sistema de pasador de rodamiento de bolas IKBS de CRKT, las raquetas de pala se abren como no lo creer\u00edas. La hoja est\u00e1 hecha de acero Bohler M390 de primera calidad para una retenci\u00f3n excepcional de los bordes y tiene un acabado satinado. El bloqueo del marco insertado utiliza una barra de bloqueo resistente para asegurar la hoja firmemente. Con la adici\u00f3n de un clip de bolsillo semiprofundo, el Facet es f\u00e1cil de transportar sin llamar la atenci\u00f3n ni estorbar.<\/p>\n<p>Esta edici\u00f3n especial limitada del popular dise\u00f1o Facet presenta una mejora sustancial en los mangos de acero y titanio con un fant\u00e1stico dise\u00f1o de \u00abremache\u00bb. Limitado a 500 piezas.<\/p>\n<p>Sobre el dise\u00f1ador de cuchillos.<\/p>\n<p>Ken Onion \u2013 \u201cAunque he sido un \u00e1vido coleccionista de cuchillos desde la infancia, coleccionando principalmente cuchillos comunes y cualquier otra cosa que pudiera encontrar, no conoc\u00eda la industria de los cuchillos personalizados hasta 1989, cuando vi una edici\u00f3n de Knives Illustrated en mi farmacia local. All\u00ed encontr\u00e9 a un fabricante de cuchillos local llamado Stan Fujisaka y le rogu\u00e9 que me ense\u00f1ara. Hice mi primer cuchillo en noviembre de 1991 y desde entonces he estado en el oficio recuper\u00e1ndome de una cirug\u00eda de espalda en 1996 y decid\u00ed dise\u00f1ar una carpeta que fuera m\u00e1s f\u00e1cil de manejar que la que hab\u00eda disponible y no una hoja de disparo. El resultado fue el primer cuchillo asistido, al que llam\u00e9 \u00abSpeed \u200b\u200bSafe\u00bb. una categor\u00eda completamente nueva de cuchillos entre manuales y autom\u00e1ticos.\u00bb<\/p>\n<p>Hoja fabricada en acero M390.<br \/>\nBorde de la hoja liso<br \/>\nAcabado de hoja satinada<\/p>\n<p>Longitud de la hoja: 8,88 cm<br \/>\nGrosor de la hoja: 0,31 cm.<br \/>\nLongitud total: 19,6 cm<br \/>\nLargo cerrado: 10,97 cm<br \/>\nPeso 3,00 onzas. (85,05 g)<\/p>\n","protected":false},"excerpt":{"rendered":"<p>Ken cebolla<br \/>\nKaneohe, Haw\u00e1i<br \/>\nKen es el verdadero negocio. Ken, el miembro m\u00e1s joven en ser incluido en el Sal\u00f3n de la Fama de la revista Blade en 2008, es reconocido como uno de los dise\u00f1adores de cuchillos m\u00e1s innovadores y exitosos de todos los tiempos. En 1996 cre\u00f3 el primer mecanismo de apertura asistida de \u00e9xito comercial y 20 a\u00f1os m\u00e1s tarde present\u00f3 su galardonada tecnolog\u00eda Field Strip. Ahora, esta innovaci\u00f3n que cambia el mundo establece un nuevo est\u00e1ndar con la tecnolog\u00eda Field Strip Gen II, un renacimiento que debe estar a la altura de su nombre.<\/p>\n","protected":false},"featured_media":334122,"comment_status":"open","ping_status":"closed","template":"","meta":[],"pwb-brand":[3765],"product_brand":[],"product_cat":[3730,3726],"product_tag":[3756],"class_list":{"0":"post-334159","1":"product","2":"type-product","3":"status-publish","4":"has-post-thumbnail","6":"pwb-brand-crkt-es","7":"product_cat-cuchillas-de-cierre","8":"product_cat-cuchillos","9":"product_tag-b2b-es","11":"first","12":"instock","13":"taxable","14":"shipping-taxable","15":"purchasable","16":"product-type-simple"},"brands":[{"id":3765,"name":"CRKT","slug":"crkt-es"}],"_links":{"self":[{"href":"https:\/\/www.moskito.cz\/es\/wp-json\/wp\/v2\/product\/334159","targetHints":{"allow":["GET"]}}],"collection":[{"href":"https:\/\/www.moskito.cz\/es\/wp-json\/wp\/v2\/product"}],"about":[{"href":"https:\/\/www.moskito.cz\/es\/wp-json\/wp\/v2\/types\/product"}],"replies":[{"embeddable":true,"href":"https:\/\/www.moskito.cz\/es\/wp-json\/wp\/v2\/comments?post=334159"}],"wp:featuredmedia":[{"embeddable":true,"href":"https:\/\/www.moskito.cz\/es\/wp-json\/wp\/v2\/media\/334122"}],"wp:attachment":[{"href":"https:\/\/www.moskito.cz\/es\/wp-json\/wp\/v2\/media?parent=334159"}],"wp:term":[{"taxonomy":"pwb-brand","embeddable":true,"href":"https:\/\/www.moskito.cz\/es\/wp-json\/wp\/v2\/pwb-brand?post=334159"},{"taxonomy":"product_brand","embeddable":true,"href":"https:\/\/www.moskito.cz\/es\/wp-json\/wp\/v2\/product_brand?post=334159"},{"taxonomy":"product_cat","embeddable":true,"href":"https:\/\/www.moskito.cz\/es\/wp-json\/wp\/v2\/product_cat?post=334159"},{"taxonomy":"product_tag","embeddable":true,"href":"https:\/\/www.moskito.cz\/es\/wp-json\/wp\/v2\/product_tag?post=334159"}],"curies":[{"name":"wp","href":"https:\/\/api.w.org\/{rel}","templated":true}]}}