{"id":334220,"date":"2022-09-27T20:41:31","date_gmt":"2022-09-27T19:41:31","guid":{"rendered":"https:\/\/www.moskito.cz\/produkt\/cuchillo-fijo-crkt-hz6-2927\/"},"modified":"2025-05-07T11:11:52","modified_gmt":"2025-05-07T10:11:52","slug":"cuchillo-fijo-crkt-hz6-2927","status":"publish","type":"product","link":"https:\/\/www.moskito.cz\/es\/produkt\/cuchillo-fijo-crkt-hz6-2927\/","title":{"rendered":"Cuchillo Fijo CRKT HZ6 2927"},"content":{"rendered":"<p>Cuchillo Fijo CRKT HZ6 2927.<\/p>\n<p>Hecho para el guerrero moderno. Rindiendo homenaje a la hira-zukuri, la cl\u00e1sica espada recta japonesa, el fabricante de cuchillos James Williams nos trae la HZ6. Hoja original de estilo hira-zukuri, que data del siglo VIII. siglo, se populariz\u00f3 por primera vez en dagas y se us\u00f3 como una espada \u00abcorta\u00bb fuerte para la supervivencia y el uso diario. Y al igual que sus or\u00edgenes, el HZ6 est\u00e1 dise\u00f1ado espec\u00edficamente para verdaderos guerreros, pero ahora est\u00e1 dise\u00f1ado para satisfacer las demandas del mundo moderno.<\/p>\n<p>La HZ6 rinde homenaje a la cl\u00e1sica espada recta japonesa y se basa en el estilo antiguo de la hoja hira-zukuri, que no tiene l\u00edneas de cresta. Pero el verdadero poder detr\u00e1s de la superficie lisa de la hoja de este cuchillo t\u00e1ctico es su capacidad para lograr una penetraci\u00f3n impresionantemente limpia a trav\u00e9s de cualquier superficie que encuentre. Y debido a que la hoja est\u00e1 recubierta para reducir el \u00f3xido y la corrosi\u00f3n, tendr\u00e1 menos de qu\u00e9 preocuparse al empu\u00f1ar la hoja en climas m\u00e1s duros o h\u00famedos.<\/p>\n<p>\u00bfY qu\u00e9 hay en el nombre? Las dos primeras iniciales significan \u00abhira-zukuri\u00bb, mientras que el n\u00famero \u00ab6\u00bb se refiere a la enorme hoja de 6,5&#8243;. Sin embargo, su tama\u00f1o no es lo \u00fanico de qu\u00e9 preocuparse: est\u00e1 hecho de resistente acero al carbono SK-5, cortar y perforar es algo natural en el HZ6. Incluso el mango del cuchillo tiene influencia japonesa; la x tallada en el mango representa la envoltura tradicional de la espada. Pero no es s\u00f3lo por motivos est\u00e9ticos: est\u00e1 dise\u00f1ado para proporcionar un agarre tremendo en manos fr\u00edas, mojadas, con o sin guantes; con cada golpe y golpe la resistencia aumenta. En combinaci\u00f3n con una funda que se ajuste bien, use el clip de la funda para mantenerla m\u00e1s cerca de su cintur\u00f3n o pase el cord\u00f3n a trav\u00e9s del orificio en la base del mango.<\/p>\n<p>Una excelente opci\u00f3n para combate o defensa t\u00e1ctica, el HZ6 facilita convertirse en un guerrero moderno.<\/p>\n<p>ESPECIFICACIONES<br \/>\nLongitud de la hoja 6,50&#8243; (165,10 mm)<br \/>\nHoja de hoja Lisa<br \/>\nHoja de acero SK-5<br \/>\nTratamiento de superficie de la hoja con recubrimiento en polvo<br \/>\nGrosor de la hoja 0,21&#8243; (5,41 mm)<br \/>\nLongitud total 11,31&#8243; (287,35 mm)<br \/>\nPeso 8,40 oz (238,14 g)<br \/>\nmango G10<br \/>\nEstilo Cuchillo de hoja fija con funda.<br \/>\nMaterial de la carcasa Boltaron\u00ae<br \/>\nPeso de la carcasa 2,50 oz (70,87 g)<\/p>\n<p><iframe title=\"CRKT HZ6 | James Williams Design\" width=\"800\" height=\"450\" src=\"https:\/\/www.youtube.com\/embed\/QZMI-Y2l75s?feature=oembed\" frameborder=\"0\" allow=\"accelerometer; autoplay; clipboard-write; encrypted-media; gyroscope; picture-in-picture; web-share\" referrerpolicy=\"strict-origin-when-cross-origin\" allowfullscreen><\/iframe><\/p>\n<p>&nbsp;<\/p>\n","protected":false},"excerpt":{"rendered":"<p>Dise\u00f1ado por James Williams en Vass, Carolina del Norte.<\/p>\n","protected":false},"featured_media":334221,"comment_status":"open","ping_status":"closed","template":"","meta":[],"pwb-brand":[3765],"product_brand":[],"product_cat":[3727,3726],"product_tag":[3756],"class_list":{"0":"post-334220","1":"product","2":"type-product","3":"status-publish","4":"has-post-thumbnail","6":"pwb-brand-crkt-es","7":"product_cat-cuchillos-macizos","8":"product_cat-cuchillos","9":"product_tag-b2b-es","11":"first","12":"instock","13":"taxable","14":"shipping-taxable","15":"purchasable","16":"product-type-simple"},"brands":[{"id":3765,"name":"CRKT","slug":"crkt-es"}],"_links":{"self":[{"href":"https:\/\/www.moskito.cz\/es\/wp-json\/wp\/v2\/product\/334220","targetHints":{"allow":["GET"]}}],"collection":[{"href":"https:\/\/www.moskito.cz\/es\/wp-json\/wp\/v2\/product"}],"about":[{"href":"https:\/\/www.moskito.cz\/es\/wp-json\/wp\/v2\/types\/product"}],"replies":[{"embeddable":true,"href":"https:\/\/www.moskito.cz\/es\/wp-json\/wp\/v2\/comments?post=334220"}],"wp:featuredmedia":[{"embeddable":true,"href":"https:\/\/www.moskito.cz\/es\/wp-json\/wp\/v2\/media\/334221"}],"wp:attachment":[{"href":"https:\/\/www.moskito.cz\/es\/wp-json\/wp\/v2\/media?parent=334220"}],"wp:term":[{"taxonomy":"pwb-brand","embeddable":true,"href":"https:\/\/www.moskito.cz\/es\/wp-json\/wp\/v2\/pwb-brand?post=334220"},{"taxonomy":"product_brand","embeddable":true,"href":"https:\/\/www.moskito.cz\/es\/wp-json\/wp\/v2\/product_brand?post=334220"},{"taxonomy":"product_cat","embeddable":true,"href":"https:\/\/www.moskito.cz\/es\/wp-json\/wp\/v2\/product_cat?post=334220"},{"taxonomy":"product_tag","embeddable":true,"href":"https:\/\/www.moskito.cz\/es\/wp-json\/wp\/v2\/product_tag?post=334220"}],"curies":[{"name":"wp","href":"https:\/\/api.w.org\/{rel}","templated":true}]}}