{"id":334324,"date":"2024-04-17T20:26:34","date_gmt":"2024-04-17T19:28:07","guid":{"rendered":"https:\/\/www.moskito.cz\/produkt\/cuchillos-arrojadizos-crkt-ken-onion-3-piezas-cuchillos-arrojadizos-k930rkp\/"},"modified":"2025-05-07T11:11:53","modified_gmt":"2025-05-07T10:11:53","slug":"cuchillos-arrojadizos-crkt-ken-onion-3-piezas-cuchillos-arrojadizos-k930rkp","status":"publish","type":"product","link":"https:\/\/www.moskito.cz\/es\/produkt\/cuchillos-arrojadizos-crkt-ken-onion-3-piezas-cuchillos-arrojadizos-k930rkp\/","title":{"rendered":"Cuchillos arrojadizos CRKT Ken Onion 3 piezas Cuchillos arrojadizos K930RKP"},"content":{"rendered":"<p>Cuchillos arrojadizos <strong>CRKT<\/strong> Ken Onion 3 piezas Cuchillos arrojadizos K930RKP<\/p>\n<p>El primer cuchillo arrojadizo de Ken Onion.<\/p>\n<p>Despu\u00e9s de innumerables iteraciones y pruebas, Ken Onion ha perfeccionado el dise\u00f1o de su cuchillo arrojadizo y est\u00e1 listo para compartirlo con el mundo. Estos cuchillos perfectamente equilibrados est\u00e1n fabricados para cumplir con todos los requisitos del lanzador de cuchillos moderno. Los cuchillos arrojadizos de cebolla vienen en un juego de tres, completos con una resistente funda de nailon para llevarlos de forma segura en el cintur\u00f3n.<br \/>\nDureza forjada: el acero al carbono 1050 proporciona durabilidad y retenci\u00f3n de bordes.<br \/>\nControl total: Ranuras para m\u00e1ximo control de lanzamiento.<br \/>\nAtractivo visual: Recubrimiento en polvo negro con pintura en aerosol roja<br \/>\nConstrucci\u00f3n s\u00f3lida: la funda de nailon tejido es liviana y duradera<br \/>\nAmbidiestro: El dise\u00f1o sim\u00e9trico permite lanzar con la mano derecha o izquierda<br \/>\nM\u00e1s Cuchillos : Juego de 3 cuchillos con funda para cintur\u00f3n.<\/p>\n<p><iframe title=\"CRKT Onion Throwing Knives | Ken Onion Design\" width=\"800\" height=\"450\" src=\"https:\/\/www.youtube.com\/embed\/UTpZODJUOv0?feature=oembed\" frameborder=\"0\" allow=\"accelerometer; autoplay; clipboard-write; encrypted-media; gyroscope; picture-in-picture; web-share\" referrerpolicy=\"strict-origin-when-cross-origin\" allowfullscreen><\/iframe><\/p>\n<p>&nbsp;<\/p>\n","protected":false},"excerpt":{"rendered":"<p>Ken cebolla<br \/>\nKaneohe, Haw\u00e1i<br \/>\nKen es el verdadero negocio. Ken, el miembro m\u00e1s joven en ser incluido en el Sal\u00f3n de la Fama de la revista Blade en 2008, es reconocido como uno de los dise\u00f1adores de cuchillos m\u00e1s innovadores y exitosos de todos los tiempos. En 1996 cre\u00f3 el primer mecanismo de apertura asistida de \u00e9xito comercial y 20 a\u00f1os m\u00e1s tarde present\u00f3 su galardonada tecnolog\u00eda Field Strip. Ahora, esta innovaci\u00f3n que cambia el mundo establece un nuevo est\u00e1ndar con la tecnolog\u00eda Field Strip Gen II, un renacimiento que debe estar a la altura de su nombre.<\/p>\n","protected":false},"featured_media":334282,"comment_status":"open","ping_status":"closed","template":"","meta":[],"pwb-brand":[3765],"product_brand":[],"product_cat":[3726,3728],"product_tag":[3756],"class_list":{"0":"post-334324","1":"product","2":"type-product","3":"status-publish","4":"has-post-thumbnail","6":"pwb-brand-crkt-es","7":"product_cat-cuchillos","8":"product_cat-lanzando-cuchillos","9":"product_tag-b2b-es","11":"first","12":"outofstock","13":"taxable","14":"shipping-taxable","15":"purchasable","16":"product-type-simple"},"brands":[{"id":3765,"name":"CRKT","slug":"crkt-es"}],"_links":{"self":[{"href":"https:\/\/www.moskito.cz\/es\/wp-json\/wp\/v2\/product\/334324","targetHints":{"allow":["GET"]}}],"collection":[{"href":"https:\/\/www.moskito.cz\/es\/wp-json\/wp\/v2\/product"}],"about":[{"href":"https:\/\/www.moskito.cz\/es\/wp-json\/wp\/v2\/types\/product"}],"replies":[{"embeddable":true,"href":"https:\/\/www.moskito.cz\/es\/wp-json\/wp\/v2\/comments?post=334324"}],"wp:featuredmedia":[{"embeddable":true,"href":"https:\/\/www.moskito.cz\/es\/wp-json\/wp\/v2\/media\/334282"}],"wp:attachment":[{"href":"https:\/\/www.moskito.cz\/es\/wp-json\/wp\/v2\/media?parent=334324"}],"wp:term":[{"taxonomy":"pwb-brand","embeddable":true,"href":"https:\/\/www.moskito.cz\/es\/wp-json\/wp\/v2\/pwb-brand?post=334324"},{"taxonomy":"product_brand","embeddable":true,"href":"https:\/\/www.moskito.cz\/es\/wp-json\/wp\/v2\/product_brand?post=334324"},{"taxonomy":"product_cat","embeddable":true,"href":"https:\/\/www.moskito.cz\/es\/wp-json\/wp\/v2\/product_cat?post=334324"},{"taxonomy":"product_tag","embeddable":true,"href":"https:\/\/www.moskito.cz\/es\/wp-json\/wp\/v2\/product_tag?post=334324"}],"curies":[{"name":"wp","href":"https:\/\/api.w.org\/{rel}","templated":true}]}}