{"id":334374,"date":"2024-04-17T20:41:20","date_gmt":"2024-04-17T19:42:07","guid":{"rendered":"https:\/\/www.moskito.cz\/produkt\/cuchillo-fijo-crkt-clever-girl-2709b\/"},"modified":"2025-05-07T11:11:55","modified_gmt":"2025-05-07T10:11:55","slug":"cuchillo-fijo-crkt-clever-girl-2709b","status":"publish","type":"product","link":"https:\/\/www.moskito.cz\/es\/produkt\/cuchillo-fijo-crkt-clever-girl-2709b\/","title":{"rendered":"Cuchillo Fijo CRKT Clever Girl 2709B"},"content":{"rendered":"<p>Navaja Fija <strong>CRKT<\/strong> Clever Girl 2709B.<\/p>\n<p>La hoja fija t\u00e1ctica Clever Girl\u2122 puede ayudarte a salir de situaciones peliagudas con su poderosa hoja de barrido hacia arriba. Esta versi\u00f3n agrega utilidad adicional en forma de Veff Serrations\u2122 para cortar f\u00e1cilmente cosas como cuerdas y un mango G10 veteado para mayor elegancia y funcionalidad de agarre en todo clima.<\/p>\n<p>La organizaci\u00f3n ben\u00e9fica de Austin McGlaun para este cuchillo es la Fundaci\u00f3n Boina Verde.<\/p>\n<p>Fundado en 2016, el programa Forged by War\u00ae encabez\u00f3 la colaboraci\u00f3n entre CRKT y los veteranos e invita a verdaderos guerreros a aplicar sus conocimientos y experiencia para dise\u00f1ar una l\u00ednea especial de cuchillos y herramientas listos para la misi\u00f3n. Adem\u00e1s de recibir una comisi\u00f3n por sus dise\u00f1os, una parte de las ganancias se dona a una organizaci\u00f3n ben\u00e9fica para veteranos. CRKT se enorgullece de ofrecer esta recaudaci\u00f3n de fondos especializada para apoyar a las organizaciones ben\u00e9ficas participantes a nivel nacional.<\/p>\n<p>Acero de alto rendimiento: el acero al carbono SK-5 sujeta bien la hoja<br \/>\nExtremadamente afilado: Veff Serrations\u2122 proporciona un excelente poder de corte para cuerdas y correas<br \/>\nAgarre excepcional: el mango G10 proporciona un agarre excepcional en todas las condiciones.<br \/>\nCompatible con caja de cambios: carcasa termopl\u00e1stica duradera con opci\u00f3n de montaje<br \/>\nCompatible con equipo: Los clips internos ajustables garantizan un uso seguro del cintur\u00f3n y la correa.<br \/>\nEspecificaciones<\/p>\n<p>Hoja de acero SK-5<br \/>\nBlade Edge Veff Serraciones\u2122<br \/>\nTratamiento superficial del recubrimiento en polvo de la cuchilla.<\/p>\n<p>Longitud de la hoja: 11,68 cm<br \/>\nGrosor de la hoja 0,40 cm.<br \/>\nLongitud total: 25,71 cm.<br \/>\nPeso 6,30 onzas. (178,60 g)<br \/>\nOTRO<br \/>\nMaterial del mango G10<br \/>\nElegante cuchillo de hoja fija con funda<br \/>\nMaterial de la carcasa Termopl\u00e1stico<\/p>\n<p><iframe title=\"CRKT Clever Girl\u2122 Fixed | Austin McGlaun Design\" width=\"800\" height=\"450\" src=\"https:\/\/www.youtube.com\/embed\/lsooCJ8hItI?feature=oembed\" frameborder=\"0\" allow=\"accelerometer; autoplay; clipboard-write; encrypted-media; gyroscope; picture-in-picture; web-share\" referrerpolicy=\"strict-origin-when-cross-origin\" allowfullscreen><\/iframe><\/p>\n<p>&nbsp;<\/p>\n<p>&nbsp;<\/p>\n","protected":false},"excerpt":{"rendered":"<p>DISE\u00d1ADOR<br \/>\nAustin McGlaun<br \/>\nParque Spring Lake (Minnesota)<br \/>\nHay quienes pelean con cuchillos. Hay otros que los sugieren. Y luego&#8230; est\u00e1 Austin. Despu\u00e9s de servir con la 101. Divisi\u00f3n Aerotransportada en Irak y como polic\u00eda callejero en Columbus, Georgia, sabe que un cuchillo debe funcionar tanto como arma como herramienta. Como parte del programa Forged By War\u00ae, aplic\u00f3 sus habilidades como veterinario de combate y fabricante de cuchillos al desarrollo de Clever Girl\u2122. Sin mencionar una nueva forma de traer a tus camaradas a casa. Cuando le preguntas por su filosof\u00eda de dise\u00f1o, te dice que si un cuchillo es feo pero eficaz, no es feo. Es perfecto.<\/p>\n","protected":false},"featured_media":334340,"comment_status":"open","ping_status":"closed","template":"","meta":[],"pwb-brand":[3765],"product_brand":[],"product_cat":[3727,3726],"product_tag":[3756],"class_list":{"0":"post-334374","1":"product","2":"type-product","3":"status-publish","4":"has-post-thumbnail","6":"pwb-brand-crkt-es","7":"product_cat-cuchillos-macizos","8":"product_cat-cuchillos","9":"product_tag-b2b-es","11":"first","12":"instock","13":"sale","14":"taxable","15":"shipping-taxable","16":"purchasable","17":"product-type-simple"},"brands":[{"id":3765,"name":"CRKT","slug":"crkt-es"}],"_links":{"self":[{"href":"https:\/\/www.moskito.cz\/es\/wp-json\/wp\/v2\/product\/334374","targetHints":{"allow":["GET"]}}],"collection":[{"href":"https:\/\/www.moskito.cz\/es\/wp-json\/wp\/v2\/product"}],"about":[{"href":"https:\/\/www.moskito.cz\/es\/wp-json\/wp\/v2\/types\/product"}],"replies":[{"embeddable":true,"href":"https:\/\/www.moskito.cz\/es\/wp-json\/wp\/v2\/comments?post=334374"}],"wp:featuredmedia":[{"embeddable":true,"href":"https:\/\/www.moskito.cz\/es\/wp-json\/wp\/v2\/media\/334340"}],"wp:attachment":[{"href":"https:\/\/www.moskito.cz\/es\/wp-json\/wp\/v2\/media?parent=334374"}],"wp:term":[{"taxonomy":"pwb-brand","embeddable":true,"href":"https:\/\/www.moskito.cz\/es\/wp-json\/wp\/v2\/pwb-brand?post=334374"},{"taxonomy":"product_brand","embeddable":true,"href":"https:\/\/www.moskito.cz\/es\/wp-json\/wp\/v2\/product_brand?post=334374"},{"taxonomy":"product_cat","embeddable":true,"href":"https:\/\/www.moskito.cz\/es\/wp-json\/wp\/v2\/product_cat?post=334374"},{"taxonomy":"product_tag","embeddable":true,"href":"https:\/\/www.moskito.cz\/es\/wp-json\/wp\/v2\/product_tag?post=334374"}],"curies":[{"name":"wp","href":"https:\/\/api.w.org\/{rel}","templated":true}]}}