{"id":334383,"date":"2022-06-08T10:06:35","date_gmt":"2024-04-18T06:12:31","guid":{"rendered":"https:\/\/www.moskito.cz\/produkt\/navaja-fija-boker-plus-boker-plus-v-42\/"},"modified":"2025-05-07T11:11:57","modified_gmt":"2025-05-07T10:11:57","slug":"navaja-fija-boker-plus-boker-plus-v-42","status":"publish","type":"product","link":"https:\/\/www.moskito.cz\/es\/produkt\/navaja-fija-boker-plus-boker-plus-v-42\/","title":{"rendered":"Navaja Fija B\u00f6ker Plus B\u00f6ker Plus V-42"},"content":{"rendered":"<p>Navaja Fija <strong>B\u00f6ker<\/strong> Plus B\u00f6ker Plus V-42.<\/p>\n<p>La Brigada del Diablo se form\u00f3 en julio de 1942. Bajo el nombre oficial 1. En esta unidad de servicios especiales, soldados estadounidenses y canadienses se unieron para formar un grupo de trabajo especial entrenado para luchar detr\u00e1s de las l\u00edneas enemigas. Los or\u00edgenes de muchas fuerzas especiales se remontan a esta fuerza especial. Debido a las numerosas operaciones nocturnas en las que se ocultaban todos los rostros para camuflarse, la Wehrmacht alemana acu\u00f1\u00f3 el sobrenombre de Diablos Negros, lo que atestiguaba el gran respeto que ten\u00edan por su enemigo, a pesar de que la unidad era relativamente peque\u00f1a. En los a\u00f1os 1943 y 1944 1. La SSF complet\u00f3 con \u00e9xito muchas operaciones en Italia y Francia y pudo influir en varias situaciones importantes.<\/p>\n<p>Una parte importante del equipamiento de la Brigada del Diablo era el cuchillo de combate V-42 especialmente dise\u00f1ado, que tambi\u00e9n formaba parte del entrenamiento intensivo de combate cuerpo a cuerpo. El mango de los discos de cuero prensado termina en una tapa puntiaguda. El grueso acolchado de cuero debajo de la cabeza ligeramente curvada debe haber evitado lesiones. La hoja de doble filo hecha de acero al carbono inoxidable SK-85 est\u00e1 recubierta y tiene un apoyo para el pulgar ondulado alrededor de la zona del ricasso. Esta daga legendaria todav\u00eda est\u00e1 decorada con las insignias de las fuerzas especiales del ej\u00e9rcito estadounidense.<\/p>\n<p>Esta exclusiva pieza de colecci\u00f3n no s\u00f3lo viene con una cl\u00e1sica funda de cuero, sino tambi\u00e9n con una r\u00e9plica de la insignia de tela de la unidad, que es una punta de lanza roja, y con una reproducci\u00f3n de la pegatina original alemana con el texto \u00ab\u00a1Lo peor est\u00e1 por venir! \u00bb \u00ab. Adem\u00e1s, muestra la etiqueta 1. FES que antiguamente se pegaban en paredes, coches, puertas, etc. detr\u00e1s de las l\u00edneas enemigas para desmoralizar al enemigo. \u00a1Un conjunto coleccionable premium no s\u00f3lo para los amantes de la historia militar!<\/p>\n<p>Tipo: Hoja fija<br \/>\nLongitud total: 30,40 cm.<br \/>\nLongitud de la hoja: 17,80 cm<br \/>\nGrosor de la hoja: 5,00 mm<br \/>\nPeso: 196,00 gramos<br \/>\nMaterial de la hoja: SK-85<br \/>\nMaterial del mango: Cuero<br \/>\nColor marr\u00f3n<br \/>\nColor de la hoja: Negro<br \/>\nMaterial de la carcasa: cuero<br \/>\nN\u00famero de art\u00edculo: 02BO047<\/p>\n<p>&nbsp;<\/p>\n","protected":false},"excerpt":{"rendered":"<p>La daga de combate <strong>V-42<\/strong> se hizo famosa al servicio de la unidad aliada estadounidense-canadiense Devil&#8217;s Brigade.<\/p>\n","protected":false},"featured_media":334386,"comment_status":"open","ping_status":"closed","template":"","meta":[],"pwb-brand":[3800],"product_brand":[],"product_cat":[3726,3727],"product_tag":[3756],"class_list":{"0":"post-334383","1":"product","2":"type-product","3":"status-publish","4":"has-post-thumbnail","6":"pwb-brand-boker-es","7":"product_cat-cuchillos","8":"product_cat-cuchillos-macizos","9":"product_tag-b2b-es","11":"first","12":"outofstock","13":"taxable","14":"shipping-taxable","15":"purchasable","16":"product-type-simple"},"brands":[{"id":3800,"name":"B\u00f3ker","slug":"boker-es"}],"_links":{"self":[{"href":"https:\/\/www.moskito.cz\/es\/wp-json\/wp\/v2\/product\/334383","targetHints":{"allow":["GET"]}}],"collection":[{"href":"https:\/\/www.moskito.cz\/es\/wp-json\/wp\/v2\/product"}],"about":[{"href":"https:\/\/www.moskito.cz\/es\/wp-json\/wp\/v2\/types\/product"}],"replies":[{"embeddable":true,"href":"https:\/\/www.moskito.cz\/es\/wp-json\/wp\/v2\/comments?post=334383"}],"wp:featuredmedia":[{"embeddable":true,"href":"https:\/\/www.moskito.cz\/es\/wp-json\/wp\/v2\/media\/334386"}],"wp:attachment":[{"href":"https:\/\/www.moskito.cz\/es\/wp-json\/wp\/v2\/media?parent=334383"}],"wp:term":[{"taxonomy":"pwb-brand","embeddable":true,"href":"https:\/\/www.moskito.cz\/es\/wp-json\/wp\/v2\/pwb-brand?post=334383"},{"taxonomy":"product_brand","embeddable":true,"href":"https:\/\/www.moskito.cz\/es\/wp-json\/wp\/v2\/product_brand?post=334383"},{"taxonomy":"product_cat","embeddable":true,"href":"https:\/\/www.moskito.cz\/es\/wp-json\/wp\/v2\/product_cat?post=334383"},{"taxonomy":"product_tag","embeddable":true,"href":"https:\/\/www.moskito.cz\/es\/wp-json\/wp\/v2\/product_tag?post=334383"}],"curies":[{"name":"wp","href":"https:\/\/api.w.org\/{rel}","templated":true}]}}