{"id":334422,"date":"2021-09-22T22:25:23","date_gmt":"2024-04-18T13:34:10","guid":{"rendered":"https:\/\/www.moskito.cz\/produkt\/cuchillo-de-cierre-adv-tactical-barlow-slipjoint-n690\/"},"modified":"2025-05-07T11:11:59","modified_gmt":"2025-05-07T10:11:59","slug":"cuchillo-de-cierre-adv-tactical-barlow-slipjoint-n690","status":"publish","type":"product","link":"https:\/\/www.moskito.cz\/es\/produkt\/cuchillo-de-cierre-adv-tactical-barlow-slipjoint-n690\/","title":{"rendered":"Cuchillo de Cierre ADV Tactical Barlow Slipjoint N690"},"content":{"rendered":"<p>Navaja de Cierre <strong>ADV Tactical<\/strong> Barlow Slipjoint N690.<\/p>\n<p>El Barlow es un cuchillo para juntas deslizantes de Andre De Villiers con un perfil muy en forma de daga. La delgada hoja del gatillo tiene un clavo largo para facilitar la apertura y un medio tope para un cierre suave. Tiene unas bonitas tres pulgadas de largo, que es el m\u00e1ximo permitido en muchos lugares para cuchillos con y sin bloqueo, lo que demuestra que ADV sabe exactamente lo que est\u00e1 haciendo. El mango tiene una forma de l\u00e1grima suave con un \u00e1rea protectora para los dedos extendida que conduce a la hoja, lo que hace que este cuchillo sea muy f\u00e1cil de indexar. Est\u00e1 fabricado en acero inoxidable reforzado con diferentes materiales de escala e inserto y pasadores de lat\u00f3n. Se siente s\u00f3lido como una roca y el contorno hace que sea f\u00e1cil de poner y sacar del bolsillo. Incluso podr\u00edas olvidar que es una junta deslizante porque se siente muy s\u00f3lida al usarla y no se parece a la t\u00edpica carpeta sin bloqueo.<\/p>\n<p>Especificaciones<br \/>\nLongitud de la hoja: 7,5 cm<br \/>\nLongitud total: 17 cm<br \/>\nMaterial de la hoja: acero inoxidable N690<br \/>\nEstilo de hoja: Punto de ca\u00edda<br \/>\nRectificado de la hoja: Plano<br \/>\nTratamiento superficial de la hoja: satinado.<br \/>\nMaterial del mango: acero inoxidable reforzado con cachas de \u00e9bano<br \/>\nMaterial de inserci\u00f3n: acero inoxidable<br \/>\nMecanismo de bloqueo: junta deslizante, medio tope<br \/>\nConjunto de pasador: Arandelas<br \/>\nClip de bolsillo: Ninguno<br \/>\nMaterial de la caja: funda de nailon<br \/>\nPeso: 2,9 onzas.<br \/>\nDise\u00f1ador: Andr\u00e9 De Villiers<br \/>\nEscudo y pasadores de lat\u00f3n.<br \/>\nHecho en Sud\u00e1frica<\/p>\n<p>La Barlow es una carpeta delgada con juntas deslizantes de Andre De Villiers con un perfil muy parecido a una daga. La hoja delgada con punta de ca\u00edda tiene una muesca larga para una f\u00e1cil apertura y un medio tope de seguridad para un cierre sin preocupaciones. Tiene una bonita longitud de tres pulgadas, que es el m\u00e1ximo permitido en muchas localidades para hojas con y sin bloqueo, lo que demuestra que ADV sabe exactamente lo que est\u00e1 haciendo. El mango tiene forma de l\u00e1grima suave con un \u00e1rea protectora para los dedos acampanada que conduce a la hoja, lo que hace que este cuchillo sea muy f\u00e1cil de indexar. Est\u00e1 hecho de acero inoxidable reforzado con varios materiales de escala de mango y una incrustaci\u00f3n de escudo de lat\u00f3n y pasadores. Se siente s\u00f3lido como una roca y el contorno le permite deslizarse dentro y fuera del bolsillo con facilidad. Incluso puede olvidar que se trata de una junta deslizante, ya que se siente muy s\u00f3lida durante el uso y no se parece a la t\u00edpica carpeta sin bloqueo. El ADV Barlow es un impresionante cuchillo vers\u00e1til y eso es todo.<\/p>\n<p>Especificaciones<br \/>\nLongitud de la hoja: 3.00&#8243;<br \/>\nFilo: 2,75&#8243;<br \/>\nLongitud cerrada: 3.80&#8243;<br \/>\nLongitud total: 6.80&#8243;<br \/>\nMaterial de la hoja: acero inoxidable N690<br \/>\nGrosor de la hoja: 0,134&#8243;<br \/>\nEstilo de hoja: Punto de ca\u00edda<br \/>\nRectificado de la hoja: Plano<br \/>\nAcabado de la hoja: Sat\u00e9n<br \/>\nMaterial del mango: acero inoxidable reforzado con cachas de madera de \u00e9bano<br \/>\nGrosor del mango: 0,51&#8243;<br \/>\nMaterial del revestimiento: acero inoxidable<br \/>\nMecanismo de bloqueo: junta deslizante, medio tope<br \/>\nConjunto de pivote: Arandelas<br \/>\nClip de bolsillo: Ninguno<br \/>\nMaterial de la funda: bolsa de nailon<br \/>\nPeso: 2,9 onzas.<br \/>\nDise\u00f1ador: Andr\u00e9 De Villiers<br \/>\nEscudo y pasadores de lat\u00f3n<br \/>\nHecho en Sud\u00e1frica<\/p>\n","protected":false},"excerpt":{"rendered":"<p>Andre de Villiers , fundador de ADV Tactical de Sud\u00e1frica, se dedica a fabricar cuchillos a tiempo completo desde 1990.<\/p>\n<p><strong>Este cuchillo es un Barlow<\/strong> <strong>, \u00a1uno debe ser tuyo!<\/strong><\/p>\n","protected":false},"featured_media":334430,"comment_status":"open","ping_status":"closed","template":"","meta":[],"pwb-brand":[3823],"product_brand":[],"product_cat":[3730,3726],"product_tag":[],"class_list":{"0":"post-334422","1":"product","2":"type-product","3":"status-publish","4":"has-post-thumbnail","6":"pwb-brand-andre-de-villiers-es","7":"product_cat-cuchillas-de-cierre","8":"product_cat-cuchillos","10":"first","11":"outofstock","12":"taxable","13":"shipping-taxable","14":"purchasable","15":"product-type-simple"},"brands":[{"id":3823,"name":"Andr\u00e9 De Villiers","slug":"andre-de-villiers-es"}],"_links":{"self":[{"href":"https:\/\/www.moskito.cz\/es\/wp-json\/wp\/v2\/product\/334422","targetHints":{"allow":["GET"]}}],"collection":[{"href":"https:\/\/www.moskito.cz\/es\/wp-json\/wp\/v2\/product"}],"about":[{"href":"https:\/\/www.moskito.cz\/es\/wp-json\/wp\/v2\/types\/product"}],"replies":[{"embeddable":true,"href":"https:\/\/www.moskito.cz\/es\/wp-json\/wp\/v2\/comments?post=334422"}],"wp:featuredmedia":[{"embeddable":true,"href":"https:\/\/www.moskito.cz\/es\/wp-json\/wp\/v2\/media\/334430"}],"wp:attachment":[{"href":"https:\/\/www.moskito.cz\/es\/wp-json\/wp\/v2\/media?parent=334422"}],"wp:term":[{"taxonomy":"pwb-brand","embeddable":true,"href":"https:\/\/www.moskito.cz\/es\/wp-json\/wp\/v2\/pwb-brand?post=334422"},{"taxonomy":"product_brand","embeddable":true,"href":"https:\/\/www.moskito.cz\/es\/wp-json\/wp\/v2\/product_brand?post=334422"},{"taxonomy":"product_cat","embeddable":true,"href":"https:\/\/www.moskito.cz\/es\/wp-json\/wp\/v2\/product_cat?post=334422"},{"taxonomy":"product_tag","embeddable":true,"href":"https:\/\/www.moskito.cz\/es\/wp-json\/wp\/v2\/product_tag?post=334422"}],"curies":[{"name":"wp","href":"https:\/\/api.w.org\/{rel}","templated":true}]}}