{"id":334432,"date":"2021-09-28T11:04:40","date_gmt":"2024-04-18T13:35:44","guid":{"rendered":"https:\/\/www.moskito.cz\/produkt\/cuchillo-de-cierre-sog-flare\/"},"modified":"2025-05-07T11:11:59","modified_gmt":"2025-05-07T10:11:59","slug":"cuchillo-de-cierre-sog-flare","status":"publish","type":"product","link":"https:\/\/www.moskito.cz\/es\/produkt\/cuchillo-de-cierre-sog-flare\/","title":{"rendered":"Cuchillo de cierre SOG FLARE"},"content":{"rendered":"<p>Nuestra historia comienza en Vietnam, donde los miembros de la fuerza de operaciones especiales ultrasecreta de Estados Unidos, conocida como MACV &#8211; <strong>SOG<\/strong> , llevaron un cuchillo secreto \u00fanico a la jungla en misiones encubiertas. Unos a\u00f1os m\u00e1s tarde, en 1986, este cuchillo inspir\u00f3 a un joven dise\u00f1ador llamado Spencer Frazer a fundar <strong>SOG<\/strong> Specialty Knives. Su misi\u00f3n: reproducir el cuchillo <strong>SOG<\/strong> Bowie original y rendir homenaje a la unidad de operaciones especiales que lo cre\u00f3. Lo que comenz\u00f3 como un \u00fanico modelo conmemorativo pronto se convirti\u00f3 en toda una l\u00ednea de herramientas innovadoras, probadas por las Fuerzas Especiales de EE. UU., incluso premiadas como el cuchillo preferido de los Navy SEAL. Hoy en d\u00eda, los cuchillos SOG se usan con confianza en las situaciones m\u00e1s exigentes. Forjado a partir de la tradici\u00f3n, endurecido en el campo, archivado para ti.<\/p>\n<p>Ya sea que est\u00e9s protegiendo a otros o liderando una expedici\u00f3n de caza \u00e9pica, afrontando uno de los desaf\u00edos cotidianos de la vida o afrontando las condiciones m\u00e1s extremas hasta el momento, sigue tu camino con <strong>SOG<\/strong> .<\/p>\n<p>Cuchillo de cierre <strong>SOG<\/strong> FLARE.<\/p>\n<p>Si est\u00e1 buscando una excelente navaja plegable, no busque m\u00e1s que el Flare Assistant. Con nuestro sistema de apertura patentado con tecnolog\u00eda asistida SOG (SAT), el Flare se abre con autoridad. Un mango liviano pero resistente de nailon reforzado con vidrio (GRN) y una hoja con clip brindan durabilidad y versatilidad. El Flare es muy delgado y tambi\u00e9n cuenta con nuestro caracter\u00edstico clip de bolsillo de doble cara, para que puedas llevarlo con seguridad a cualquier lugar.<\/p>\n<p>LARGO DE LA HOJA: 8,5 cm<br \/>\nTIPO DE PRODUCTO : Navaja plegable<br \/>\nTIPO DE HEBILLA DEL CINTUR\u00d3N: Fija<br \/>\nACABADOS : Sat\u00e9n pulido<br \/>\nTIPO DE BORDE : Recto<br \/>\nFORMA DE LA HOJA: Punta de clip<br \/>\nDUREZA : RC 54-58<br \/>\nCOLOR DEL MANGO: Negro<\/p>\n<p><iframe title=\"SOG Flare\" width=\"800\" height=\"450\" src=\"https:\/\/www.youtube.com\/embed\/sN9VjcMTNFg?feature=oembed\" frameborder=\"0\" allow=\"accelerometer; autoplay; clipboard-write; encrypted-media; gyroscope; picture-in-picture; web-share\" referrerpolicy=\"strict-origin-when-cross-origin\" allowfullscreen><\/iframe><\/p>\n<p>&nbsp;<\/p>\n<p>Si est\u00e1 buscando una gran navaja plegable, no busque m\u00e1s que la asistencia Flare. Con nuestro sistema de apertura patentado con tecnolog\u00eda asistida por SOG (SAT), el Flare se abre con autoridad. El mango liviano pero resistente de nailon reforzado con vidrio (GRN) y una hoja con punta de clip que brindan durabilidad y versatilidad. El Flare es muy delgado y tambi\u00e9n incluye nuestro caracter\u00edstico clip de bolsillo reversible de bajo alcance, para que puedas llevarlo a todas partes con confianza.<\/p>\n<p>&nbsp;<\/p>\n","protected":false},"excerpt":{"rendered":"<p>Ya sea que est\u00e9s protegiendo a otros o liderando una expedici\u00f3n de caza \u00e9pica, afrontando uno de los desaf\u00edos cotidianos de la vida o afrontando las condiciones m\u00e1s extremas hasta el momento, sigue tu camino con <strong>SOG<\/strong> .<\/p>\n<p><strong>\u00a1Ofrecemos una garant\u00eda de por vida en todos los cuchillos SOG!<\/strong><\/p>\n","protected":false},"featured_media":334433,"comment_status":"open","ping_status":"closed","template":"","meta":[],"pwb-brand":[3848],"product_brand":[],"product_cat":[3730,3726],"product_tag":[3756],"class_list":{"0":"post-334432","1":"product","2":"type-product","3":"status-publish","4":"has-post-thumbnail","6":"pwb-brand-sog-es","7":"product_cat-cuchillas-de-cierre","8":"product_cat-cuchillos","9":"product_tag-b2b-es","11":"first","12":"instock","13":"taxable","14":"shipping-taxable","15":"purchasable","16":"product-type-simple"},"brands":[{"id":3848,"name":"SOG","slug":"sog-es"}],"_links":{"self":[{"href":"https:\/\/www.moskito.cz\/es\/wp-json\/wp\/v2\/product\/334432","targetHints":{"allow":["GET"]}}],"collection":[{"href":"https:\/\/www.moskito.cz\/es\/wp-json\/wp\/v2\/product"}],"about":[{"href":"https:\/\/www.moskito.cz\/es\/wp-json\/wp\/v2\/types\/product"}],"replies":[{"embeddable":true,"href":"https:\/\/www.moskito.cz\/es\/wp-json\/wp\/v2\/comments?post=334432"}],"wp:featuredmedia":[{"embeddable":true,"href":"https:\/\/www.moskito.cz\/es\/wp-json\/wp\/v2\/media\/334433"}],"wp:attachment":[{"href":"https:\/\/www.moskito.cz\/es\/wp-json\/wp\/v2\/media?parent=334432"}],"wp:term":[{"taxonomy":"pwb-brand","embeddable":true,"href":"https:\/\/www.moskito.cz\/es\/wp-json\/wp\/v2\/pwb-brand?post=334432"},{"taxonomy":"product_brand","embeddable":true,"href":"https:\/\/www.moskito.cz\/es\/wp-json\/wp\/v2\/product_brand?post=334432"},{"taxonomy":"product_cat","embeddable":true,"href":"https:\/\/www.moskito.cz\/es\/wp-json\/wp\/v2\/product_cat?post=334432"},{"taxonomy":"product_tag","embeddable":true,"href":"https:\/\/www.moskito.cz\/es\/wp-json\/wp\/v2\/product_tag?post=334432"}],"curies":[{"name":"wp","href":"https:\/\/api.w.org\/{rel}","templated":true}]}}