{"id":334495,"date":"2022-02-20T11:07:20","date_gmt":"2024-04-18T13:58:38","guid":{"rendered":"https:\/\/www.moskito.cz\/produkt\/cuchillo-de-cierre-sog-seal-xr-usa-made\/"},"modified":"2025-05-07T11:12:00","modified_gmt":"2025-05-07T10:12:00","slug":"cuchillo-de-cierre-sog-seal-xr-usa-made","status":"publish","type":"product","link":"https:\/\/www.moskito.cz\/es\/produkt\/cuchillo-de-cierre-sog-seal-xr-usa-made\/","title":{"rendered":"Cuchillo de cierre SOG SEAL XR USA MADE"},"content":{"rendered":"<p>Nuestra historia comienza en Vietnam, donde los miembros de la fuerza de operaciones especiales ultrasecreta de Estados Unidos, conocida como MACV &#8211; <strong>SOG<\/strong> , llevaron un cuchillo secreto \u00fanico a la jungla en misiones encubiertas. A\u00f1os m\u00e1s tarde, en 1986, este cuchillo inspir\u00f3 a un joven dise\u00f1ador llamado Spencer Frazer a fundar SOG Specialty Knives. Su misi\u00f3n: reproducir el cuchillo <strong>SOG<\/strong> Bowie original y rendir homenaje a la unidad de operaciones especiales que lo cre\u00f3. Lo que comenz\u00f3 como un \u00fanico modelo conmemorativo pronto se convirti\u00f3 en toda una l\u00ednea de herramientas innovadoras, probadas por las Fuerzas Especiales de EE. UU., incluso premiadas como el cuchillo preferido de los Navy SEAL. Hoy en d\u00eda, los cuchillos SOG se usan con confianza en las situaciones m\u00e1s exigentes. Forjado a partir de la tradici\u00f3n, endurecido en el campo, archivado para ti.<\/p>\n<p>Ya sea que est\u00e9s protegiendo a otros o liderando una expedici\u00f3n de caza \u00e9pica, afrontando uno de los desaf\u00edos cotidianos de la vida o afrontando las condiciones m\u00e1s extremas hasta el momento, sigue tu camino con <strong>SOG<\/strong> .<\/p>\n<p>Cuchillo de cierre <strong>SOG SEAL XR USA MADE<\/strong> .<\/p>\n<p>Un cuchillo de cierre fabricado exclusivamente en EE. UU. Dise\u00f1ado y optimizado en consulta con usuarios profesionales. La SEAL XR proporciona la sensaci\u00f3n y la funcionalidad de una navaja SEAL en forma de navaja de bolsillo de gran formato. Fabricado con acero GRN y S35VN, el SEAL XR es un cuchillo extremadamente duradero con alta resistencia a la corrosi\u00f3n y retenci\u00f3n de bordes. Un dise\u00f1o totalmente reversible, las cerraduras SEAL XR se abren con un candado XR seguro. Uno de los mejores cuchillos t\u00e1cticos que existen.<\/p>\n<p>En situaciones de vida o muerte, el SEAL XR resulta \u00fatil. Ha sido desarrollado, probado y perfeccionado por operadores profesionales en algunas de las bases m\u00e1s inh\u00f3spitas y peligrosas del mundo.<\/p>\n<p>Navaja de gran formato para usuarios profesionales. Cuenta con apertura r\u00e1pida por ambos lados, punto de tope del mango GRN y acero S35VN de fabricaci\u00f3n americana.<\/p>\n<p>DISE\u00d1O AMBIDEXTER<br \/>\nApertura suave y r\u00e1pida con una sola mano con tres m\u00e9todos de apertura: orificio para el pulgar, bloqueo XR y patada.<\/p>\n<p>BLOQUEO XR<br \/>\nFiable y potente, capaz de soportar hasta 1500 libras de fuerza, proporciona la m\u00e1xima seguridad de la hoja integrada al abrirse, garantizando que solo se abra cuando est\u00e1 previsto.<\/p>\n<p>ACERO S35VN<br \/>\nCPM-S35VN es un acero fabricado en EE. UU. que ofrece dureza mejorada, mejor retenci\u00f3n de la hoja, mayor resistencia al desgaste y a la rotura de la hoja mientras mantiene la facilidad de afilado.<\/p>\n<p>LARGO CERRADO: 13,3 cm<br \/>\nGRABABLE : S\u00ed<br \/>\nLONGITUD DE LA HOJA: 9,8 cm<br \/>\nPA\u00cdS DE ORIGEN : EE.UU.<br \/>\nMECANISMO DE BLOQUEO: XR<br \/>\nMECANISMO DE APERTURA: XR, orificio para el pulgar, patada<br \/>\nTIPO DE CLIP PARA CINTUR\u00d3N: Reversible de transporte bajo<br \/>\nACABADOS : Cerakote negro<br \/>\nTIPO DE BORDE : Parcialmente dentado<br \/>\nTIPO DE HOJA DE ACERO: S35VN<br \/>\nDUREZA : Rc. 59-61<br \/>\nMATERIAL DEL MANGO: Nylon reforzado con vidrio<br \/>\nCOLOR DEL MANGO: Negro<\/p>\n<p><iframe title=\"Seal XR\" width=\"800\" height=\"450\" src=\"https:\/\/www.youtube.com\/embed\/In0_XwMsm8M?feature=oembed\" frameborder=\"0\" allow=\"accelerometer; autoplay; clipboard-write; encrypted-media; gyroscope; picture-in-picture; web-share\" referrerpolicy=\"strict-origin-when-cross-origin\" allowfullscreen><\/iframe><\/p>\n<p>&nbsp;<\/p>\n","protected":false},"excerpt":{"rendered":"<p>Ya sea que est\u00e9s protegiendo a otros o liderando una expedici\u00f3n de caza \u00e9pica, afrontando uno de los desaf\u00edos cotidianos de la vida o afrontando las condiciones m\u00e1s extremas hasta el momento, sigue tu camino con <strong>SOG<\/strong> .<\/p>\n<p><strong>\u00a1Ofrecemos una garant\u00eda de por vida en todos los cuchillos SOG!<\/strong><\/p>\n<p><strong>Transporte gratuito.<\/strong><\/p>\n","protected":false},"featured_media":334496,"comment_status":"open","ping_status":"closed","template":"","meta":[],"pwb-brand":[3848],"product_brand":[],"product_cat":[3730,3726],"product_tag":[3756],"class_list":{"0":"post-334495","1":"product","2":"type-product","3":"status-publish","4":"has-post-thumbnail","6":"pwb-brand-sog-es","7":"product_cat-cuchillas-de-cierre","8":"product_cat-cuchillos","9":"product_tag-b2b-es","11":"first","12":"instock","13":"taxable","14":"shipping-taxable","15":"purchasable","16":"product-type-simple"},"brands":[{"id":3848,"name":"SOG","slug":"sog-es"}],"_links":{"self":[{"href":"https:\/\/www.moskito.cz\/es\/wp-json\/wp\/v2\/product\/334495","targetHints":{"allow":["GET"]}}],"collection":[{"href":"https:\/\/www.moskito.cz\/es\/wp-json\/wp\/v2\/product"}],"about":[{"href":"https:\/\/www.moskito.cz\/es\/wp-json\/wp\/v2\/types\/product"}],"replies":[{"embeddable":true,"href":"https:\/\/www.moskito.cz\/es\/wp-json\/wp\/v2\/comments?post=334495"}],"wp:featuredmedia":[{"embeddable":true,"href":"https:\/\/www.moskito.cz\/es\/wp-json\/wp\/v2\/media\/334496"}],"wp:attachment":[{"href":"https:\/\/www.moskito.cz\/es\/wp-json\/wp\/v2\/media?parent=334495"}],"wp:term":[{"taxonomy":"pwb-brand","embeddable":true,"href":"https:\/\/www.moskito.cz\/es\/wp-json\/wp\/v2\/pwb-brand?post=334495"},{"taxonomy":"product_brand","embeddable":true,"href":"https:\/\/www.moskito.cz\/es\/wp-json\/wp\/v2\/product_brand?post=334495"},{"taxonomy":"product_cat","embeddable":true,"href":"https:\/\/www.moskito.cz\/es\/wp-json\/wp\/v2\/product_cat?post=334495"},{"taxonomy":"product_tag","embeddable":true,"href":"https:\/\/www.moskito.cz\/es\/wp-json\/wp\/v2\/product_tag?post=334495"}],"curies":[{"name":"wp","href":"https:\/\/api.w.org\/{rel}","templated":true}]}}