{"id":334633,"date":"2022-04-26T21:34:21","date_gmt":"2024-04-18T14:39:07","guid":{"rendered":"https:\/\/www.moskito.cz\/produkt\/cuchillo-solido-sog-gambit\/"},"modified":"2025-05-07T11:12:02","modified_gmt":"2025-05-07T10:12:02","slug":"cuchillo-solido-sog-gambit","status":"publish","type":"product","link":"https:\/\/www.moskito.cz\/es\/produkt\/cuchillo-solido-sog-gambit\/","title":{"rendered":"Cuchillo S\u00f3lido SOG GAMBIT"},"content":{"rendered":"<p>Cuchillo Macizo <strong>SOG<\/strong> GAMBIT.<\/p>\n<p>Una hoja s\u00f3lida dise\u00f1ada para manejar m\u00faltiples usos, incluida la protecci\u00f3n personal, tareas de servicios p\u00fablicos y m\u00e1s, el SOG Gambit est\u00e1 dise\u00f1ado para funcionar en todas las circunstancias. El mango ergon\u00f3mico \u00fanico, que es c\u00f3modo tanto en agarre hacia adelante como hacia atr\u00e1s, se sujeta mediante el dise\u00f1o de hoja completa para mayor resistencia. La hoja con forma de garra de 2,6 pulgadas ofrece capacidades adicionales de enganche, rasgado y rasgado. Gambit viene con un estuche de nailon resistente para facilitar su transporte. Hist\u00f3ricamente, este estilo de espada estaba destinado a uso agr\u00edcola y de autodefensa. Aunque todav\u00eda se utiliza para estos fines, tambi\u00e9n es ideal para uso en exteriores.<\/p>\n<p>Funda de nailon moldeado resistente con clip para cintur\u00f3n\/zapato, puntos de sujeci\u00f3n para cintur\u00f3n y cord\u00f3n para m\u00faltiples opciones de transporte.<\/p>\n<p>Uso vers\u00e1til que incluye protecci\u00f3n personal, tareas \u00fatiles y mucho m\u00e1s<\/p>\n<p>Longitud total: 185 mm, Peso: 79 g. Longitud de la hoja: 66 mm<\/p>\n<p>&nbsp;<\/p>\n","protected":false},"excerpt":{"rendered":"<p>Ya sea que est\u00e9s protegiendo a otros o liderando una expedici\u00f3n de caza \u00e9pica, afrontando uno de los desaf\u00edos cotidianos de la vida o afrontando las condiciones m\u00e1s extremas hasta el momento, sigue tu camino con <strong>SOG<\/strong> .<\/p>\n<p><strong>\u00a1Ofrecemos una garant\u00eda de por vida en todos los cuchillos SOG!<\/strong><\/p>\n","protected":false},"featured_media":334634,"comment_status":"open","ping_status":"closed","template":"","meta":[],"pwb-brand":[3848],"product_brand":[],"product_cat":[3726,3727],"product_tag":[3756],"class_list":{"0":"post-334633","1":"product","2":"type-product","3":"status-publish","4":"has-post-thumbnail","6":"pwb-brand-sog-es","7":"product_cat-cuchillos","8":"product_cat-cuchillos-macizos","9":"product_tag-b2b-es","11":"first","12":"outofstock","13":"taxable","14":"shipping-taxable","15":"purchasable","16":"product-type-simple"},"brands":[{"id":3848,"name":"SOG","slug":"sog-es"}],"_links":{"self":[{"href":"https:\/\/www.moskito.cz\/es\/wp-json\/wp\/v2\/product\/334633","targetHints":{"allow":["GET"]}}],"collection":[{"href":"https:\/\/www.moskito.cz\/es\/wp-json\/wp\/v2\/product"}],"about":[{"href":"https:\/\/www.moskito.cz\/es\/wp-json\/wp\/v2\/types\/product"}],"replies":[{"embeddable":true,"href":"https:\/\/www.moskito.cz\/es\/wp-json\/wp\/v2\/comments?post=334633"}],"wp:featuredmedia":[{"embeddable":true,"href":"https:\/\/www.moskito.cz\/es\/wp-json\/wp\/v2\/media\/334634"}],"wp:attachment":[{"href":"https:\/\/www.moskito.cz\/es\/wp-json\/wp\/v2\/media?parent=334633"}],"wp:term":[{"taxonomy":"pwb-brand","embeddable":true,"href":"https:\/\/www.moskito.cz\/es\/wp-json\/wp\/v2\/pwb-brand?post=334633"},{"taxonomy":"product_brand","embeddable":true,"href":"https:\/\/www.moskito.cz\/es\/wp-json\/wp\/v2\/product_brand?post=334633"},{"taxonomy":"product_cat","embeddable":true,"href":"https:\/\/www.moskito.cz\/es\/wp-json\/wp\/v2\/product_cat?post=334633"},{"taxonomy":"product_tag","embeddable":true,"href":"https:\/\/www.moskito.cz\/es\/wp-json\/wp\/v2\/product_tag?post=334633"}],"curies":[{"name":"wp","href":"https:\/\/api.w.org\/{rel}","templated":true}]}}