{"id":334704,"date":"2023-03-13T23:43:51","date_gmt":"2023-03-13T22:43:51","guid":{"rendered":"https:\/\/www.moskito.cz\/produkt\/cuchillo-macizo-sog-tellus-fx-olive-drab\/"},"modified":"2025-05-07T11:12:06","modified_gmt":"2025-05-07T10:12:06","slug":"cuchillo-macizo-sog-tellus-fx-olive-drab","status":"publish","type":"product","link":"https:\/\/www.moskito.cz\/es\/produkt\/cuchillo-macizo-sog-tellus-fx-olive-drab\/","title":{"rendered":"Cuchillo Macizo SOG TELLUS FX OLIVE DRAB"},"content":{"rendered":"<p>Cuchillo Macizo <strong>SOG<\/strong> TELLUS FX OLIVE DRAB<\/p>\n<p>La hoja CYRO 440C de cara completa con un hombro ancho sirve como columna vertebral de este poderoso cuchillo. El mango GRN es f\u00e1cil de manejar para una amplia gama de tareas de artesan\u00eda, incluso cuando est\u00e1 mojado. La funda proporciona flexibilidad sobre c\u00f3mo y d\u00f3nde se puede transportar el cuchillo de forma segura. Incluye estuche ajustable compatible con UMS.<\/p>\n<p><strong>En casa en el bosque o en el campo.<\/strong><br \/>\nEl Tellus FX de tama\u00f1o completo es un cuchillo de hoja fija confiable y de alto valor.<\/p>\n<p><strong>HOJA S\u00d3LIDA A UN PRECIO RAZONABLE<\/strong><br \/>\nLa hoja de acero inoxidable CYRO 440C con mango GRN y funda UMS completan las caracter\u00edsticas de este cuchillo de hoja fija muy capaz.<\/p>\n<p><strong>CYRO 440C INOXIDABLE<\/strong><br \/>\nEl acero inoxidable CRYO 440C tiene la combinaci\u00f3n perfecta de excelente resistencia a la corrosi\u00f3n y al desgaste necesaria para un cuchillo dise\u00f1ado para uso duro en exteriores. El acabado Stonewashed ofrece una mayor resistencia a la corrosi\u00f3n y oculta los rayones para que su cuchillo mantenga un excelente aspecto.<\/p>\n<p><strong>MANGO VERDE<\/strong><br \/>\nEl nailon es un material popular para los mangos de cuchillos debido a su resistencia, resistencia al impacto, inercia qu\u00edmica y estabilidad a altas temperaturas. Todas estas propiedades se mejoran en Tellus FX al agregar fibras de vidrio al nailon para crear un material nuevo y a\u00fan m\u00e1s duradero, el nailon reforzado con fibra de vidrio (GRN).<\/p>\n<p><strong>VIVIENDA COMPATIBLE CON UMS<\/strong><br \/>\nLa funda incorpora las mejores partes del sistema de montaje universal de SOG, lo que permite un transporte seguro y personalizado en una amplia gama de aventuras al aire libre.<\/p>\n<p>ACERO: CRYO 440 (9Cr18MoV)<br \/>\nMATERIAL DE LA CAJA: PP<br \/>\nPESO: 191 gramos<br \/>\nColor naranja<br \/>\nLARGO DE LA HOJA: 10,8 cm<br \/>\nTAMA\u00d1O TOTAL: 22,9 cm<br \/>\nMATERIAL DEL MANGO: VERDE<br \/>\nGROSOR DE LA HOJA: 3,8 mm<\/p>\n<p>&nbsp;<\/p>\n","protected":false},"excerpt":{"rendered":"<p><strong>Tellus FX: un cuchillo con una hoja s\u00f3lida y un filo liso. El cuchillo de trabajo definitivo. Puedes encontrar su aplicaci\u00f3n en la naturaleza.<\/strong><\/p>\n","protected":false},"featured_media":334705,"comment_status":"open","ping_status":"closed","template":"","meta":[],"pwb-brand":[3848],"product_brand":[],"product_cat":[3727,3726],"product_tag":[3756],"class_list":{"0":"post-334704","1":"product","2":"type-product","3":"status-publish","4":"has-post-thumbnail","6":"pwb-brand-sog-es","7":"product_cat-cuchillos-macizos","8":"product_cat-cuchillos","9":"product_tag-b2b-es","11":"first","12":"instock","13":"taxable","14":"shipping-taxable","15":"purchasable","16":"product-type-simple"},"brands":[{"id":3848,"name":"SOG","slug":"sog-es"}],"_links":{"self":[{"href":"https:\/\/www.moskito.cz\/es\/wp-json\/wp\/v2\/product\/334704","targetHints":{"allow":["GET"]}}],"collection":[{"href":"https:\/\/www.moskito.cz\/es\/wp-json\/wp\/v2\/product"}],"about":[{"href":"https:\/\/www.moskito.cz\/es\/wp-json\/wp\/v2\/types\/product"}],"replies":[{"embeddable":true,"href":"https:\/\/www.moskito.cz\/es\/wp-json\/wp\/v2\/comments?post=334704"}],"wp:featuredmedia":[{"embeddable":true,"href":"https:\/\/www.moskito.cz\/es\/wp-json\/wp\/v2\/media\/334705"}],"wp:attachment":[{"href":"https:\/\/www.moskito.cz\/es\/wp-json\/wp\/v2\/media?parent=334704"}],"wp:term":[{"taxonomy":"pwb-brand","embeddable":true,"href":"https:\/\/www.moskito.cz\/es\/wp-json\/wp\/v2\/pwb-brand?post=334704"},{"taxonomy":"product_brand","embeddable":true,"href":"https:\/\/www.moskito.cz\/es\/wp-json\/wp\/v2\/product_brand?post=334704"},{"taxonomy":"product_cat","embeddable":true,"href":"https:\/\/www.moskito.cz\/es\/wp-json\/wp\/v2\/product_cat?post=334704"},{"taxonomy":"product_tag","embeddable":true,"href":"https:\/\/www.moskito.cz\/es\/wp-json\/wp\/v2\/product_tag?post=334704"}],"curies":[{"name":"wp","href":"https:\/\/api.w.org\/{rel}","templated":true}]}}