{"id":334735,"date":"2023-03-07T22:14:58","date_gmt":"2024-04-18T14:52:58","guid":{"rendered":"https:\/\/www.moskito.cz\/produkt\/cuchillo-macizo-sog-tellus-fx-lobo-gris\/"},"modified":"2025-05-07T11:12:07","modified_gmt":"2025-05-07T10:12:07","slug":"cuchillo-macizo-sog-tellus-fx-lobo-gris","status":"publish","type":"product","link":"https:\/\/www.moskito.cz\/es\/produkt\/cuchillo-macizo-sog-tellus-fx-lobo-gris\/","title":{"rendered":"Cuchillo Macizo SOG TELLUS FX LOBO GRIS"},"content":{"rendered":"<p>Cuchillo Macizo <strong>SOG<\/strong> TELLUS FX LOBO GRIS<\/p>\n<p>La columna vertebral de este poderoso cuchillo es una hoja de acero inoxidable CYRO 440 con un hombro ancho. El mango GRN es f\u00e1cil de manejar para una amplia gama de tareas de artesan\u00eda, incluso cuando est\u00e1 mojado. La funda proporciona flexibilidad sobre c\u00f3mo y d\u00f3nde se puede transportar el cuchillo de forma segura. Incluye estuche ajustable compatible con UMS.<\/p>\n<p><strong>CYRO 440C INOXIDABLE<\/strong><br \/>\nEl acero inoxidable CRYO 440C tiene la combinaci\u00f3n perfecta de excelente resistencia a la corrosi\u00f3n y al desgaste necesaria para un cuchillo dise\u00f1ado para uso duro en exteriores. El acabado Stonewashed ofrece una mayor resistencia a la corrosi\u00f3n y oculta los rayones para que su cuchillo mantenga un excelente aspecto.<\/p>\n<p><strong>MANGO VERDE<\/strong><br \/>\nEl nailon es un material popular para los mangos de cuchillos debido a su resistencia, resistencia al impacto, inercia qu\u00edmica y estabilidad a altas temperaturas. Todas estas propiedades se mejoran en Tellus FX al agregar fibras de vidrio al nailon para crear un material nuevo y a\u00fan m\u00e1s duradero, el nailon reforzado con fibra de vidrio (GRN).<\/p>\n<p>VIVIENDA COMPATIBLE CON UMS<br \/>\nLa funda incorpora las mejores partes del sistema de montaje universal de SOG, lo que permite un transporte seguro y personalizado en una amplia gama de aventuras al aire libre.<\/p>\n<p>ACERO: CRYO 440 (9Cr18MoV)<br \/>\nMATERIAL DE LA CAJA: PP<br \/>\nPESO: 191g<br \/>\nLONGITUD DE LA HOJA: 10,8 cm<br \/>\nTAMA\u00d1O TOTAL: 22,9 cm<br \/>\nColor gris<br \/>\nMATERIAL DEL MANGO: VERDE<br \/>\nGROSOR DE LA HOJA: 3,8 mm<\/p>\n<p>&nbsp;<\/p>\n","protected":false},"excerpt":{"rendered":"<p><strong>El cuchillo de trabajo definitivo. Puedes encontrar su aplicaci\u00f3n en la naturaleza.<\/strong><\/p>\n","protected":false},"featured_media":334736,"comment_status":"open","ping_status":"closed","template":"","meta":[],"pwb-brand":[3848],"product_brand":[],"product_cat":[3726,3727],"product_tag":[3756],"class_list":{"0":"post-334735","1":"product","2":"type-product","3":"status-publish","4":"has-post-thumbnail","6":"pwb-brand-sog-es","7":"product_cat-cuchillos","8":"product_cat-cuchillos-macizos","9":"product_tag-b2b-es","11":"first","12":"outofstock","13":"taxable","14":"shipping-taxable","15":"purchasable","16":"product-type-simple"},"brands":[{"id":3848,"name":"SOG","slug":"sog-es"}],"_links":{"self":[{"href":"https:\/\/www.moskito.cz\/es\/wp-json\/wp\/v2\/product\/334735","targetHints":{"allow":["GET"]}}],"collection":[{"href":"https:\/\/www.moskito.cz\/es\/wp-json\/wp\/v2\/product"}],"about":[{"href":"https:\/\/www.moskito.cz\/es\/wp-json\/wp\/v2\/types\/product"}],"replies":[{"embeddable":true,"href":"https:\/\/www.moskito.cz\/es\/wp-json\/wp\/v2\/comments?post=334735"}],"wp:featuredmedia":[{"embeddable":true,"href":"https:\/\/www.moskito.cz\/es\/wp-json\/wp\/v2\/media\/334736"}],"wp:attachment":[{"href":"https:\/\/www.moskito.cz\/es\/wp-json\/wp\/v2\/media?parent=334735"}],"wp:term":[{"taxonomy":"pwb-brand","embeddable":true,"href":"https:\/\/www.moskito.cz\/es\/wp-json\/wp\/v2\/pwb-brand?post=334735"},{"taxonomy":"product_brand","embeddable":true,"href":"https:\/\/www.moskito.cz\/es\/wp-json\/wp\/v2\/product_brand?post=334735"},{"taxonomy":"product_cat","embeddable":true,"href":"https:\/\/www.moskito.cz\/es\/wp-json\/wp\/v2\/product_cat?post=334735"},{"taxonomy":"product_tag","embeddable":true,"href":"https:\/\/www.moskito.cz\/es\/wp-json\/wp\/v2\/product_tag?post=334735"}],"curies":[{"name":"wp","href":"https:\/\/api.w.org\/{rel}","templated":true}]}}