{"id":334815,"date":"2024-04-18T17:13:41","date_gmt":"2024-04-18T16:14:35","guid":{"rendered":"https:\/\/www.moskito.cz\/produkt\/cuchilla-de-cierre-crkt-lck-3801k\/"},"modified":"2025-05-07T11:12:08","modified_gmt":"2025-05-07T10:12:08","slug":"cuchilla-de-cierre-crkt-lck-3801k","status":"publish","type":"product","link":"https:\/\/www.moskito.cz\/es\/produkt\/cuchilla-de-cierre-crkt-lck-3801k\/","title":{"rendered":"Cuchilla de cierre CRKT LCK 3801K"},"content":{"rendered":"<p>Cuchilla de cierre <strong>CRKT<\/strong> LCK 3801K.<\/p>\n<p>La navaja plegable LCK+ de Matthew Lerch regresa con materiales mejorados y un aspecto fresco y completamente negro. Comienza con una hoja de acero S35VN recubierta de nitruro de titanio que cuenta con una dureza mejorada, una resistencia al desgaste excepcional y un borde afilado. Pase al mango y encontrar\u00e1 fibra de carbono veteada para una sensaci\u00f3n fuerte pero liviana, sin mencionar una apariencia llamativa que acent\u00faa el dise\u00f1o ya elegante y elegante.<br \/>\nMateriales de primera calidad: el acero de hoja S35VN proporciona un excelente rendimiento de corte<br \/>\nApertura suave: el pasador con rodamiento de bolas IKBS\u2122 despliega la hoja suavemente<br \/>\nApertura r\u00e1pida: Flipper despliega r\u00e1pidamente la hoja<br \/>\nAlta tecnolog\u00eda: el mango de fibra de carbono es resistente y liviano.<br \/>\nF\u00e1cil de cerrar: el cierre de inserci\u00f3n se puede cerrar f\u00e1cilmente con una mano<br \/>\nPerfil bajo: el clip de transporte profundo se ubica en la parte baja del bolsillo.<\/p>\n<p>Hoja de acero S35VN<br \/>\nBorde de la hoja liso<br \/>\nTratamiento superficial de la hoja de nitruro de titanio<br \/>\nLongitud de la hoja: 8,51 cm<br \/>\nGrosor de la hoja: 0,32 cm.<br \/>\nLongitud total: 9,05 cm.<br \/>\nLongitud cuando est\u00e1 cerrado 4,15&#8243; (105,44 mm)<br \/>\nPeso 2,50 onzas. (70,87 g)<br \/>\nOTRO<br \/>\nMaterial del mango fibra de carbono<br \/>\nElegante navaja plegable con Liner Lock<\/p>\n<p><iframe title=\"LCK + Liner Lock | Matthew Lerch Design\" width=\"800\" height=\"450\" src=\"https:\/\/www.youtube.com\/embed\/XfOytQ7a7ws?feature=oembed\" frameborder=\"0\" allow=\"accelerometer; autoplay; clipboard-write; encrypted-media; gyroscope; picture-in-picture; web-share\" referrerpolicy=\"strict-origin-when-cross-origin\" allowfullscreen><\/iframe><\/p>\n<p>&nbsp;<\/p>\n","protected":false},"excerpt":{"rendered":"<p>DISE\u00d1ADOR<br \/>\nMatej Lerch<br \/>\nsussex, wisconsin<br \/>\n\u00bfQu\u00e9 pasa cuando cruzas arte y mec\u00e1nica? Obtienes algo que se parece a Matthew Lerch. Inicialmente se form\u00f3 como joyero\/relojero y progres\u00f3 en la fabricaci\u00f3n y fabricaci\u00f3n de herramientas. Actualmente posee varias patentes de innovaciones como Fire Safe\u00ae y ha recibido varios premios prestigiosos, incluido el premio Buster Warenski. Matt considera que los cuchillos son arte funcional, como lo demuestra su dise\u00f1o Endorser\u2122, ganador de los premios Moxie\u2122 y Blade Show.<\/p>\n<p>Transporte gratuito.<\/p>\n","protected":false},"featured_media":334773,"comment_status":"open","ping_status":"closed","template":"","meta":[],"pwb-brand":[3765],"product_brand":[],"product_cat":[3730,3726],"product_tag":[3756],"class_list":{"0":"post-334815","1":"product","2":"type-product","3":"status-publish","4":"has-post-thumbnail","6":"pwb-brand-crkt-es","7":"product_cat-cuchillas-de-cierre","8":"product_cat-cuchillos","9":"product_tag-b2b-es","11":"first","12":"outofstock","13":"taxable","14":"shipping-taxable","15":"purchasable","16":"product-type-simple"},"brands":[{"id":3765,"name":"CRKT","slug":"crkt-es"}],"_links":{"self":[{"href":"https:\/\/www.moskito.cz\/es\/wp-json\/wp\/v2\/product\/334815","targetHints":{"allow":["GET"]}}],"collection":[{"href":"https:\/\/www.moskito.cz\/es\/wp-json\/wp\/v2\/product"}],"about":[{"href":"https:\/\/www.moskito.cz\/es\/wp-json\/wp\/v2\/types\/product"}],"replies":[{"embeddable":true,"href":"https:\/\/www.moskito.cz\/es\/wp-json\/wp\/v2\/comments?post=334815"}],"wp:featuredmedia":[{"embeddable":true,"href":"https:\/\/www.moskito.cz\/es\/wp-json\/wp\/v2\/media\/334773"}],"wp:attachment":[{"href":"https:\/\/www.moskito.cz\/es\/wp-json\/wp\/v2\/media?parent=334815"}],"wp:term":[{"taxonomy":"pwb-brand","embeddable":true,"href":"https:\/\/www.moskito.cz\/es\/wp-json\/wp\/v2\/pwb-brand?post=334815"},{"taxonomy":"product_brand","embeddable":true,"href":"https:\/\/www.moskito.cz\/es\/wp-json\/wp\/v2\/product_brand?post=334815"},{"taxonomy":"product_cat","embeddable":true,"href":"https:\/\/www.moskito.cz\/es\/wp-json\/wp\/v2\/product_cat?post=334815"},{"taxonomy":"product_tag","embeddable":true,"href":"https:\/\/www.moskito.cz\/es\/wp-json\/wp\/v2\/product_tag?post=334815"}],"curies":[{"name":"wp","href":"https:\/\/api.w.org\/{rel}","templated":true}]}}