{"id":334931,"date":"2024-04-18T18:39:20","date_gmt":"2024-04-18T17:41:41","guid":{"rendered":"https:\/\/www.moskito.cz\/produkt\/llave-de-defensa-crkt-williams-9705\/"},"modified":"2025-05-07T11:12:09","modified_gmt":"2025-05-07T10:12:09","slug":"llave-de-defensa-crkt-williams-9705","status":"publish","type":"product","link":"https:\/\/www.moskito.cz\/es\/produkt\/llave-de-defensa-crkt-williams-9705\/","title":{"rendered":"Llave de defensa CRKT Williams 9705"},"content":{"rendered":"<p>Llave de defensa <strong>CRKT<\/strong> Williams 9705.<\/p>\n<p>El ex oficial del ej\u00e9rcito e instructor de artes marciales James Williams es un hombre que conoce el valor de una herramienta defensiva bien dise\u00f1ada. El mango ergon\u00f3mico y el extremo puntiagudo se disfrazan h\u00e1bilmente como una llave inglesa inofensiva cuando las cosas se ponen dif\u00edciles. Se trata de un bolso de mano oculto que cabe en un llavero.<br \/>\nUso pr\u00e1ctico: llavero para un acceso r\u00e1pido<br \/>\nErgonom\u00eda: El mango est\u00e1 bien equilibrado y proporciona un agarre seguro.<br \/>\ndestornillador Phillips<\/p>\n<p>Hoja fabricada en acero 3Cr13MoV.<br \/>\nAcabado de hoja ca\u00edda<br \/>\nLongitud de la hoja: 4,47 cm<br \/>\nGrosor de la hoja: 0,27 cm.<br \/>\nLongitud total: 9,06 cm.<br \/>\nPeso 1,10 onzas. (31,18 g)<\/p>\n","protected":false},"excerpt":{"rendered":"<p>DISE\u00d1ADOR<br \/>\nJames Williams<br \/>\nVass, Carolina del Norte<br \/>\nNo querr\u00e1s meterte con el sensei James Williams. Un ex oficial del ej\u00e9rcito de EE. UU. con m\u00e1s de 50 a\u00f1os de experiencia en artes marciales desarroll\u00f3 El sistema de estrategia. Es un enfoque \u00fanico del combate sin armas que se ense\u00f1a a las fuerzas de operaciones especiales y a los organismos encargados de hacer cumplir la ley en todo el mundo. Sin embargo, cuando est\u00e1 armado, lo encontrar\u00e1s empu\u00f1ando las espadas que cre\u00f3, como las espadas s\u00f3lidas Hisshou\u00ae e Hissatsu\u2122, la Shizuka noh Ken\u2122 y la ahora legendaria Hissatsu\u2122.<\/p>\n","protected":false},"featured_media":334898,"comment_status":"open","ping_status":"closed","template":"","meta":[],"pwb-brand":[3765],"product_brand":[],"product_cat":[3726,3727],"product_tag":[3756],"class_list":{"0":"post-334931","1":"product","2":"type-product","3":"status-publish","4":"has-post-thumbnail","6":"pwb-brand-crkt-es","7":"product_cat-cuchillos","8":"product_cat-cuchillos-macizos","9":"product_tag-b2b-es","11":"first","12":"outofstock","13":"taxable","14":"shipping-taxable","15":"purchasable","16":"product-type-simple"},"brands":[{"id":3765,"name":"CRKT","slug":"crkt-es"}],"_links":{"self":[{"href":"https:\/\/www.moskito.cz\/es\/wp-json\/wp\/v2\/product\/334931","targetHints":{"allow":["GET"]}}],"collection":[{"href":"https:\/\/www.moskito.cz\/es\/wp-json\/wp\/v2\/product"}],"about":[{"href":"https:\/\/www.moskito.cz\/es\/wp-json\/wp\/v2\/types\/product"}],"replies":[{"embeddable":true,"href":"https:\/\/www.moskito.cz\/es\/wp-json\/wp\/v2\/comments?post=334931"}],"wp:featuredmedia":[{"embeddable":true,"href":"https:\/\/www.moskito.cz\/es\/wp-json\/wp\/v2\/media\/334898"}],"wp:attachment":[{"href":"https:\/\/www.moskito.cz\/es\/wp-json\/wp\/v2\/media?parent=334931"}],"wp:term":[{"taxonomy":"pwb-brand","embeddable":true,"href":"https:\/\/www.moskito.cz\/es\/wp-json\/wp\/v2\/pwb-brand?post=334931"},{"taxonomy":"product_brand","embeddable":true,"href":"https:\/\/www.moskito.cz\/es\/wp-json\/wp\/v2\/product_brand?post=334931"},{"taxonomy":"product_cat","embeddable":true,"href":"https:\/\/www.moskito.cz\/es\/wp-json\/wp\/v2\/product_cat?post=334931"},{"taxonomy":"product_tag","embeddable":true,"href":"https:\/\/www.moskito.cz\/es\/wp-json\/wp\/v2\/product_tag?post=334931"}],"curies":[{"name":"wp","href":"https:\/\/api.w.org\/{rel}","templated":true}]}}