{"id":335052,"date":"2024-04-18T19:17:53","date_gmt":"2024-04-18T18:20:35","guid":{"rendered":"https:\/\/www.moskito.cz\/produkt\/cuchillo-cierre-crkt-walker-edicion-limitada-4014\/"},"modified":"2025-05-07T11:12:12","modified_gmt":"2025-05-07T10:12:12","slug":"cuchillo-cierre-crkt-walker-edicion-limitada-4014","status":"publish","type":"product","link":"https:\/\/www.moskito.cz\/es\/produkt\/cuchillo-cierre-crkt-walker-edicion-limitada-4014\/","title":{"rendered":"Cuchillo Cierre CRKT Walker Edici\u00f3n Limitada 4014"},"content":{"rendered":"<p>Cuchillo Cierre <strong>CRKT<\/strong> Walker Edici\u00f3n Limitada 4014.<\/p>\n<p>La fortuna favorece a los valientes.<\/p>\n<p>Del aclamado fabricante de cuchillos personalizados Michael Walker llega Fortuitous\u2122, un par de sierras de calar de edici\u00f3n limitada fabricadas en Italia en colaboraci\u00f3n con Lionsteel\u00ae. Este modelo cuenta con una hoja de acero MagnaCut para una retenci\u00f3n excepcional de los bordes y un mango de titanio para una resistencia liviana. Acabado con un toque de detalle art\u00edstico que evoca los propios dise\u00f1os de Michael. Tan hermoso como raro.<br \/>\nEl mejor rendimiento de su clase: MagnaCut ofrece un rendimiento sin concesiones en dureza, resistencia al desgaste y resistencia a la corrosi\u00f3n.<br \/>\nApertura suave: el pasador con rodamiento de bolas IKBS\u2122 despliega la hoja suavemente<br \/>\nApertura r\u00e1pida: Flipper despliega r\u00e1pidamente la hoja<br \/>\nFuerte y ligero: el mango de titanio combina resistencia con un peso m\u00ednimo<br \/>\nPerfil bajo: el clip de transporte profundo cabe profundamente en su bolsillo.<\/p>\n<p>Hoja de acero MagnaCut<br \/>\nBorde de la hoja liso<br \/>\nAcabado de la hoja lavado a la piedra<br \/>\nLongitud de la hoja: 8,91 cm<br \/>\nGrosor de la hoja: 0,34 cm.<br \/>\nLongitud total: 20,71 cm.<br \/>\nLargo cerrado: 11,89 cm<br \/>\nPeso 3,70 onzas. (104,89 g)<\/p>\n<p><iframe title=\"CRKT Fortuitous | Michael Walker Design\" width=\"800\" height=\"450\" src=\"https:\/\/www.youtube.com\/embed\/t2nwvKVT7GU?feature=oembed\" frameborder=\"0\" allow=\"accelerometer; autoplay; clipboard-write; encrypted-media; gyroscope; picture-in-picture; web-share\" referrerpolicy=\"strict-origin-when-cross-origin\" allowfullscreen><\/iframe><\/p>\n<p>&nbsp;<\/p>\n","protected":false},"excerpt":{"rendered":"<p>DISE\u00d1ADOR<br \/>\nMichael Walker<br \/>\nTaos, Nuevo M\u00e9xico<br \/>\nIncluido en el Sal\u00f3n de la Fama de la revista Blade en 2004 y acreditado con la invenci\u00f3n de m\u00e1s de 20 mecanismos de cuchillos, incluido el moderno bloqueo de revestimiento, Michael Walker es una fuerza en el mundo de los cuchillos personalizados de ultra alta gama. Comenz\u00f3 como joyero y luego descubri\u00f3 una profunda pasi\u00f3n por las navajas plegables, ya que se sinti\u00f3 atra\u00eddo por la combinaci\u00f3n de ingenier\u00eda, dise\u00f1o industrial y expresi\u00f3n art\u00edstica. Sus formas llamativas y dise\u00f1os elaborados son reconocibles al instante y, despu\u00e9s de d\u00e9cadas en el negocio, sigue siendo uno de los nombres m\u00e1s reconocidos en cuchiller\u00eda.<\/p>\n","protected":false},"featured_media":335003,"comment_status":"open","ping_status":"closed","template":"","meta":[],"pwb-brand":[3765],"product_brand":[],"product_cat":[3730,3726],"product_tag":[3756],"class_list":{"0":"post-335052","1":"product","2":"type-product","3":"status-publish","4":"has-post-thumbnail","6":"pwb-brand-crkt-es","7":"product_cat-cuchillas-de-cierre","8":"product_cat-cuchillos","9":"product_tag-b2b-es","11":"first","12":"instock","13":"taxable","14":"shipping-taxable","15":"purchasable","16":"product-type-simple"},"brands":[{"id":3765,"name":"CRKT","slug":"crkt-es"}],"_links":{"self":[{"href":"https:\/\/www.moskito.cz\/es\/wp-json\/wp\/v2\/product\/335052","targetHints":{"allow":["GET"]}}],"collection":[{"href":"https:\/\/www.moskito.cz\/es\/wp-json\/wp\/v2\/product"}],"about":[{"href":"https:\/\/www.moskito.cz\/es\/wp-json\/wp\/v2\/types\/product"}],"replies":[{"embeddable":true,"href":"https:\/\/www.moskito.cz\/es\/wp-json\/wp\/v2\/comments?post=335052"}],"wp:featuredmedia":[{"embeddable":true,"href":"https:\/\/www.moskito.cz\/es\/wp-json\/wp\/v2\/media\/335003"}],"wp:attachment":[{"href":"https:\/\/www.moskito.cz\/es\/wp-json\/wp\/v2\/media?parent=335052"}],"wp:term":[{"taxonomy":"pwb-brand","embeddable":true,"href":"https:\/\/www.moskito.cz\/es\/wp-json\/wp\/v2\/pwb-brand?post=335052"},{"taxonomy":"product_brand","embeddable":true,"href":"https:\/\/www.moskito.cz\/es\/wp-json\/wp\/v2\/product_brand?post=335052"},{"taxonomy":"product_cat","embeddable":true,"href":"https:\/\/www.moskito.cz\/es\/wp-json\/wp\/v2\/product_cat?post=335052"},{"taxonomy":"product_tag","embeddable":true,"href":"https:\/\/www.moskito.cz\/es\/wp-json\/wp\/v2\/product_tag?post=335052"}],"curies":[{"name":"wp","href":"https:\/\/api.w.org\/{rel}","templated":true}]}}