{"id":335133,"date":"2022-11-30T22:07:36","date_gmt":"2024-04-19T07:10:57","guid":{"rendered":"https:\/\/www.moskito.cz\/?post_type=product&#038;p=335133"},"modified":"2025-05-07T11:12:15","modified_gmt":"2025-05-07T10:12:15","slug":"cuchillo-macizo-sog-instinct-mini-g10-satinado","status":"publish","type":"product","link":"https:\/\/www.moskito.cz\/es\/produkt\/cuchillo-macizo-sog-instinct-mini-g10-satinado\/","title":{"rendered":"Cuchillo Macizo SOG INSTINCT MINI G10 SATINADO"},"content":{"rendered":"<p>Navaja Maciza <strong>SOG<\/strong> INSTINCT MINI G10 SATINADO.<\/p>\n<p>Hay un sentimiento y una intuici\u00f3n que surgen cuando te encuentras en situaciones que requieren toda tu atenci\u00f3n. El Instinct es un cuchillo compacto, port\u00e1til y de hoja fija hecho especialmente para estos tiempos. Disponible en dos tama\u00f1os y dos tipos de mangos, es adecuado para muchas personas. Instinct ofrece m\u00faltiples opciones de uso. Se puede llevar colgado al cuello con un cord\u00f3n. Se puede sujetar a un cintur\u00f3n o zapato con una hebilla ajustable en m\u00faltiples \u00e1ngulos. Tambi\u00e9n se puede fijar a un chaleco o bolso mediante los numerosos puntos de fijaci\u00f3n. Cuando tu primer instinto sea ir a por la espada, considera el SOG Instinct.<\/p>\n<p>LONGITUD DE LA HOJA: 48 mm<br \/>\nMATERIAL DE LA CAJA: Nylon moldeado duro<br \/>\nTAMA\u00d1O TOTAL: 122 mm<br \/>\nPESO: 45 gramos<br \/>\nACERO: 5Cr15MoV<br \/>\nGROSOR DE LA HOJA: 4,1 mm<br \/>\nMATERIAL DEL MANGO: Acero inoxidable<br \/>\nColor plata<\/p>\n<p><iframe title=\"SOG Instinct Mini\" width=\"800\" height=\"450\" src=\"https:\/\/www.youtube.com\/embed\/NQHPqPBh-fA?feature=oembed\" frameborder=\"0\" allow=\"accelerometer; autoplay; clipboard-write; encrypted-media; gyroscope; picture-in-picture; web-share\" referrerpolicy=\"strict-origin-when-cross-origin\" allowfullscreen><\/iframe><\/p>\n<p>&nbsp;<\/p>\n","protected":false},"excerpt":{"rendered":"<p>Un cuchillo compacto con hoja fija y una funda de nailon resistente con un clip de bolsillo totalmente ajustable para una variedad de opciones de transporte.<\/p>\n","protected":false},"featured_media":335135,"comment_status":"open","ping_status":"closed","template":"","meta":[],"pwb-brand":[3848],"product_brand":[],"product_cat":[3726,3727],"product_tag":[3756],"class_list":{"0":"post-335133","1":"product","2":"type-product","3":"status-publish","4":"has-post-thumbnail","6":"pwb-brand-sog-es","7":"product_cat-cuchillos","8":"product_cat-cuchillos-macizos","9":"product_tag-b2b-es","11":"first","12":"outofstock","13":"taxable","14":"shipping-taxable","15":"purchasable","16":"product-type-simple"},"brands":[{"id":3848,"name":"SOG","slug":"sog-es"}],"_links":{"self":[{"href":"https:\/\/www.moskito.cz\/es\/wp-json\/wp\/v2\/product\/335133","targetHints":{"allow":["GET"]}}],"collection":[{"href":"https:\/\/www.moskito.cz\/es\/wp-json\/wp\/v2\/product"}],"about":[{"href":"https:\/\/www.moskito.cz\/es\/wp-json\/wp\/v2\/types\/product"}],"replies":[{"embeddable":true,"href":"https:\/\/www.moskito.cz\/es\/wp-json\/wp\/v2\/comments?post=335133"}],"wp:featuredmedia":[{"embeddable":true,"href":"https:\/\/www.moskito.cz\/es\/wp-json\/wp\/v2\/media\/335135"}],"wp:attachment":[{"href":"https:\/\/www.moskito.cz\/es\/wp-json\/wp\/v2\/media?parent=335133"}],"wp:term":[{"taxonomy":"pwb-brand","embeddable":true,"href":"https:\/\/www.moskito.cz\/es\/wp-json\/wp\/v2\/pwb-brand?post=335133"},{"taxonomy":"product_brand","embeddable":true,"href":"https:\/\/www.moskito.cz\/es\/wp-json\/wp\/v2\/product_brand?post=335133"},{"taxonomy":"product_cat","embeddable":true,"href":"https:\/\/www.moskito.cz\/es\/wp-json\/wp\/v2\/product_cat?post=335133"},{"taxonomy":"product_tag","embeddable":true,"href":"https:\/\/www.moskito.cz\/es\/wp-json\/wp\/v2\/product_tag?post=335133"}],"curies":[{"name":"wp","href":"https:\/\/api.w.org\/{rel}","templated":true}]}}