{"id":335257,"date":"2022-11-03T22:21:44","date_gmt":"2022-11-03T21:21:44","guid":{"rendered":"https:\/\/www.moskito.cz\/produkt\/cuchillo-solido-cold-steel-mini-japones-punta-reforzada\/"},"modified":"2025-05-07T11:12:16","modified_gmt":"2025-05-07T10:12:16","slug":"cuchillo-solido-cold-steel-mini-japones-punta-reforzada","status":"publish","type":"product","link":"https:\/\/www.moskito.cz\/es\/produkt\/cuchillo-solido-cold-steel-mini-japones-punta-reforzada\/","title":{"rendered":"Cuchillo S\u00f3lido Cold Steel MINI JAPON\u00c9S PUNTA REFORZADA"},"content":{"rendered":"<p>Cuchillo S\u00f3lido <strong>Cold Steel<\/strong> MINI JAPON\u00c9S PUNTA REFORZADA.<\/p>\n<p>El Kyoto es un cuchillo peque\u00f1o con una hoja s\u00f3lida y un filo liso. Ambas formas de hoja de los cuchillos Kyoto est\u00e1n estilizadas con la forma de espadas japonesas. Las hojas de construcci\u00f3n robusta tienen un dise\u00f1o de espiga completa, es decir, se extienden a lo largo de toda la longitud del mango. Entre la hoja Kray-Ex\u2122 y el mango hay un protector de mano de acero inoxidable. Este escudo se asemeja a la cuba tradicional de una espada japonesa. Junto con el mango perfilado, confiere al cuchillo un aspecto \u00fanico. La hoja del cuchillo est\u00e1 hecha de acero inoxidable 8Cr13MoV, que despu\u00e9s del tratamiento t\u00e9rmico tiene una dureza de 57-58 Rockwell. El estuche discreto y c\u00f3modo es ideal para llevar el cuchillo oculto colgado al cuello con ayuda de una cadena de seguridad. Se puede ocultar muy bien debajo de la ropa y no causa molestias cuando se usa durante mucho tiempo. La funda se puede equipar con un clip en C Cold Steel\u00ae (SACLB), por lo que el cuchillo tambi\u00e9n se puede llevar en un cintur\u00f3n.<\/p>\n<p>PARAMETROS DEL PRODUCTO<br \/>\nAcero: Acero inoxidable 8Cr13MoV<br \/>\nPeso: 93 gramos<br \/>\nMaterial de la funda: Funda Secure-Ex\u00ae<br \/>\nColor: Negro\/Plata<br \/>\nMaterial del mango: Kray-Ex\u2122 largo<br \/>\nGrosor de la hoja: 3 mm<br \/>\nTama\u00f1o total: 171 mm<br \/>\nLongitud del mango: 91 mm<br \/>\nLongitud de la hoja: 80 mm<\/p>\n","protected":false},"excerpt":{"rendered":"<p><strong>El Kyoto es un cuchillo peque\u00f1o con una hoja s\u00f3lida y un filo liso.<\/strong><\/p>\n","protected":false},"featured_media":335258,"comment_status":"open","ping_status":"closed","template":"","meta":[],"pwb-brand":[3790],"product_brand":[],"product_cat":[3727,3726],"product_tag":[],"class_list":{"0":"post-335257","1":"product","2":"type-product","3":"status-publish","4":"has-post-thumbnail","6":"pwb-brand-arma-blanca","7":"product_cat-cuchillos-macizos","8":"product_cat-cuchillos","10":"first","11":"instock","12":"taxable","13":"shipping-taxable","14":"purchasable","15":"product-type-simple"},"brands":[{"id":3790,"name":"Arma blanca","slug":"arma-blanca"}],"_links":{"self":[{"href":"https:\/\/www.moskito.cz\/es\/wp-json\/wp\/v2\/product\/335257","targetHints":{"allow":["GET"]}}],"collection":[{"href":"https:\/\/www.moskito.cz\/es\/wp-json\/wp\/v2\/product"}],"about":[{"href":"https:\/\/www.moskito.cz\/es\/wp-json\/wp\/v2\/types\/product"}],"replies":[{"embeddable":true,"href":"https:\/\/www.moskito.cz\/es\/wp-json\/wp\/v2\/comments?post=335257"}],"wp:featuredmedia":[{"embeddable":true,"href":"https:\/\/www.moskito.cz\/es\/wp-json\/wp\/v2\/media\/335258"}],"wp:attachment":[{"href":"https:\/\/www.moskito.cz\/es\/wp-json\/wp\/v2\/media?parent=335257"}],"wp:term":[{"taxonomy":"pwb-brand","embeddable":true,"href":"https:\/\/www.moskito.cz\/es\/wp-json\/wp\/v2\/pwb-brand?post=335257"},{"taxonomy":"product_brand","embeddable":true,"href":"https:\/\/www.moskito.cz\/es\/wp-json\/wp\/v2\/product_brand?post=335257"},{"taxonomy":"product_cat","embeddable":true,"href":"https:\/\/www.moskito.cz\/es\/wp-json\/wp\/v2\/product_cat?post=335257"},{"taxonomy":"product_tag","embeddable":true,"href":"https:\/\/www.moskito.cz\/es\/wp-json\/wp\/v2\/product_tag?post=335257"}],"curies":[{"name":"wp","href":"https:\/\/api.w.org\/{rel}","templated":true}]}}