{"id":335271,"date":"2023-03-29T20:26:23","date_gmt":"2023-03-29T19:26:23","guid":{"rendered":"https:\/\/www.moskito.cz\/produkt\/cuchillo-plegable-cold-steel-zytel-handle-ti-lite-6-kris-blade\/"},"modified":"2025-05-07T11:12:17","modified_gmt":"2025-05-07T10:12:17","slug":"cuchillo-plegable-cold-steel-zytel-handle-ti-lite-6-kris-blade","status":"publish","type":"product","link":"https:\/\/www.moskito.cz\/es\/produkt\/cuchillo-plegable-cold-steel-zytel-handle-ti-lite-6-kris-blade\/","title":{"rendered":"Cuchillo plegable Cold Steel ZYTEL HANDLE TI-LITE 6&#8243; KRIS BLADE"},"content":{"rendered":"<p>Cuchillo plegable <strong>Cold Steel<\/strong> ZYTEL HANDLE TI-LITE 6&#8243; KRIS BLADE<\/p>\n<p>Las cuchillas\/cortadores Cold Steel\u00ae Ti-Lite\u00ae evocan la velocidad elegante y las l\u00edneas rebeldes de una cuchilla de tiro cl\u00e1sica de los a\u00f1os 50. vuelo. A menudo imitada pero nunca igualada, la Ti-Lite\u00ae (dise\u00f1ada por el fallecido gran Phil Boguszewski) es una obra maestra de rendimiento y estilo. Los Ti-Lites\u00ae cuentan con nuestras cerraduras de resorte de l\u00e1mina de acero inoxidable (se ha demostrado que soportan m\u00e1s de 145 libras en nuestras pruebas). Para facilitar su transporte, los Ti-Lites\u00ae cuentan con un clip de bolsillo de acero peque\u00f1o pero discreto y se pueden abrir r\u00e1pidamente con botones para el pulgar o colocando el quil\u00f3n detr\u00e1s del borde del bolsillo mientras saca el cuchillo. Kris Ti-Lite\u00ae. Los fan\u00e1ticos de la gama de cuchillos Ti-Lite estar\u00e1n encantados con la llegada de nuestras nuevas hojas estilo Kris. Disponible con hojas de borde liso de cuatro o seis pulgadas y una versi\u00f3n dentada de seis pulgadas. Las empu\u00f1aduras est\u00e1n hechas de Griv-Ex\u2122 en un color tierra oscuro y plano.<\/p>\n<p>\u00abMi Lynn Thompson Ti-Lite con hoja en forma de Kris fue un \u00e9xito tal que decidimos ofrecerla en versiones de 4&#8243; y 6&#8243; en nuestra l\u00ednea regular. Disponible con un mango plano color tierra oscuro hecho de grivory s\u00faper fuerte y un pulido satinado hoja, llama realmente la atenci\u00f3n en la habitaci\u00f3n cuando la encajas. Y como ventaja adicional, la hoja en forma de Kris es especialmente adecuada para cortar y perforar y realmente brillar\u00e1\u00bb. -Lynn Thompson<\/p>\n<p>Descripci\u00f3n:<br \/>\nMaterial de la hoja: AUS-10A<br \/>\nMaterial del mango: Griv-Ex<br \/>\nSeguridad: Linerlock<br \/>\nLongitud de la hoja: 15,2 cm<br \/>\nLargo total: 33cm<br \/>\nLongitud del cuchillo plegado: 17,8 cm<br \/>\nGrosor de la hoja: 4 mm<br \/>\nPeso: 199 gramos<br \/>\nTipo de hoja: Kriss<\/p>\n","protected":false},"excerpt":{"rendered":"<p><strong>Ti-Lite Kris se basa en las armas m\u00e1s t\u00edpicas del sudeste asi\u00e1tico (Malasia, Filipinas, Indonesia).<\/strong><\/p>\n","protected":false},"featured_media":335272,"comment_status":"open","ping_status":"closed","template":"","meta":[],"pwb-brand":[3790],"product_brand":[],"product_cat":[3730,3726],"product_tag":[],"class_list":{"0":"post-335271","1":"product","2":"type-product","3":"status-publish","4":"has-post-thumbnail","6":"pwb-brand-arma-blanca","7":"product_cat-cuchillas-de-cierre","8":"product_cat-cuchillos","10":"first","11":"instock","12":"taxable","13":"shipping-taxable","14":"purchasable","15":"product-type-simple"},"brands":[{"id":3790,"name":"Arma blanca","slug":"arma-blanca"}],"_links":{"self":[{"href":"https:\/\/www.moskito.cz\/es\/wp-json\/wp\/v2\/product\/335271","targetHints":{"allow":["GET"]}}],"collection":[{"href":"https:\/\/www.moskito.cz\/es\/wp-json\/wp\/v2\/product"}],"about":[{"href":"https:\/\/www.moskito.cz\/es\/wp-json\/wp\/v2\/types\/product"}],"replies":[{"embeddable":true,"href":"https:\/\/www.moskito.cz\/es\/wp-json\/wp\/v2\/comments?post=335271"}],"wp:featuredmedia":[{"embeddable":true,"href":"https:\/\/www.moskito.cz\/es\/wp-json\/wp\/v2\/media\/335272"}],"wp:attachment":[{"href":"https:\/\/www.moskito.cz\/es\/wp-json\/wp\/v2\/media?parent=335271"}],"wp:term":[{"taxonomy":"pwb-brand","embeddable":true,"href":"https:\/\/www.moskito.cz\/es\/wp-json\/wp\/v2\/pwb-brand?post=335271"},{"taxonomy":"product_brand","embeddable":true,"href":"https:\/\/www.moskito.cz\/es\/wp-json\/wp\/v2\/product_brand?post=335271"},{"taxonomy":"product_cat","embeddable":true,"href":"https:\/\/www.moskito.cz\/es\/wp-json\/wp\/v2\/product_cat?post=335271"},{"taxonomy":"product_tag","embeddable":true,"href":"https:\/\/www.moskito.cz\/es\/wp-json\/wp\/v2\/product_tag?post=335271"}],"curies":[{"name":"wp","href":"https:\/\/api.w.org\/{rel}","templated":true}]}}