{"id":335286,"date":"2022-10-31T22:01:07","date_gmt":"2022-10-31T21:01:07","guid":{"rendered":"https:\/\/www.moskito.cz\/produkt\/navaja-plegable-cold-steel-rajah-ii-aus10a\/"},"modified":"2024-04-19T08:37:24","modified_gmt":"2024-04-19T07:37:24","slug":"navaja-plegable-cold-steel-rajah-ii-aus10a","status":"publish","type":"product","link":"https:\/\/www.moskito.cz\/es\/produkt\/navaja-plegable-cold-steel-rajah-ii-aus10a\/","title":{"rendered":"Navaja plegable Cold Steel RAJAH II (AUS10A)"},"content":{"rendered":"<p>Navaja plegable <strong>Cold Steel<\/strong> RAJAH II (AUS10A).<\/p>\n<p>Un buen Kukri es una excelente herramienta multiusos capaz de cortar, picar, rebanar y cizallar incluso los materiales m\u00e1s duros. Dise\u00f1ada por el fabricante de cuchillos personalizados Andrew Demke, la serie Cold Steel Rajah ha demostrado ser una de las favoritas de los fan\u00e1ticos y un cl\u00e1sico instant\u00e1neo. Disponible en dos tama\u00f1os, su forma \u00fanica de hoja presenta bordes finos, planos y en \u00e1ngulo recto para una mordida naturalmente profunda. , por lo que los cortes de esta forma superan a otros cuchillos del mismo tama\u00f1o y peso. El mango Rajah tambi\u00e9n comparte l\u00edneas est\u00e9ticas y matices de dise\u00f1o similares a los Kukris tradicionales, con la adici\u00f3n de curvas estrat\u00e9gicamente ubicadas para un agarre y control \u00f3ptimos. Tambi\u00e9n hemos equipado la serie Rajah con nuestro mundialmente famoso mecanismo de bloqueo Tri-Ad, que una vez m\u00e1s ha demostrado ser incre\u00edblemente fuerte y resistente a los impactos.<\/p>\n<p>PARAMETROS DEL PRODUCTO<br \/>\nGrosor de la hoja: 4,8 mm<br \/>\nColor: Negro\/Plata<br \/>\nMaterial del mango: Griv-Ex\u2122 largo<br \/>\nPeso: 379,88 gramos<br \/>\nAcero: Acero inoxidable japon\u00e9s AUS 10A con acabado lavado a la piedra<br \/>\nMaterial de la caja: bolsillo inoxidable\/clip para cintur\u00f3n<br \/>\nTipo de bloqueo: Bloqueo Tri-Ad<br \/>\nLongitud del mango: 203 mm<br \/>\nTama\u00f1o total: 355 mm<br \/>\nLongitud de la hoja: 152 mm<\/p>\n","protected":false},"excerpt":{"rendered":"<p><strong>Kukri<\/strong> es una excelente herramienta multiusos.<\/p>\n","protected":false},"featured_media":335287,"comment_status":"open","ping_status":"closed","template":"","meta":[],"pwb-brand":[3790],"product_brand":[],"product_cat":[3730,3726],"product_tag":[],"class_list":{"0":"post-335286","1":"product","2":"type-product","3":"status-publish","4":"has-post-thumbnail","6":"pwb-brand-arma-blanca","7":"product_cat-cuchillas-de-cierre","8":"product_cat-cuchillos","10":"first","11":"instock","12":"taxable","13":"shipping-taxable","14":"purchasable","15":"product-type-simple"},"brands":[{"id":3790,"name":"Arma blanca","slug":"arma-blanca"}],"_links":{"self":[{"href":"https:\/\/www.moskito.cz\/es\/wp-json\/wp\/v2\/product\/335286","targetHints":{"allow":["GET"]}}],"collection":[{"href":"https:\/\/www.moskito.cz\/es\/wp-json\/wp\/v2\/product"}],"about":[{"href":"https:\/\/www.moskito.cz\/es\/wp-json\/wp\/v2\/types\/product"}],"replies":[{"embeddable":true,"href":"https:\/\/www.moskito.cz\/es\/wp-json\/wp\/v2\/comments?post=335286"}],"wp:featuredmedia":[{"embeddable":true,"href":"https:\/\/www.moskito.cz\/es\/wp-json\/wp\/v2\/media\/335287"}],"wp:attachment":[{"href":"https:\/\/www.moskito.cz\/es\/wp-json\/wp\/v2\/media?parent=335286"}],"wp:term":[{"taxonomy":"pwb-brand","embeddable":true,"href":"https:\/\/www.moskito.cz\/es\/wp-json\/wp\/v2\/pwb-brand?post=335286"},{"taxonomy":"product_brand","embeddable":true,"href":"https:\/\/www.moskito.cz\/es\/wp-json\/wp\/v2\/product_brand?post=335286"},{"taxonomy":"product_cat","embeddable":true,"href":"https:\/\/www.moskito.cz\/es\/wp-json\/wp\/v2\/product_cat?post=335286"},{"taxonomy":"product_tag","embeddable":true,"href":"https:\/\/www.moskito.cz\/es\/wp-json\/wp\/v2\/product_tag?post=335286"}],"curies":[{"name":"wp","href":"https:\/\/api.w.org\/{rel}","templated":true}]}}