{"id":335294,"date":"2022-04-21T20:50:53","date_gmt":"2022-04-21T19:50:53","guid":{"rendered":"https:\/\/www.moskito.cz\/produkt\/navaja-plegable-cold-steel-sr1-lite-tanto-point\/"},"modified":"2025-05-07T11:12:18","modified_gmt":"2025-05-07T10:12:18","slug":"navaja-plegable-cold-steel-sr1-lite-tanto-point","status":"publish","type":"product","link":"https:\/\/www.moskito.cz\/es\/produkt\/navaja-plegable-cold-steel-sr1-lite-tanto-point\/","title":{"rendered":"Navaja plegable Cold Steel SR1 LITE &#8211; TANTO POINT"},"content":{"rendered":"<p>Navaja plegable <strong>Cold Steel<\/strong> SR1 LITE &#8211; TANTO POINT.<\/p>\n<p>Si bien no es significativamente m\u00e1s liviano, \u00a1nuestro SR1 Lite es innegablemente m\u00e1s liviano en la billetera! Construido para imitar a su hermano mayor en todos los sentidos, excepto reemplazar la empu\u00f1adura G-10 por una empu\u00f1adura Griv-Ex \u2122 y utilizar la hoja de acero 8Cr13MoV, m\u00e1s asequible. Sigue siendo n\u00edtido y listo para tu tarea m\u00e1s dif\u00edcil o tu mayor aventura.<\/p>\n<p>PARAMETROS DEL PRODUCTO<br \/>\nLongitud del mango: 137 mm<br \/>\nColor: Negro\/Plata<br \/>\nLongitud de la hoja: 101 mm<br \/>\nPeso: 178 gramos<br \/>\nMaterial del mango: Griv-Ex\u2122 largo<br \/>\nAcero: 8Cr13MoV<br \/>\nGrosor de la hoja: 4,8 mm<br \/>\nTama\u00f1o total: 238 mm<\/p>\n<p>&nbsp;<\/p>\n","protected":false},"excerpt":{"rendered":"<p><strong>El SR1 Lite es una versi\u00f3n m\u00e1s econ\u00f3mica del popular SR1: una navaja plegable con una hoja lisa. SR1 es un cuchillo de trabajo robusto dise\u00f1ado para usarse en las condiciones m\u00e1s exigentes.<\/strong><\/p>\n","protected":false},"featured_media":335295,"comment_status":"open","ping_status":"closed","template":"","meta":[],"pwb-brand":[3790],"product_brand":[],"product_cat":[3730,3726],"product_tag":[],"class_list":{"0":"post-335294","1":"product","2":"type-product","3":"status-publish","4":"has-post-thumbnail","6":"pwb-brand-arma-blanca","7":"product_cat-cuchillas-de-cierre","8":"product_cat-cuchillos","10":"first","11":"instock","12":"taxable","13":"shipping-taxable","14":"purchasable","15":"product-type-simple"},"brands":[{"id":3790,"name":"Arma blanca","slug":"arma-blanca"}],"_links":{"self":[{"href":"https:\/\/www.moskito.cz\/es\/wp-json\/wp\/v2\/product\/335294","targetHints":{"allow":["GET"]}}],"collection":[{"href":"https:\/\/www.moskito.cz\/es\/wp-json\/wp\/v2\/product"}],"about":[{"href":"https:\/\/www.moskito.cz\/es\/wp-json\/wp\/v2\/types\/product"}],"replies":[{"embeddable":true,"href":"https:\/\/www.moskito.cz\/es\/wp-json\/wp\/v2\/comments?post=335294"}],"wp:featuredmedia":[{"embeddable":true,"href":"https:\/\/www.moskito.cz\/es\/wp-json\/wp\/v2\/media\/335295"}],"wp:attachment":[{"href":"https:\/\/www.moskito.cz\/es\/wp-json\/wp\/v2\/media?parent=335294"}],"wp:term":[{"taxonomy":"pwb-brand","embeddable":true,"href":"https:\/\/www.moskito.cz\/es\/wp-json\/wp\/v2\/pwb-brand?post=335294"},{"taxonomy":"product_brand","embeddable":true,"href":"https:\/\/www.moskito.cz\/es\/wp-json\/wp\/v2\/product_brand?post=335294"},{"taxonomy":"product_cat","embeddable":true,"href":"https:\/\/www.moskito.cz\/es\/wp-json\/wp\/v2\/product_cat?post=335294"},{"taxonomy":"product_tag","embeddable":true,"href":"https:\/\/www.moskito.cz\/es\/wp-json\/wp\/v2\/product_tag?post=335294"}],"curies":[{"name":"wp","href":"https:\/\/api.w.org\/{rel}","templated":true}]}}