{"id":335311,"date":"2023-03-24T21:35:46","date_gmt":"2023-03-24T20:35:46","guid":{"rendered":"https:\/\/www.moskito.cz\/produkt\/cuchillo-solido-cold-steel-mini-punto-de-clip-para-cuello-de-cuero\/"},"modified":"2024-04-19T08:46:29","modified_gmt":"2024-04-19T07:46:29","slug":"cuchillo-solido-cold-steel-mini-punto-de-clip-para-cuello-de-cuero","status":"publish","type":"product","link":"https:\/\/www.moskito.cz\/es\/produkt\/cuchillo-solido-cold-steel-mini-punto-de-clip-para-cuello-de-cuero\/","title":{"rendered":"Cuchillo S\u00f3lido Cold Steel MINI PUNTO DE CLIP PARA CUELLO DE CUERO"},"content":{"rendered":"<p>Cuchillo S\u00f3lido <strong>Cold Steel<\/strong> MINI PUNTO DE CLIP PARA CUELLO DE CUERO<\/p>\n<p>Fabricadas en acero 8Cr13MoV y ofrecidas en tres estilos de hoja, cada una tiene una protecci\u00f3n de acero inoxidable con quillones anchos para proteger sus dedos. El mango est\u00e1 hecho de material Kray-Ex\u2122 y est\u00e1 dise\u00f1ado para parecerse a nuestros modelos Leatherneck m\u00e1s grandes. Estos cuchillos vienen con una funda Secure-Ex\u2122 fuerte y resistente que puede sostener una cuerda de cuentas o un clip en C Cold Steel\u00ae. Lo mejor de todo es que son asequibles.<\/p>\n<p>Tama\u00f1o total: 17,2 cm<br \/>\nAcero: Acero 8Cr13MoV<br \/>\nColor: Negro\/Plata<br \/>\nMaterial del mango: Kray-Ex\u2122 largo<br \/>\nLongitud del mango: 8,3 cm<br \/>\nGrosor de la hoja: 0,3 cm.<br \/>\nMaterial de la funda: Funda Secure-Ex\u00ae<br \/>\nLongitud de la hoja: 8,9 cm<br \/>\nPeso: 95 gramos<\/p>\n","protected":false},"excerpt":{"rendered":"<p><strong>La forma del Leatherneck peque\u00f1o se basa en su modelo grande. Gracias a su menor tama\u00f1o y peso, se convierte en una herramienta para el uso diario y no atraer\u00e1 atenci\u00f3n negativa innecesariamente.<\/strong><\/p>\n","protected":false},"featured_media":335312,"comment_status":"open","ping_status":"closed","template":"","meta":[],"pwb-brand":[3790],"product_brand":[],"product_cat":[3727,3726],"product_tag":[],"class_list":{"0":"post-335311","1":"product","2":"type-product","3":"status-publish","4":"has-post-thumbnail","6":"pwb-brand-arma-blanca","7":"product_cat-cuchillos-macizos","8":"product_cat-cuchillos","10":"first","11":"instock","12":"taxable","13":"shipping-taxable","14":"purchasable","15":"product-type-simple"},"brands":[{"id":3790,"name":"Arma blanca","slug":"arma-blanca"}],"_links":{"self":[{"href":"https:\/\/www.moskito.cz\/es\/wp-json\/wp\/v2\/product\/335311","targetHints":{"allow":["GET"]}}],"collection":[{"href":"https:\/\/www.moskito.cz\/es\/wp-json\/wp\/v2\/product"}],"about":[{"href":"https:\/\/www.moskito.cz\/es\/wp-json\/wp\/v2\/types\/product"}],"replies":[{"embeddable":true,"href":"https:\/\/www.moskito.cz\/es\/wp-json\/wp\/v2\/comments?post=335311"}],"wp:featuredmedia":[{"embeddable":true,"href":"https:\/\/www.moskito.cz\/es\/wp-json\/wp\/v2\/media\/335312"}],"wp:attachment":[{"href":"https:\/\/www.moskito.cz\/es\/wp-json\/wp\/v2\/media?parent=335311"}],"wp:term":[{"taxonomy":"pwb-brand","embeddable":true,"href":"https:\/\/www.moskito.cz\/es\/wp-json\/wp\/v2\/pwb-brand?post=335311"},{"taxonomy":"product_brand","embeddable":true,"href":"https:\/\/www.moskito.cz\/es\/wp-json\/wp\/v2\/product_brand?post=335311"},{"taxonomy":"product_cat","embeddable":true,"href":"https:\/\/www.moskito.cz\/es\/wp-json\/wp\/v2\/product_cat?post=335311"},{"taxonomy":"product_tag","embeddable":true,"href":"https:\/\/www.moskito.cz\/es\/wp-json\/wp\/v2\/product_tag?post=335311"}],"curies":[{"name":"wp","href":"https:\/\/api.w.org\/{rel}","templated":true}]}}