{"id":335322,"date":"2022-11-01T21:45:31","date_gmt":"2024-04-19T07:51:34","guid":{"rendered":"https:\/\/www.moskito.cz\/produkt\/cuchillo-solido-cold-steel-tokyo-spike\/"},"modified":"2025-05-07T11:12:20","modified_gmt":"2025-05-07T10:12:20","slug":"cuchillo-solido-cold-steel-tokyo-spike","status":"publish","type":"product","link":"https:\/\/www.moskito.cz\/es\/produkt\/cuchillo-solido-cold-steel-tokyo-spike\/","title":{"rendered":"Cuchillo S\u00f3lido Cold Steel TOKYO SPIKE"},"content":{"rendered":"<p>Cuchillo S\u00f3lido <strong>Cold Steel<\/strong> TOKYO SPIKE.<\/p>\n<p>Nuestros cuchillos para el cuello de la serie Spike son delgados, livianos y s\u00faper resistentes. Sus hojas afiladas y sin afilar se complementan con escamas de mango texturizadas y muy dentadas que ofrecen un agarre c\u00f3modo y seguro. Las empu\u00f1aduras ergon\u00f3micas Spike tienen quillones integrales que brindan un tope seguro para el dedo \u00edndice y el pulgar, mientras que el Griv-Ex profundamente moldeado y esculpido brinda una excelente tracci\u00f3n positiva incluso cuando las manos est\u00e1n fr\u00edas, mojadas y resbaladizas. Disponibles en cuatro formas distintivas de hoja (Bowie, Drop Point, Tokyo y Tanto point), ofrecen toda la resistencia de una construcci\u00f3n de acero s\u00f3lido de una sola pieza y, al mismo tiempo, son lo suficientemente livianos como para transportarlos todo el d\u00eda sin fatiga. Cada Spike viene con una funda Secure-Ex que proporciona retenci\u00f3n y seguridad superiores.<\/p>\n<p>PARAMETROS DEL PRODUCTO<br \/>\nAcero: Acero inoxidable alem\u00e1n 4116 templado criog\u00e9nicamente<br \/>\nPeso: 65,2 gramos<br \/>\nGrosor de la hoja: 3 mm<br \/>\nTama\u00f1o total: 203 mm<br \/>\nMaterial del mango: Griv-Ex\u2122 estilo G-10 largo<br \/>\nLongitud de la hoja: 101 mm<br \/>\nColor: Negro\/Plata<br \/>\nMaterial de la funda: Funda Secure-Ex\u00ae<br \/>\nLongitud del mango: 101 mm<\/p>\n","protected":false},"excerpt":{"rendered":"<p>El Tokyo Spike de COLD STEEL es un peque\u00f1o cuchillo s\u00f3lido con un borde liso.<\/p>\n","protected":false},"featured_media":335323,"comment_status":"open","ping_status":"closed","template":"","meta":[],"pwb-brand":[3790],"product_brand":[],"product_cat":[3726,3727],"product_tag":[3756],"class_list":{"0":"post-335322","1":"product","2":"type-product","3":"status-publish","4":"has-post-thumbnail","6":"pwb-brand-arma-blanca","7":"product_cat-cuchillos","8":"product_cat-cuchillos-macizos","9":"product_tag-b2b-es","11":"first","12":"instock","13":"taxable","14":"shipping-taxable","15":"purchasable","16":"product-type-simple"},"brands":[{"id":3790,"name":"Arma blanca","slug":"arma-blanca"}],"_links":{"self":[{"href":"https:\/\/www.moskito.cz\/es\/wp-json\/wp\/v2\/product\/335322","targetHints":{"allow":["GET"]}}],"collection":[{"href":"https:\/\/www.moskito.cz\/es\/wp-json\/wp\/v2\/product"}],"about":[{"href":"https:\/\/www.moskito.cz\/es\/wp-json\/wp\/v2\/types\/product"}],"replies":[{"embeddable":true,"href":"https:\/\/www.moskito.cz\/es\/wp-json\/wp\/v2\/comments?post=335322"}],"wp:featuredmedia":[{"embeddable":true,"href":"https:\/\/www.moskito.cz\/es\/wp-json\/wp\/v2\/media\/335323"}],"wp:attachment":[{"href":"https:\/\/www.moskito.cz\/es\/wp-json\/wp\/v2\/media?parent=335322"}],"wp:term":[{"taxonomy":"pwb-brand","embeddable":true,"href":"https:\/\/www.moskito.cz\/es\/wp-json\/wp\/v2\/pwb-brand?post=335322"},{"taxonomy":"product_brand","embeddable":true,"href":"https:\/\/www.moskito.cz\/es\/wp-json\/wp\/v2\/product_brand?post=335322"},{"taxonomy":"product_cat","embeddable":true,"href":"https:\/\/www.moskito.cz\/es\/wp-json\/wp\/v2\/product_cat?post=335322"},{"taxonomy":"product_tag","embeddable":true,"href":"https:\/\/www.moskito.cz\/es\/wp-json\/wp\/v2\/product_tag?post=335322"}],"curies":[{"name":"wp","href":"https:\/\/api.w.org\/{rel}","templated":true}]}}