{"id":335328,"date":"2022-11-01T18:53:44","date_gmt":"2024-04-19T07:52:37","guid":{"rendered":"https:\/\/www.moskito.cz\/produkt\/navaja-plegable-ti-lite-kris-blade-de-cold-steel\/"},"modified":"2025-05-07T11:12:20","modified_gmt":"2025-05-07T10:12:20","slug":"navaja-plegable-ti-lite-kris-blade-de-cold-steel","status":"publish","type":"product","link":"https:\/\/www.moskito.cz\/es\/produkt\/navaja-plegable-ti-lite-kris-blade-de-cold-steel\/","title":{"rendered":"Navaja plegable TI-LITE KRIS BLADE de Cold Steel"},"content":{"rendered":"<p>Navaja plegable TI-LITE KRIS BLADE de <strong>Cold Steel<\/strong> .<\/p>\n<p>Las cuchillas\/cortadores Cold Steel\u00ae Ti-Lite\u00ae evocan la velocidad elegante y las l\u00edneas rebeldes de una cuchilla de tiro cl\u00e1sica de los a\u00f1os 50. vuelo. A menudo imitada pero nunca igualada, la Ti-Lite\u00ae (dise\u00f1ada por el fallecido gran Phil Boguszewski) es una obra maestra de rendimiento y estilo. Los Ti-Lites\u00ae cuentan con nuestras cerraduras de resorte de l\u00e1mina de acero inoxidable (se ha demostrado que soportan m\u00e1s de 145 libras en nuestras pruebas). Para facilitar su transporte, los Ti-Lites\u00ae cuentan con un clip de bolsillo de acero peque\u00f1o pero discreto y se pueden abrir r\u00e1pidamente con botones para el pulgar o colocando el quil\u00f3n detr\u00e1s del borde del bolsillo mientras saca el cuchillo. Kris Ti-Lite\u00ae. Los fan\u00e1ticos de la gama de cuchillos Ti-Lite estar\u00e1n encantados con la llegada de nuestras nuevas hojas estilo Kris. Disponible con hojas de borde liso de cuatro o seis pulgadas y una versi\u00f3n dentada de seis pulgadas.<\/p>\n<p>PARAMETROS DEL PRODUCTO<br \/>\nLongitud del mango: 120 mm<br \/>\nPeso: 105 gramos<br \/>\nGrosor de la hoja: 3 mm<br \/>\nMaterial de la caja: clip de bolsillo de acero<br \/>\nLongitud de la hoja: 101 mm<br \/>\nTipo de fusible: linerlock<br \/>\nMaterial del mango: Zy-Ex largo<br \/>\nTama\u00f1o total: 222 mm<br \/>\nAcero: Japon\u00e9s AUS 10A Inoxidable<br \/>\nColor marr\u00f3n<\/p>\n","protected":false},"excerpt":{"rendered":"<p>Ti-Lite Kris se basa en las armas m\u00e1s t\u00edpicas del sudeste asi\u00e1tico (Malasia, Filipinas, Indonesia).<\/p>\n","protected":false},"featured_media":335329,"comment_status":"open","ping_status":"closed","template":"","meta":[],"pwb-brand":[3790],"product_brand":[],"product_cat":[3730,3726],"product_tag":[],"class_list":{"0":"post-335328","1":"product","2":"type-product","3":"status-publish","4":"has-post-thumbnail","6":"pwb-brand-arma-blanca","7":"product_cat-cuchillas-de-cierre","8":"product_cat-cuchillos","10":"first","11":"instock","12":"taxable","13":"shipping-taxable","14":"purchasable","15":"product-type-simple"},"brands":[{"id":3790,"name":"Arma blanca","slug":"arma-blanca"}],"_links":{"self":[{"href":"https:\/\/www.moskito.cz\/es\/wp-json\/wp\/v2\/product\/335328","targetHints":{"allow":["GET"]}}],"collection":[{"href":"https:\/\/www.moskito.cz\/es\/wp-json\/wp\/v2\/product"}],"about":[{"href":"https:\/\/www.moskito.cz\/es\/wp-json\/wp\/v2\/types\/product"}],"replies":[{"embeddable":true,"href":"https:\/\/www.moskito.cz\/es\/wp-json\/wp\/v2\/comments?post=335328"}],"wp:featuredmedia":[{"embeddable":true,"href":"https:\/\/www.moskito.cz\/es\/wp-json\/wp\/v2\/media\/335329"}],"wp:attachment":[{"href":"https:\/\/www.moskito.cz\/es\/wp-json\/wp\/v2\/media?parent=335328"}],"wp:term":[{"taxonomy":"pwb-brand","embeddable":true,"href":"https:\/\/www.moskito.cz\/es\/wp-json\/wp\/v2\/pwb-brand?post=335328"},{"taxonomy":"product_brand","embeddable":true,"href":"https:\/\/www.moskito.cz\/es\/wp-json\/wp\/v2\/product_brand?post=335328"},{"taxonomy":"product_cat","embeddable":true,"href":"https:\/\/www.moskito.cz\/es\/wp-json\/wp\/v2\/product_cat?post=335328"},{"taxonomy":"product_tag","embeddable":true,"href":"https:\/\/www.moskito.cz\/es\/wp-json\/wp\/v2\/product_tag?post=335328"}],"curies":[{"name":"wp","href":"https:\/\/api.w.org\/{rel}","templated":true}]}}