{"id":335342,"date":"2019-03-18T12:12:26","date_gmt":"2019-03-18T11:12:26","guid":{"rendered":"https:\/\/www.moskito.cz\/produkt\/cuchillo-solido-cold-steel-super-edge-cs42ss\/"},"modified":"2025-07-11T07:48:20","modified_gmt":"2025-07-11T06:48:20","slug":"cuchillo-solido-cold-steel-super-edge-cs42ss","status":"publish","type":"product","link":"https:\/\/www.moskito.cz\/es\/produkt\/cuchillo-solido-cold-steel-super-edge-cs42ss\/","title":{"rendered":"Cuchillo S\u00f3lido Cold Steel Super Edge CS42SS"},"content":{"rendered":"<p>Cuchillo S\u00f3lido Cold Steel Super Edge CS42SS.<\/p>\n<p>El Super Edge es un cuchillo extremadamente peque\u00f1o y ligero con filo dentado. Est\u00e1 pensado para el uso diario y de tal forma que te moleste lo menos posible. Adecuado para cortar diversos materiales de cuerdas, alambres, juntas de goma. Gracias a la hoja afilada por un lado, incluso con su tama\u00f1o, puedes ejercer suficiente presi\u00f3n con el pulgar en la parte posterior de la hoja al cortar. La hoja del cuchillo est\u00e1 fabricada en acero japon\u00e9s AUS 8A. Este es un cuchillo s\u00f3lido y viene con una funda.<\/p>\n<div class=\"vc-commoditydetail_parameters\">\n<div class=\"detaillist-row\">\n<div class=\"detaillist-row-name\">Color: Negro\/Plata<\/div>\n<\/div>\n<div class=\"detaillist-row\">\n<div class=\"detaillist-row-name\">Tama\u00f1o total: 109 mm<\/div>\n<\/div>\n<div class=\"detaillist-row\">\n<div class=\"detaillist-row-name\">Longitud de la hoja: 50 mm<\/div>\n<\/div>\n<div class=\"detaillist-row\">\n<div class=\"detaillist-row-name\">Acero: Japon\u00e9s AUS 8A Inoxidable<\/div>\n<\/div>\n<div class=\"detaillist-row\">\n<div class=\"detaillist-row-name\">Material del mango: Kray-Ex\u2122 largo<\/div>\n<\/div>\n<div class=\"detaillist-row\">\n<div class=\"detaillist-row-name\">Grosor de la hoja: 2 mm<\/div>\n<\/div>\n<div class=\"detaillist-row\">\n<div class=\"detaillist-row-name\">Peso: 22,67 gramos<\/div>\n<\/div>\n<div class=\"detaillist-row\">\n<div class=\"detaillist-row-name\">Longitud del mango: 58 mm<\/div>\n<\/div>\n<div class=\"detaillist-row\">\n<div class=\"detaillist-row-name\">Material de la funda: Funda Secure-Ex\u00ae<\/div>\n<div><\/div>\n<\/div>\n<\/div>\n","protected":false},"excerpt":{"rendered":"<p>El Super Edge de COLD STEEL es un cuchillo resistente con filo dentado y un peque\u00f1o caballo de batalla. Un cuchillo adecuado para EDC. Se puede fijar a un llavero o a la cremallera de una chaqueta.<\/p>\n","protected":false},"featured_media":163063,"comment_status":"open","ping_status":"closed","template":"","meta":[],"pwb-brand":[3790],"product_brand":[],"product_cat":[3727,3726],"product_tag":[],"class_list":{"0":"post-335342","1":"product","2":"type-product","3":"status-publish","4":"has-post-thumbnail","6":"pwb-brand-arma-blanca","7":"product_cat-cuchillos-macizos","8":"product_cat-cuchillos","10":"first","11":"outofstock","12":"taxable","13":"shipping-taxable","14":"purchasable","15":"product-type-simple"},"brands":[{"id":3790,"name":"Arma blanca","slug":"arma-blanca"}],"_links":{"self":[{"href":"https:\/\/www.moskito.cz\/es\/wp-json\/wp\/v2\/product\/335342","targetHints":{"allow":["GET"]}}],"collection":[{"href":"https:\/\/www.moskito.cz\/es\/wp-json\/wp\/v2\/product"}],"about":[{"href":"https:\/\/www.moskito.cz\/es\/wp-json\/wp\/v2\/types\/product"}],"replies":[{"embeddable":true,"href":"https:\/\/www.moskito.cz\/es\/wp-json\/wp\/v2\/comments?post=335342"}],"wp:featuredmedia":[{"embeddable":true,"href":"https:\/\/www.moskito.cz\/es\/wp-json\/wp\/v2\/media\/163063"}],"wp:attachment":[{"href":"https:\/\/www.moskito.cz\/es\/wp-json\/wp\/v2\/media?parent=335342"}],"wp:term":[{"taxonomy":"pwb-brand","embeddable":true,"href":"https:\/\/www.moskito.cz\/es\/wp-json\/wp\/v2\/pwb-brand?post=335342"},{"taxonomy":"product_brand","embeddable":true,"href":"https:\/\/www.moskito.cz\/es\/wp-json\/wp\/v2\/product_brand?post=335342"},{"taxonomy":"product_cat","embeddable":true,"href":"https:\/\/www.moskito.cz\/es\/wp-json\/wp\/v2\/product_cat?post=335342"},{"taxonomy":"product_tag","embeddable":true,"href":"https:\/\/www.moskito.cz\/es\/wp-json\/wp\/v2\/product_tag?post=335342"}],"curies":[{"name":"wp","href":"https:\/\/api.w.org\/{rel}","templated":true}]}}