{"id":335347,"date":"2022-11-02T21:04:23","date_gmt":"2024-04-19T07:56:51","guid":{"rendered":"https:\/\/www.moskito.cz\/produkt\/navaja-plegable-cold-steel-ad-10-lite-tanto-point\/"},"modified":"2025-05-07T11:12:24","modified_gmt":"2025-05-07T10:12:24","slug":"navaja-plegable-cold-steel-ad-10-lite-tanto-point","status":"publish","type":"product","link":"https:\/\/www.moskito.cz\/es\/produkt\/navaja-plegable-cold-steel-ad-10-lite-tanto-point\/","title":{"rendered":"Navaja plegable Cold Steel AD-10 LITE TANTO POINT"},"content":{"rendered":"<p>Navaja plegable <strong>Cold Steel<\/strong> AD-10 LITE TANTO POINT.<\/p>\n<p>La AD-10 Lite es una versi\u00f3n m\u00e1s econ\u00f3mica de las encuadernadoras de la serie AD-10. Comparte la mayor\u00eda de las caracter\u00edsticas, el estilo y el potencial de alto rendimiento de sus contrapartes m\u00e1s caras, incluidas nuestras configuraciones exclusivas de cerradura y cuchilla Tri-Ad\u00ae.<br \/>\ny espesores de acero, pero estaban fabricados con materiales m\u00e1s asequibles. Por ejemplo, en lugar del costoso G-10, los mangos del AD-10 Lites est\u00e1n hechos de GFN m\u00e1s econ\u00f3mico y las hojas est\u00e1n hechas de acero inoxidable AUS 10A en lugar del S35VN utilizado en las versiones est\u00e1ndar. Son asequibles, afilados y listos para la acci\u00f3n.<\/p>\n<p>PARAMETROS DEL PRODUCTO<br \/>\nAcero: AUS10A<br \/>\nLongitud de la hoja: 94 mm<br \/>\nMaterial del mango: GFN<br \/>\nPeso: 196 gramos<br \/>\nColor: Negro\/Plata<br \/>\nTama\u00f1o total: 223 mm<br \/>\nGrosor de la hoja: 4 mm<br \/>\nLongitud del mango: 129 mm<\/p>\n<p>&nbsp;<\/p>\n","protected":false},"excerpt":{"rendered":"<p>La AD-10 es una navaja plegable de dise\u00f1o muy sofisticado con hoja tanto lisa del taller de Andew Demka.<\/p>\n","protected":false},"featured_media":335348,"comment_status":"open","ping_status":"closed","template":"","meta":[],"pwb-brand":[3790],"product_brand":[],"product_cat":[3730,3726],"product_tag":[],"class_list":{"0":"post-335347","1":"product","2":"type-product","3":"status-publish","4":"has-post-thumbnail","6":"pwb-brand-arma-blanca","7":"product_cat-cuchillas-de-cierre","8":"product_cat-cuchillos","10":"first","11":"outofstock","12":"taxable","13":"shipping-taxable","14":"purchasable","15":"product-type-simple"},"brands":[{"id":3790,"name":"Arma blanca","slug":"arma-blanca"}],"_links":{"self":[{"href":"https:\/\/www.moskito.cz\/es\/wp-json\/wp\/v2\/product\/335347","targetHints":{"allow":["GET"]}}],"collection":[{"href":"https:\/\/www.moskito.cz\/es\/wp-json\/wp\/v2\/product"}],"about":[{"href":"https:\/\/www.moskito.cz\/es\/wp-json\/wp\/v2\/types\/product"}],"replies":[{"embeddable":true,"href":"https:\/\/www.moskito.cz\/es\/wp-json\/wp\/v2\/comments?post=335347"}],"wp:featuredmedia":[{"embeddable":true,"href":"https:\/\/www.moskito.cz\/es\/wp-json\/wp\/v2\/media\/335348"}],"wp:attachment":[{"href":"https:\/\/www.moskito.cz\/es\/wp-json\/wp\/v2\/media?parent=335347"}],"wp:term":[{"taxonomy":"pwb-brand","embeddable":true,"href":"https:\/\/www.moskito.cz\/es\/wp-json\/wp\/v2\/pwb-brand?post=335347"},{"taxonomy":"product_brand","embeddable":true,"href":"https:\/\/www.moskito.cz\/es\/wp-json\/wp\/v2\/product_brand?post=335347"},{"taxonomy":"product_cat","embeddable":true,"href":"https:\/\/www.moskito.cz\/es\/wp-json\/wp\/v2\/product_cat?post=335347"},{"taxonomy":"product_tag","embeddable":true,"href":"https:\/\/www.moskito.cz\/es\/wp-json\/wp\/v2\/product_tag?post=335347"}],"curies":[{"name":"wp","href":"https:\/\/api.w.org\/{rel}","templated":true}]}}