{"id":335364,"date":"2022-11-02T19:42:32","date_gmt":"2024-04-19T08:03:04","guid":{"rendered":"https:\/\/www.moskito.cz\/produkt\/cuchillo-plegable-voyager-extra-grande-con-punta-de-caida-de-cold-steel\/"},"modified":"2025-05-07T11:12:25","modified_gmt":"2025-05-07T10:12:25","slug":"cuchillo-plegable-voyager-extra-grande-con-punta-de-caida-de-cold-steel","status":"publish","type":"product","link":"https:\/\/www.moskito.cz\/es\/produkt\/cuchillo-plegable-voyager-extra-grande-con-punta-de-caida-de-cold-steel\/","title":{"rendered":"Cuchillo plegable Voyager extra grande con punta de ca\u00edda de Cold Steel"},"content":{"rendered":"<p>Navaja plegable Voyager con punta de ca\u00edda extragrande <strong>de Cold Steel<\/strong> .<\/p>\n<p>La mayor\u00eda de los entusiastas del aire libre quieren dos cosas de su cuchillo. Simplemente con\u00e9ctelo a su ropa o equipo y podr\u00e1 realizar bien las tareas de campamento. Es por eso que presentamos una nueva hoja Drop Point en la serie Voyager, que ha demostrado ser muy vers\u00e1til y es ideal especialmente para cuchillos de caza y exteriores. Esta forma de la hoja, que tiene una curva m\u00e1s pronunciada cerca de la punta, ha demostrado ser mejor para todas las actividades de corte y corte y tambi\u00e9n facilita el trabajo de sacar la presa. La hoja de 4 mm de espesor est\u00e1 fabricada en acero AUS 10A. Este acero inoxidable martens\u00edtico tiene muy buenas propiedades de resistencia y se utiliza principalmente como material para herramientas de corte. En comparaci\u00f3n con el AUS 8A, sujeta mejor la hoja y es m\u00e1s resistente a la abrasi\u00f3n. Luego, el acero ha sido tratado t\u00e9rmicamente para lograr el equilibrio perfecto entre retenci\u00f3n de bordes y f\u00e1cil reafilado. El acabado lavado a la piedra evita que se raye f\u00e1cilmente y hace que el cuchillo sea m\u00e1s resistente a la corrosi\u00f3n. El mango con una trama distintiva est\u00e1 fabricado mediante inyecci\u00f3n a alta presi\u00f3n de material Griv-Ex \u2122, que es bastante fuerte en s\u00ed mismo. La estructura de la superficie del mango evita que el cuchillo se resbale cuando se trabaja en un ambiente h\u00famedo. El cuchillo est\u00e1 equipado con un pasador de apertura de doble cara y esta serie de cuchillos est\u00e1 equipada con la patente exclusiva de Cold Steel\u00ae Tri-Ad Lock\u2122. El bloqueo evita que el cuchillo se cierre autom\u00e1ticamente o involuntariamente incluso despu\u00e9s del desgaste natural con el tiempo. En el paquete recibir\u00e1s tambi\u00e9n un clip para llevar en el lado izquierdo.<\/p>\n<p>PARAMETROS DEL PRODUCTO<br \/>\nPeso: 227 gramos<br \/>\nDe color negro<br \/>\nMaterial de la caja: clip de bolsillo de acero<br \/>\nLongitud de la hoja: 140 mm<br \/>\nTipo de bloqueo: Bloqueo Tri-Ad<br \/>\nTama\u00f1o total: 311 mm<br \/>\nGrosor de la hoja: 4 mm<br \/>\nLongitud del mango: 171 mm<br \/>\nAcero: AUS 10A con acabado lavado a la piedra<br \/>\nMaterial del mango: Griv-Ex largo<\/p>\n","protected":false},"excerpt":{"rendered":"<p>Una navaja plegable con hoja lisa. La forma de la hoja Drop Point ha demostrado ser muy vers\u00e1til y es especialmente ideal para cuchillos de caza y exteriores.<\/p>\n","protected":false},"featured_media":335365,"comment_status":"open","ping_status":"closed","template":"","meta":[],"pwb-brand":[3790],"product_brand":[],"product_cat":[3730,3726],"product_tag":[],"class_list":{"0":"post-335364","1":"product","2":"type-product","3":"status-publish","4":"has-post-thumbnail","6":"pwb-brand-arma-blanca","7":"product_cat-cuchillas-de-cierre","8":"product_cat-cuchillos","10":"first","11":"outofstock","12":"taxable","13":"shipping-taxable","14":"purchasable","15":"product-type-simple"},"brands":[{"id":3790,"name":"Arma blanca","slug":"arma-blanca"}],"_links":{"self":[{"href":"https:\/\/www.moskito.cz\/es\/wp-json\/wp\/v2\/product\/335364","targetHints":{"allow":["GET"]}}],"collection":[{"href":"https:\/\/www.moskito.cz\/es\/wp-json\/wp\/v2\/product"}],"about":[{"href":"https:\/\/www.moskito.cz\/es\/wp-json\/wp\/v2\/types\/product"}],"replies":[{"embeddable":true,"href":"https:\/\/www.moskito.cz\/es\/wp-json\/wp\/v2\/comments?post=335364"}],"wp:featuredmedia":[{"embeddable":true,"href":"https:\/\/www.moskito.cz\/es\/wp-json\/wp\/v2\/media\/335365"}],"wp:attachment":[{"href":"https:\/\/www.moskito.cz\/es\/wp-json\/wp\/v2\/media?parent=335364"}],"wp:term":[{"taxonomy":"pwb-brand","embeddable":true,"href":"https:\/\/www.moskito.cz\/es\/wp-json\/wp\/v2\/pwb-brand?post=335364"},{"taxonomy":"product_brand","embeddable":true,"href":"https:\/\/www.moskito.cz\/es\/wp-json\/wp\/v2\/product_brand?post=335364"},{"taxonomy":"product_cat","embeddable":true,"href":"https:\/\/www.moskito.cz\/es\/wp-json\/wp\/v2\/product_cat?post=335364"},{"taxonomy":"product_tag","embeddable":true,"href":"https:\/\/www.moskito.cz\/es\/wp-json\/wp\/v2\/product_tag?post=335364"}],"curies":[{"name":"wp","href":"https:\/\/api.w.org\/{rel}","templated":true}]}}