{"id":335394,"date":"2022-10-31T20:32:33","date_gmt":"2024-04-19T08:10:17","guid":{"rendered":"https:\/\/www.moskito.cz\/produkt\/cuchillo-fijo-cold-steel-mini-tac-tanto-aus8a-49htf\/"},"modified":"2025-05-07T11:12:27","modified_gmt":"2025-05-07T10:12:27","slug":"cuchillo-fijo-cold-steel-mini-tac-tanto-aus8a-49htf","status":"publish","type":"product","link":"https:\/\/www.moskito.cz\/es\/produkt\/cuchillo-fijo-cold-steel-mini-tac-tanto-aus8a-49htf\/","title":{"rendered":"Cuchillo Fijo Cold Steel Mini Tac Tanto (AUS8A) 49HTF"},"content":{"rendered":"<p>Cuchillo Fijo <strong>Cold Steel<\/strong> Mini Tac Tanto (AUS8A) 49HTF.<\/p>\n<p>\u00a1Los cuchillos Mini Tac Neck de Cold Steel son tan delgados y livianos que se pueden transportar c\u00f3modamente pr\u00e1cticamente las 24 horas del d\u00eda! Con sus duraderas fundas Secure Ex, especialmente dise\u00f1adas para sujetar bien el cuchillo y al mismo tiempo permitir un desenfundado r\u00e1pido, pueden funcionar como una pr\u00e1ctica hoja de utilidad o para acampar, un cuchillo de uso diario o una herramienta de rescate. Cada Mini Tac cuenta con empu\u00f1aduras Griv-Ex texturizadas finas y de alta calidad. Esta caracter\u00edstica les permite permanecer planos y cerca del cuerpo sin dejar de proporcionar una superficie de agarre positiva. Cuando se combinan con la empu\u00f1adura integral, estos pesos brindan a los dedos un agarre incre\u00edble y permiten un agarre notablemente seguro que resiste rodar o torcer.<\/p>\n<p>PARAMETROS DEL PRODUCTO<br \/>\nAcero: Japon\u00e9s AUS 8A Inoxidable<br \/>\nTama\u00f1o total: 171 mm<br \/>\nMaterial de la funda: Funda para el cuello Secure-Ex\u00ae con cord\u00f3n de cadena de cuentas<br \/>\nDe color negro<br \/>\nLongitud del mango: 76,2 mm<br \/>\nGrosor de la hoja: 2,5 mm<br \/>\nMaterial del mango: Griv-Ex\u2122 largo estilo G-10<br \/>\nPeso: 76,54 gramos<br \/>\nLongitud de la hoja: 95 mm<\/p>\n<p>&nbsp;<\/p>\n","protected":false},"excerpt":{"rendered":"<p>\u00a1Los cuchillos Mini Tac Neck de Cold Steel son tan delgados y livianos que se pueden transportar c\u00f3modamente pr\u00e1cticamente las 24 horas del d\u00eda!<\/p>\n","protected":false},"featured_media":335395,"comment_status":"open","ping_status":"closed","template":"","meta":[],"pwb-brand":[3790],"product_brand":[],"product_cat":[3727,3726],"product_tag":[],"class_list":{"0":"post-335394","1":"product","2":"type-product","3":"status-publish","4":"has-post-thumbnail","6":"pwb-brand-arma-blanca","7":"product_cat-cuchillos-macizos","8":"product_cat-cuchillos","10":"first","11":"instock","12":"sale","13":"taxable","14":"shipping-taxable","15":"purchasable","16":"product-type-simple"},"brands":[{"id":3790,"name":"Arma blanca","slug":"arma-blanca"}],"_links":{"self":[{"href":"https:\/\/www.moskito.cz\/es\/wp-json\/wp\/v2\/product\/335394","targetHints":{"allow":["GET"]}}],"collection":[{"href":"https:\/\/www.moskito.cz\/es\/wp-json\/wp\/v2\/product"}],"about":[{"href":"https:\/\/www.moskito.cz\/es\/wp-json\/wp\/v2\/types\/product"}],"replies":[{"embeddable":true,"href":"https:\/\/www.moskito.cz\/es\/wp-json\/wp\/v2\/comments?post=335394"}],"wp:featuredmedia":[{"embeddable":true,"href":"https:\/\/www.moskito.cz\/es\/wp-json\/wp\/v2\/media\/335395"}],"wp:attachment":[{"href":"https:\/\/www.moskito.cz\/es\/wp-json\/wp\/v2\/media?parent=335394"}],"wp:term":[{"taxonomy":"pwb-brand","embeddable":true,"href":"https:\/\/www.moskito.cz\/es\/wp-json\/wp\/v2\/pwb-brand?post=335394"},{"taxonomy":"product_brand","embeddable":true,"href":"https:\/\/www.moskito.cz\/es\/wp-json\/wp\/v2\/product_brand?post=335394"},{"taxonomy":"product_cat","embeddable":true,"href":"https:\/\/www.moskito.cz\/es\/wp-json\/wp\/v2\/product_cat?post=335394"},{"taxonomy":"product_tag","embeddable":true,"href":"https:\/\/www.moskito.cz\/es\/wp-json\/wp\/v2\/product_tag?post=335394"}],"curies":[{"name":"wp","href":"https:\/\/api.w.org\/{rel}","templated":true}]}}