{"id":335410,"date":"2022-11-01T16:45:02","date_gmt":"2024-04-19T08:13:23","guid":{"rendered":"https:\/\/www.moskito.cz\/produkt\/cuchillo-fijo-cold-steel-counter-tac-ii\/"},"modified":"2025-05-07T11:12:28","modified_gmt":"2025-05-07T10:12:28","slug":"cuchillo-fijo-cold-steel-counter-tac-ii","status":"publish","type":"product","link":"https:\/\/www.moskito.cz\/es\/produkt\/cuchillo-fijo-cold-steel-counter-tac-ii\/","title":{"rendered":"Cuchillo Fijo Cold Steel COUNTER TAC II"},"content":{"rendered":"<p>Cuchillo Fijo <strong>Cold Steel<\/strong> COUNTER TAC II.<\/p>\n<p>Nuestros cuchillos para zapatos Counter TAC fueron dise\u00f1ados con una filosof\u00eda simple en mente. Funcionalidad. Sencillo: \u00a1trabajan y sobresalen en lo que hacen! Sus afiladas cuchillas de punta completa AUS 8A est\u00e1n tratadas t\u00e9rmicamente al vac\u00edo y endurecidas bajo cero para mayor resistencia y durabilidad. El dise\u00f1o ergon\u00f3mico del mango Kray-Ex\u2122 es c\u00f3modo y adaptable a cualquier agarre, y la superficie de textura profunda y la doble protecci\u00f3n garantizan que el cuchillo no se le escape de la mano bajo ninguna circunstancia. Finalmente, cada Counter TAC viene con una funda Secure-Ex de \u00faltima generaci\u00f3n, completa con un clip extra\u00edble para zapatos\/cintur\u00f3n y orificios para amarrar, para que pueda llevarlo pr\u00e1cticamente a cualquier lugar.<\/p>\n<p>PARAMETROS DEL PRODUCTO<br \/>\nTama\u00f1o total: 171,45 mm<br \/>\nMaterial del mango: Kray-Ex\u2122 largo<br \/>\nAcero: Acero inoxidable japon\u00e9s AUS 8A con acabado lavado a la piedra<br \/>\nLongitud del mango: 114,3 mm<br \/>\nLongitud de la hoja: 85,7 mm<br \/>\nColor: Negro\/Plata<br \/>\nPeso: 59,5 gramos<br \/>\nGrosor de la hoja: 4 mm<br \/>\nMaterial de la vaina: Vaina Secure-Ex\u2122<\/p>\n","protected":false},"excerpt":{"rendered":"<p>Los cuchillos fijos Counter TAC de la empresa COLD STEEL est\u00e1n destinados principalmente a su transporte oculto en un zapato.<\/p>\n","protected":false},"featured_media":335411,"comment_status":"open","ping_status":"closed","template":"","meta":[],"pwb-brand":[3790],"product_brand":[],"product_cat":[3726,3727],"product_tag":[],"class_list":{"0":"post-335410","1":"product","2":"type-product","3":"status-publish","4":"has-post-thumbnail","6":"pwb-brand-arma-blanca","7":"product_cat-cuchillos","8":"product_cat-cuchillos-macizos","10":"first","11":"outofstock","12":"taxable","13":"shipping-taxable","14":"purchasable","15":"product-type-simple"},"brands":[{"id":3790,"name":"Arma blanca","slug":"arma-blanca"}],"_links":{"self":[{"href":"https:\/\/www.moskito.cz\/es\/wp-json\/wp\/v2\/product\/335410","targetHints":{"allow":["GET"]}}],"collection":[{"href":"https:\/\/www.moskito.cz\/es\/wp-json\/wp\/v2\/product"}],"about":[{"href":"https:\/\/www.moskito.cz\/es\/wp-json\/wp\/v2\/types\/product"}],"replies":[{"embeddable":true,"href":"https:\/\/www.moskito.cz\/es\/wp-json\/wp\/v2\/comments?post=335410"}],"wp:featuredmedia":[{"embeddable":true,"href":"https:\/\/www.moskito.cz\/es\/wp-json\/wp\/v2\/media\/335411"}],"wp:attachment":[{"href":"https:\/\/www.moskito.cz\/es\/wp-json\/wp\/v2\/media?parent=335410"}],"wp:term":[{"taxonomy":"pwb-brand","embeddable":true,"href":"https:\/\/www.moskito.cz\/es\/wp-json\/wp\/v2\/pwb-brand?post=335410"},{"taxonomy":"product_brand","embeddable":true,"href":"https:\/\/www.moskito.cz\/es\/wp-json\/wp\/v2\/product_brand?post=335410"},{"taxonomy":"product_cat","embeddable":true,"href":"https:\/\/www.moskito.cz\/es\/wp-json\/wp\/v2\/product_cat?post=335410"},{"taxonomy":"product_tag","embeddable":true,"href":"https:\/\/www.moskito.cz\/es\/wp-json\/wp\/v2\/product_tag?post=335410"}],"curies":[{"name":"wp","href":"https:\/\/api.w.org\/{rel}","templated":true}]}}