{"id":335418,"date":"2023-03-31T20:13:13","date_gmt":"2023-03-31T19:13:13","guid":{"rendered":"https:\/\/www.moskito.cz\/produkt\/cuchillo-fijo-cold-steel-3v-srk-cpm-3v\/"},"modified":"2025-05-07T11:12:28","modified_gmt":"2025-05-07T10:12:28","slug":"cuchillo-fijo-cold-steel-3v-srk-cpm-3v","status":"publish","type":"product","link":"https:\/\/www.moskito.cz\/es\/produkt\/cuchillo-fijo-cold-steel-3v-srk-cpm-3v\/","title":{"rendered":"Cuchillo Fijo Cold Steel 3V SRK (CPM 3V)"},"content":{"rendered":"<p>Cuchillo Fijo <strong>Cold Steel<\/strong> 3V SRK (CPM 3V)<\/p>\n<p>Las operaciones de supervivencia y rescate requieren un cuchillo vers\u00e1til capaz de soportar las condiciones m\u00e1s extremas. En pocas palabras, el Cold Steel SRK (cuchillo de rescate de supervivencia) fue dise\u00f1ado espec\u00edficamente con esto en mente. El SRK, un cuchillo popular entre el personal militar y t\u00e1ctico encargado de hacer cumplir la ley, es el cuchillo elegido por los Navy SEALS para sus BUDS (o entrenamiento b\u00e1sico de demolici\u00f3n submarina). El SRK ha demostrado su eficacia una y otra vez en los entornos m\u00e1s exigentes. Cualquiera que sea la misi\u00f3n, \u00a1estamos seguros de que SRK es el cuchillo para usted!<\/p>\n<p>Descripci\u00f3n:<\/p>\n<p>Material del mango: Kray-Ex largo<br \/>\nAcero: CPM estadounidense 3V con alto contenido de carbono<br \/>\nPeso: 249,47 gramos<br \/>\nLongitud del mango: 12 cm<br \/>\nLongitud de la hoja: 15,2 cm<br \/>\nGrosor de la hoja: 0,5 cm.<br \/>\nTama\u00f1o total: 27,3 cm<br \/>\nMaterial de la funda: Funda Secure-Ex\u00ae<br \/>\nColor: Negro\/Plata<\/p>\n","protected":false},"excerpt":{"rendered":"<p><strong>3V SRK de COLD STEEL es un cuchillo s\u00f3lido con un borde liso. Fue desarrollado para operaciones de supervivencia y rescate que requieren un cuchillo vers\u00e1til que pueda soportar condiciones extremas.<\/strong><\/p>\n","protected":false},"featured_media":335419,"comment_status":"open","ping_status":"closed","template":"","meta":[],"pwb-brand":[3790],"product_brand":[],"product_cat":[3727,3726],"product_tag":[],"class_list":{"0":"post-335418","1":"product","2":"type-product","3":"status-publish","4":"has-post-thumbnail","6":"pwb-brand-arma-blanca","7":"product_cat-cuchillos-macizos","8":"product_cat-cuchillos","10":"first","11":"instock","12":"taxable","13":"shipping-taxable","14":"purchasable","15":"product-type-simple"},"brands":[{"id":3790,"name":"Arma blanca","slug":"arma-blanca"}],"_links":{"self":[{"href":"https:\/\/www.moskito.cz\/es\/wp-json\/wp\/v2\/product\/335418","targetHints":{"allow":["GET"]}}],"collection":[{"href":"https:\/\/www.moskito.cz\/es\/wp-json\/wp\/v2\/product"}],"about":[{"href":"https:\/\/www.moskito.cz\/es\/wp-json\/wp\/v2\/types\/product"}],"replies":[{"embeddable":true,"href":"https:\/\/www.moskito.cz\/es\/wp-json\/wp\/v2\/comments?post=335418"}],"wp:featuredmedia":[{"embeddable":true,"href":"https:\/\/www.moskito.cz\/es\/wp-json\/wp\/v2\/media\/335419"}],"wp:attachment":[{"href":"https:\/\/www.moskito.cz\/es\/wp-json\/wp\/v2\/media?parent=335418"}],"wp:term":[{"taxonomy":"pwb-brand","embeddable":true,"href":"https:\/\/www.moskito.cz\/es\/wp-json\/wp\/v2\/pwb-brand?post=335418"},{"taxonomy":"product_brand","embeddable":true,"href":"https:\/\/www.moskito.cz\/es\/wp-json\/wp\/v2\/product_brand?post=335418"},{"taxonomy":"product_cat","embeddable":true,"href":"https:\/\/www.moskito.cz\/es\/wp-json\/wp\/v2\/product_cat?post=335418"},{"taxonomy":"product_tag","embeddable":true,"href":"https:\/\/www.moskito.cz\/es\/wp-json\/wp\/v2\/product_tag?post=335418"}],"curies":[{"name":"wp","href":"https:\/\/api.w.org\/{rel}","templated":true}]}}