{"id":335437,"date":"2022-11-07T13:43:09","date_gmt":"2022-11-07T12:43:09","guid":{"rendered":"https:\/\/www.moskito.cz\/produkt\/cuchillo-solido-cold-steel-leatherneck-sf\/"},"modified":"2025-05-07T11:12:29","modified_gmt":"2025-05-07T10:12:29","slug":"cuchillo-solido-cold-steel-leatherneck-sf","status":"publish","type":"product","link":"https:\/\/www.moskito.cz\/es\/produkt\/cuchillo-solido-cold-steel-leatherneck-sf\/","title":{"rendered":"Cuchillo S\u00f3lido Cold Steel LEATHERNECK SF"},"content":{"rendered":"<p>Cuchillo S\u00f3lido <strong>Cold Steel<\/strong> LEATHERNECK SF.<\/p>\n<p>La gama Cold Steel Leatherneck consta de dos estilos de hoja distintos e ic\u00f3nicos, los cuales han demostrado ser extremadamente populares entre nuestros hermanos y hermanas en las fuerzas armadas: El Leatherneck-SF (para Semper-Fi) presenta un hermoso sable afilado a mano. La hoja molida Clip Point y Leatherneck Tanto cuentan con nuestra exclusiva hoja \u00abAmerican Tanto\u00bb de Cold Steel con una punta s\u00f3lida reforzada para mayor resistencia. Ambos est\u00e1n hechos de resistente acero para herramientas D2 con una capa de polvo negro no reflectante. Para evitar que los dedos del usuario se deslicen hacia adelante sobre el borde afilado, los Leathernecks vienen con una protecci\u00f3n doble de acero s\u00f3lido. Las empu\u00f1aduras est\u00e1n hechas de Kray-Ex\u2122 a cuadros profundos que cubre completamente los cuellos de cuero extra anchos y completos. El mango Leatherneck est\u00e1 acabado con una culata gruesa de acero mecanizado (no de fundici\u00f3n barata ni de pl\u00e1stico como otros en el mercado), por lo que puede funcionar como un martillo en caso de emergencia. Para llevar los cuchillos Leatherneck de forma segura y c\u00f3moda, cada hoja viene con una funda Secure-Ex de estilo militar resistente y vers\u00e1til con una presilla para cintur\u00f3n totalmente extra\u00edble y reversible.<\/p>\n<p>PARAMETROS DEL PRODUCTO<br \/>\nGrosor de la hoja: 5 mm<br \/>\nLongitud del mango: 123 mm<br \/>\nTama\u00f1o total: 300 mm<br \/>\nPeso: 331,68 gramos<br \/>\nLongitud de la hoja: 177 mm<br \/>\nDe color negro<br \/>\nMaterial del mango: Griv-Ex\u2122 largo<br \/>\nAcero: acero alem\u00e1n D2 con recubrimiento en polvo negro.<\/p>\n<p>&nbsp;<\/p>\n","protected":false},"excerpt":{"rendered":"<p>El Leatherneck-SF de COLD STEEL es un cuchillo de campo con hoja fija. SF en la designaci\u00f3n del cuchillo es una abreviatura de Semper Fi (el lema de los marines estadounidenses \u00abAlways Faithful\u00bb)<\/p>\n","protected":false},"featured_media":335438,"comment_status":"open","ping_status":"closed","template":"","meta":[],"pwb-brand":[3790],"product_brand":[],"product_cat":[3727,3726],"product_tag":[],"class_list":{"0":"post-335437","1":"product","2":"type-product","3":"status-publish","4":"has-post-thumbnail","6":"pwb-brand-arma-blanca","7":"product_cat-cuchillos-macizos","8":"product_cat-cuchillos","10":"first","11":"instock","12":"taxable","13":"shipping-taxable","14":"purchasable","15":"product-type-simple"},"brands":[{"id":3790,"name":"Arma blanca","slug":"arma-blanca"}],"_links":{"self":[{"href":"https:\/\/www.moskito.cz\/es\/wp-json\/wp\/v2\/product\/335437","targetHints":{"allow":["GET"]}}],"collection":[{"href":"https:\/\/www.moskito.cz\/es\/wp-json\/wp\/v2\/product"}],"about":[{"href":"https:\/\/www.moskito.cz\/es\/wp-json\/wp\/v2\/types\/product"}],"replies":[{"embeddable":true,"href":"https:\/\/www.moskito.cz\/es\/wp-json\/wp\/v2\/comments?post=335437"}],"wp:featuredmedia":[{"embeddable":true,"href":"https:\/\/www.moskito.cz\/es\/wp-json\/wp\/v2\/media\/335438"}],"wp:attachment":[{"href":"https:\/\/www.moskito.cz\/es\/wp-json\/wp\/v2\/media?parent=335437"}],"wp:term":[{"taxonomy":"pwb-brand","embeddable":true,"href":"https:\/\/www.moskito.cz\/es\/wp-json\/wp\/v2\/pwb-brand?post=335437"},{"taxonomy":"product_brand","embeddable":true,"href":"https:\/\/www.moskito.cz\/es\/wp-json\/wp\/v2\/product_brand?post=335437"},{"taxonomy":"product_cat","embeddable":true,"href":"https:\/\/www.moskito.cz\/es\/wp-json\/wp\/v2\/product_cat?post=335437"},{"taxonomy":"product_tag","embeddable":true,"href":"https:\/\/www.moskito.cz\/es\/wp-json\/wp\/v2\/product_tag?post=335437"}],"curies":[{"name":"wp","href":"https:\/\/api.w.org\/{rel}","templated":true}]}}