{"id":335455,"date":"2022-11-02T19:22:48","date_gmt":"2022-11-02T18:22:48","guid":{"rendered":"https:\/\/www.moskito.cz\/produkt\/navaja-cold-steel-grande-espada-s35vn\/"},"modified":"2025-05-07T11:12:31","modified_gmt":"2025-05-07T10:12:31","slug":"navaja-cold-steel-grande-espada-s35vn","status":"publish","type":"product","link":"https:\/\/www.moskito.cz\/es\/produkt\/navaja-cold-steel-grande-espada-s35vn\/","title":{"rendered":"Navaja Cold Steel GRANDE ESPADA (S35VN)"},"content":{"rendered":"<p>Navaja plegable <strong>Cold Steel<\/strong> GRANDE ESPADA (S35VN).<\/p>\n<p>Nunca hemos tenido miedo de romper las convenciones. Por eso, cuando todos los dem\u00e1s en nuestra industria fabricaban los cuchillos m\u00e1s peque\u00f1os, delgados y mejores que pod\u00edan, lanzamos una serie de hojas que solo pod\u00edan describirse como una cosa: \u00a1espadas de bolsillo! La Cold Steel Espada se inspir\u00f3 en el cl\u00e1sico navajo. cuchillos de Espa\u00f1a, pero era completamente moderno tanto en apariencia como en materiales. \u00a1Estas megacarpetas han arrasado en el mercado! Una colaboraci\u00f3n entre el fabricante de cuchillos personalizados Andrew Demek y la presidenta de Cold Steel, Lynn C. Thompson, nuestras Espadas est\u00e1n disponibles en dos tama\u00f1os para adaptarse tanto a las personas m\u00e1s audaces como a las m\u00e1s atrevidas. A pesar de su impresionante tama\u00f1o, nuestras Espadas est\u00e1n dise\u00f1adas por expertos para caber c\u00f3moda y discretamente en su bolsillo. Pronto olvidar\u00e1s que llevas una espada tan grande e impresionante. Equipadas con la placa patentada para el pulgar Demko, las espadas grandes y extra grandes se pueden guardar en el bolsillo, abrirlas cuando se saca el cuchillo y abrirlas en un abrir y cerrar de ojos. Las hermosas hojas Espada est\u00e1n hechas de acero de aleaci\u00f3n estadounidense S35VN de primera calidad, elegido por su capacidad no solo para tener un filo s\u00faper fino, sino tambi\u00e9n para mantenerlo durante un tiempo excepcionalmente largo. Tambi\u00e9n cuentan con b\u00e1sculas G-10 pulidas por expertos y soportes y marco de aluminio 7075 pulido a espejo. Cada Espada est\u00e1 equipada con nuestro mecanismo de bloqueo Tri-Ad patentado, que ha demostrado tener una resistencia y solidez sorprendentes al impacto. En nuestras pruebas de producto notoriamente brutales, el XL Espada no solo pudo soportar 600 libras de peso en suspensi\u00f3n, sino que incluso lo usamos para sostener un bloque de motor suspendido. Se pueden guardar espadas grandes y extra grandes, el cuchillo se abre al sacarlo, \u00a1y se abre en un abrir y cerrar de ojos! Las hermosas hojas de Espada est\u00e1n hechas de acero de aleaci\u00f3n estadounidense S35VN de primera calidad, elegido por su capacidad no solo de tener un filo muy fino, sino tambi\u00e9n de sostenerlo durante un tiempo excepcionalmente largo. Tambi\u00e9n cuentan con b\u00e1sculas G-10 pulidas por expertos y soportes y marco de aluminio 7075 pulido a espejo. Cada Espada est\u00e1 equipada con nuestro mecanismo de bloqueo Tri-Ad patentado, que ha demostrado tener una resistencia y solidez sorprendentes al impacto. En nuestras pruebas de producto notoriamente brutales, el XL Espada no solo pudo soportar 600 libras de peso en suspensi\u00f3n, sino que incluso lo usamos para sostener un bloque de motor suspendido. Se pueden guardar espadas grandes y extra grandes, el cuchillo se abre al sacarlo, \u00a1y se abre en un abrir y cerrar de ojos! Las hermosas hojas de Espada est\u00e1n hechas de acero de aleaci\u00f3n estadounidense S35VN de primera calidad, elegido por su capacidad no solo de tener un filo muy fino, sino tambi\u00e9n de mantenerlo durante un tiempo excepcionalmente largo. Tambi\u00e9n cuentan con b\u00e1sculas G-10 pulidas por expertos y soportes y marco de aluminio 7075 pulido a espejo. Cada Espada est\u00e1 equipada con nuestro mecanismo de bloqueo Tri-Ad patentado, que ha demostrado tener una resistencia y solidez sorprendentes al impacto. En nuestras pruebas de producto notoriamente brutales, el XL Espada no solo pudo soportar 600 libras de peso en suspensi\u00f3n, sino que incluso lo usamos para sostener un bloque de motor suspendido. Las hermosas hojas est\u00e1n hechas de acero de aleaci\u00f3n estadounidense S35VN de primera calidad, elegido por su capacidad no solo para enganchar un borde muy fino, sino tambi\u00e9n para mantenerlo durante un tiempo excepcionalmente largo. Tambi\u00e9n cuentan con b\u00e1sculas G-10 pulidas por expertos y soportes y marco de aluminio 7075 pulido a espejo. Cada Espada est\u00e1 equipada con nuestro mecanismo de bloqueo Tri-Ad patentado, que ha demostrado tener una resistencia y solidez sorprendentes al impacto. En nuestras pruebas de producto notoriamente brutales, el XL Espada no solo pudo soportar 600 libras de peso en suspensi\u00f3n, sino que incluso lo usamos para sostener un bloque de motor suspendido. Las hermosas hojas est\u00e1n hechas de acero de aleaci\u00f3n estadounidense S35VN de primera calidad, elegido por su capacidad no solo para enganchar un borde muy fino, sino tambi\u00e9n para mantenerlo durante un tiempo excepcionalmente largo. Tambi\u00e9n cuentan con b\u00e1sculas G-10 pulidas por expertos y soportes y marco de aluminio 7075 pulido a espejo. Cada Espada est\u00e1 equipada con nuestro mecanismo de bloqueo Tri-Ad patentado, que ha demostrado tener una resistencia y solidez sorprendentes al impacto. En nuestras pruebas de producto notoriamente brutales, el XL Espada no solo pudo soportar 600 libras de peso en suspensi\u00f3n, sino que incluso lo usamos para sostener un bloque de motor suspendido. Cada Espada est\u00e1 equipada con nuestro mecanismo de bloqueo Tri-Ad patentado, que ha demostrado tener una resistencia y solidez sorprendentes al impacto. En nuestras pruebas de producto notoriamente brutales, el XL Espada no solo pudo soportar 600 libras de peso en suspensi\u00f3n, sino que incluso lo usamos para sostener un bloque de motor suspendido. Cada Espada est\u00e1 equipada con nuestro mecanismo de bloqueo Tri-Ad patentado, que ha demostrado tener una resistencia y solidez sorprendentes al impacto. En nuestras pruebas de producto notoriamente brutales, el XL Espada no solo pudo soportar 600 libras de peso en suspensi\u00f3n, sino que incluso lo usamos para sostener un bloque de motor suspendido.<br \/>\nPeso: 9 oz Grosor de la hoja: 4 mm Longitud de la hoja: 5-1\/2&#8243; Acero de la hoja: American S35VN Longitud\/material del mango: 6 3\/4&#8243; de largo G-10 pulido con soporte y marco de aluminio pulido 7075 Longitud total: 12- 1 \/4&#8243; Caracter\u00edsticas adicionales: Bolsillo reversible \/ Clip para cintur\u00f3n Tipo de navaja: Carpeta Rango de longitud de la hoja: 5+ pulgadas Familia de acero: CPM Forma de la hoja: Punta de clip Mecanismo de bloqueo: Tri-Ad Lock L\u00ednea de productos: Espada<\/p>\n<p>Material de la hoja: acero inoxidable CPM S35VN<br \/>\nLongitud de la hoja: 140 mm<br \/>\nGrosor de la hoja: 4 mm<br \/>\nLongitud total: 312 mm<br \/>\nMaterial del mango: Superdural + G-10 y aleaci\u00f3n de aluminio aeron\u00e1utico.<br \/>\nCerradura: Cold Steel\u00ae Tri-Ad lock\u00ae<br \/>\nApertura del cuchillo: placa de apertura del pulgar<br \/>\nPeso: 255 gramos<br \/>\nLos cuchillos Cold Steel est\u00e1n equipados con un clip para poder llevarlos detr\u00e1s del cintur\u00f3n, bolsillo, etc.<\/p>\n","protected":false},"excerpt":{"rendered":"<p><strong>\u00a1Una espada de bolsillo!<\/strong><\/p>\n","protected":false},"featured_media":335456,"comment_status":"open","ping_status":"closed","template":"","meta":[],"pwb-brand":[3790],"product_brand":[],"product_cat":[3730,3726],"product_tag":[],"class_list":{"0":"post-335455","1":"product","2":"type-product","3":"status-publish","4":"has-post-thumbnail","6":"pwb-brand-arma-blanca","7":"product_cat-cuchillas-de-cierre","8":"product_cat-cuchillos","10":"first","11":"instock","12":"taxable","13":"shipping-taxable","14":"purchasable","15":"product-type-simple"},"brands":[{"id":3790,"name":"Arma blanca","slug":"arma-blanca"}],"_links":{"self":[{"href":"https:\/\/www.moskito.cz\/es\/wp-json\/wp\/v2\/product\/335455","targetHints":{"allow":["GET"]}}],"collection":[{"href":"https:\/\/www.moskito.cz\/es\/wp-json\/wp\/v2\/product"}],"about":[{"href":"https:\/\/www.moskito.cz\/es\/wp-json\/wp\/v2\/types\/product"}],"replies":[{"embeddable":true,"href":"https:\/\/www.moskito.cz\/es\/wp-json\/wp\/v2\/comments?post=335455"}],"wp:featuredmedia":[{"embeddable":true,"href":"https:\/\/www.moskito.cz\/es\/wp-json\/wp\/v2\/media\/335456"}],"wp:attachment":[{"href":"https:\/\/www.moskito.cz\/es\/wp-json\/wp\/v2\/media?parent=335455"}],"wp:term":[{"taxonomy":"pwb-brand","embeddable":true,"href":"https:\/\/www.moskito.cz\/es\/wp-json\/wp\/v2\/pwb-brand?post=335455"},{"taxonomy":"product_brand","embeddable":true,"href":"https:\/\/www.moskito.cz\/es\/wp-json\/wp\/v2\/product_brand?post=335455"},{"taxonomy":"product_cat","embeddable":true,"href":"https:\/\/www.moskito.cz\/es\/wp-json\/wp\/v2\/product_cat?post=335455"},{"taxonomy":"product_tag","embeddable":true,"href":"https:\/\/www.moskito.cz\/es\/wp-json\/wp\/v2\/product_tag?post=335455"}],"curies":[{"name":"wp","href":"https:\/\/api.w.org\/{rel}","templated":true}]}}