{"id":335483,"date":"2022-04-20T21:46:07","date_gmt":"2024-04-19T08:39:56","guid":{"rendered":"https:\/\/www.moskito.cz\/produkt\/cuchillo-fijo-cold-steel-range-boss-mango-negro\/"},"modified":"2025-05-07T11:12:32","modified_gmt":"2025-05-07T10:12:32","slug":"cuchillo-fijo-cold-steel-range-boss-mango-negro","status":"publish","type":"product","link":"https:\/\/www.moskito.cz\/es\/produkt\/cuchillo-fijo-cold-steel-range-boss-mango-negro\/","title":{"rendered":"Cuchillo Fijo Cold Steel Range Boss Mango Negro"},"content":{"rendered":"<p>Cuchillo Fijo <strong>Cold Steel<\/strong> Range Boss Mango Negro.<\/p>\n<p>Ya sea que est\u00e9 conduciendo un taxi en Manhattan o montando a caballo en Montana, estamos seguros de que apreciar\u00e1 nuestro Range Boss. Dise\u00f1ado para llevarlo en el bolsillo o en la cintura durante todo el d\u00eda, es liviano y f\u00e1cil de transportar. No ocupa mucho espacio y se puede llevar pr\u00e1cticamente desapercibido hasta que lo abres. La hoja Range Boss est\u00e1 suavemente pulida hasta obtener un borde fino que es tan afilado que te sorprender\u00e1. Est\u00e1 lavado a la piedra para resistir el \u00f3xido y su versatilidad lo convierte en un muy buen cuchillo para desollar, sin mencionar la preparaci\u00f3n de alimentos. El mango de nailon reforzado con vidrio tiene una textura con un patr\u00f3n de puntos para un buen agarre y cuenta con el famoso bloqueo Tri-Ad\u00ae para una resistencia superior.<\/p>\n<p>\u00abSiempre me encantar\u00e1 un cuchillo s\u00faper delgado y ultraligero con una hoja larga y una punta \u00fatil. Es por eso que el Range Boss ser\u00e1 uno de mis cuchillos cotidianos. Al igual que el Hold Out de 3\u00bb, es lo suficientemente liviano como para llevarlo las 24 horas del d\u00eda, los 7 d\u00edas de la semana. En el bolsillo de mi camisa y en adelante, a diferencia del Hold Out, cuenta con un clip m\u00e1s vers\u00e1til que personalmente encontr\u00e9 muy adecuado para vestir y despellejar incluso jabal\u00edes grandes de hasta 250 libras. Usa los naturales para la granja o la tienda y ayuda al nuevo p\u00edcaro en la jungla urbana. \u00a1\u00a1\u00a1Tiene un precio muy razonable y creo que ofrece un valor tremendo, especialmente si se tiene en cuenta que viene con la famosa cerradura Tri-AD de Cold Steel!!!\u201d &#8211; Lynn Thompson.<\/p>\n<p>PARAMETROS DEL PRODUCTO<br \/>\nGrosor de la hoja: 3,5 mm<br \/>\nMaterial del mango: Largo Zy-Ex\u2122<br \/>\nDe color negro<br \/>\nTipo de fusible: Tri-Ad Lock<br \/>\nPeso: 96 gramos<br \/>\nLongitud del mango: 134 mm<br \/>\nLongitud de la hoja: 101 mm<br \/>\nTama\u00f1o total: 235 mm<br \/>\nAcero: Acero 4034SS<\/p>\n<p>Ya sea que est\u00e9 recorriendo la cordillera en un taxi en Manhattan o montando a caballo en Montana, estamos seguros de que apreciar\u00e1 nuestro Range Boss. Dise\u00f1ado para andar todo el d\u00eda en el bolsillo o en la cintura, es liviano y f\u00e1cil de transportar. No ocupa mucho espacio y puede pasarse pr\u00e1cticamente desapercibido hasta que lo abres. La hoja con punta de clip del Range Boss es plana hasta un borde delgado que es tan afilado que lo sorprender\u00e1. Est\u00e1 lavado a la piedra para resistir el \u00f3xido y su versatilidad lo convierte en un muy buen cuchillo para despellejar, sin mencionar tambi\u00e9n la preparaci\u00f3n de alimentos. El mango de nailon reforzado con vidrio tiene una textura con un patr\u00f3n punteado para un buen agarre y cuenta con el famoso bloqueo Tri-Ad\u00ae para una resistencia superlativa.<\/p>\n<p>\u00abSiempre ser\u00e9 un fan\u00e1tico de un cuchillo s\u00faper delgado y ultraligero con una hoja larga y una punta \u00fatil. Es por eso que el Range Boss ser\u00e1 uno de mis cuchillos diarios. Al igual que el Hold Out de 3&#8243;, es lo suficientemente liviano como para viaje las 24 horas del d\u00eda, los 7 d\u00edas de la semana en el bolsillo de mi camisa y, a diferencia del Hold Out, cuenta con un punto de clip m\u00e1s vers\u00e1til, que personalmente he encontrado muy adecuado para vestir y desollar en el campo incluso grandes jabal\u00edes de hasta 250 libras. Un producto natural para granjas, ranchos o tiendas. usa y ayuda al nuevo slouch en la jungla urbana. Tiene un precio muy razonable y creo que ofrece un valor tremendo, \u00a1\u00a1\u00a1especialmente si consideras que viene con el famoso Tri-AD Lock de Cold Steel!!!\u00bb -Lynn Thompson<\/p>\n<p>Peso: 3,4 oz Grosor de la hoja: 3,5 mm Longitud\/material del mango: Mango Zy-Ex\u2122 de 5 1\/4 pulgadas de largo Acero de la hoja: acero 4034SS Longitud de la hoja: 4 pulgadas Longitud total: 9 1\/4 pulgadas Tipo de cuchillo: Carpeta Rango de longitud de la hoja: 3- 5 pulgadas Familia de acero: 4034 Forma de la hoja: Punta de clip Mecanismo de bloqueo: Tri-Ad Lock Familia de productos: Range Boss<\/p>\n","protected":false},"excerpt":{"rendered":"<p>La Range Boss es una navaja plegable con hoja lisa y corte plano. Es un EDC cl\u00e1sico, es decir, un cuchillo para uso diario. Una herramienta de trabajo relativamente grande pero agradablemente ligera.<\/p>\n","protected":false},"featured_media":335484,"comment_status":"open","ping_status":"closed","template":"","meta":[],"pwb-brand":[3790],"product_brand":[],"product_cat":[3730,3726],"product_tag":[],"class_list":{"0":"post-335483","1":"product","2":"type-product","3":"status-publish","4":"has-post-thumbnail","6":"pwb-brand-arma-blanca","7":"product_cat-cuchillas-de-cierre","8":"product_cat-cuchillos","10":"first","11":"instock","12":"taxable","13":"shipping-taxable","14":"purchasable","15":"product-type-simple"},"brands":[{"id":3790,"name":"Arma blanca","slug":"arma-blanca"}],"_links":{"self":[{"href":"https:\/\/www.moskito.cz\/es\/wp-json\/wp\/v2\/product\/335483","targetHints":{"allow":["GET"]}}],"collection":[{"href":"https:\/\/www.moskito.cz\/es\/wp-json\/wp\/v2\/product"}],"about":[{"href":"https:\/\/www.moskito.cz\/es\/wp-json\/wp\/v2\/types\/product"}],"replies":[{"embeddable":true,"href":"https:\/\/www.moskito.cz\/es\/wp-json\/wp\/v2\/comments?post=335483"}],"wp:featuredmedia":[{"embeddable":true,"href":"https:\/\/www.moskito.cz\/es\/wp-json\/wp\/v2\/media\/335484"}],"wp:attachment":[{"href":"https:\/\/www.moskito.cz\/es\/wp-json\/wp\/v2\/media?parent=335483"}],"wp:term":[{"taxonomy":"pwb-brand","embeddable":true,"href":"https:\/\/www.moskito.cz\/es\/wp-json\/wp\/v2\/pwb-brand?post=335483"},{"taxonomy":"product_brand","embeddable":true,"href":"https:\/\/www.moskito.cz\/es\/wp-json\/wp\/v2\/product_brand?post=335483"},{"taxonomy":"product_cat","embeddable":true,"href":"https:\/\/www.moskito.cz\/es\/wp-json\/wp\/v2\/product_cat?post=335483"},{"taxonomy":"product_tag","embeddable":true,"href":"https:\/\/www.moskito.cz\/es\/wp-json\/wp\/v2\/product_tag?post=335483"}],"curies":[{"name":"wp","href":"https:\/\/api.w.org\/{rel}","templated":true}]}}