{"id":335503,"date":"2021-07-22T10:01:41","date_gmt":"2021-07-22T09:01:41","guid":{"rendered":"https:\/\/www.moskito.cz\/produkt\/cuchillo-plegable-cold-steel-ti-lite-de-6-pulgadas-cpm-s35vn\/"},"modified":"2024-04-19T09:43:42","modified_gmt":"2024-04-19T08:43:42","slug":"cuchillo-plegable-cold-steel-ti-lite-de-6-pulgadas-cpm-s35vn","status":"publish","type":"product","link":"https:\/\/www.moskito.cz\/es\/produkt\/cuchillo-plegable-cold-steel-ti-lite-de-6-pulgadas-cpm-s35vn\/","title":{"rendered":"Cuchillo plegable Cold Steel Ti-lite de 6 pulgadas CPM S35VN"},"content":{"rendered":"<p>Navaja plegable <strong>Cold Steel<\/strong> Ti-lite CPM S35VN de 6 pulgadas.<\/p>\n<p>Los componentes t\u00e1cticos Ti-Lite evocan la elegante velocidad y las l\u00edneas rebeldes del cl\u00e1sico Switchblade de los a\u00f1os 50. vuelo. Sin embargo, a diferencia de la mayor\u00eda de las navajas plegables, es legal llevarlas a casi cualquier lugar. Cuentan con hojas de aleaci\u00f3n American S35VN con DLC (recubrimiento similar al diamante), afiladas con puntas robustas y afiladas. Los mangos est\u00e1n fabricados en G-10 de alta calidad. Y para m\u00e1xima resistencia y seguridad, hemos equipado nuestros Ti-Lites con cerraduras de resorte de l\u00e1mina de acero inoxidable patentadas (que resisten 130 libras en nuestras pruebas). Para facilitar su transporte, los Ti-Lites cuentan con un clip de bolsillo de acero peque\u00f1o pero discreto y se pueden abrir r\u00e1pidamente usando los botones para el pulgar o agarrando el quil\u00f3n en el borde del bolsillo mientras saca el cuchillo. Agradecemos al fabricante de cuchillos personalizados Phil Boguszewski por su influencia en el dise\u00f1o y su asistencia en la creaci\u00f3n de Ti-Lites.<\/p>\n<p>Largo total: 33cm<br \/>\nLongitud de la hoja: 15 cm<br \/>\nLargo cerrado: 18 cm<br \/>\nGrosor de la hoja: 4 mm<br \/>\nPeso: 201 gramos<br \/>\nAcero: acero inoxidable CPM-S35VN<br \/>\nMango: G-10 negro<br \/>\nSeguridad: Linerlock<br \/>\nClip de bolsillo<\/p>\n<p><strong>Cold Steel<\/strong> es una empresa dedicada a la producci\u00f3n de los cuchillos m\u00e1s fuertes y afilados del mundo. Durante las \u00faltimas tres d\u00e9cadas, Cold Steel ha estado a la vanguardia de muchas innovaciones que han ayudado a definir la industria de los cuchillos. Los \u00e9xitos sucesivos, incluida la introducci\u00f3n de mangos a cuadros Kraton\u00ae y estilos de hojas de punta tanto, han pasado de caracter\u00edsticas curiosas a caracter\u00edsticas industriales de calidad y sofisticaci\u00f3n. La nueva direcci\u00f3n tambi\u00e9n se rompi\u00f3 con la introducci\u00f3n de nuevas hojas de acero \u00fanicas como San Mai III\u00ae y Tri-Ad \u2122 Lock &amp; Locking Mecanismo para navajas plegables. Por ejemplo, el Tri-Ad \u2122 Lock nunca ha sido igualado por ninguno de los competidores de Cold Steel y no se ha demostrado que supere a nada de lo que han producido hasta la fecha. Por supuesto, Cold Steel siempre mirar\u00e1 hacia el futuro y se esforzar\u00e1 constantemente por producir los cuchillos m\u00e1s fuertes y afilados del mundo. Este objetivo, igualmente esquivo y dif\u00edcil de alcanzar, ha sido el mismo durante los \u00faltimos cuarenta a\u00f1os. Acero fr\u00edo Inc. es una empresa enfocada en producir los cuchillos, espadas, hachas de guerra, machetes, cubiertos y herramientas m\u00e1s fuertes y afilados para el uso diario: EDC. Adoptado r\u00e1pidamente por el ej\u00e9rcito, las fuerzas especiales del orden p\u00fablico, los servicios de emergencia, los profesionales de la autodefensa y los miembros de la comunidad de artes marciales, Cold Steel r\u00e1pidamente se hizo un nombre por su calidad, resistencia, confiabilidad y confiabilidad en el transporte diario (EDC). . Nuestra diversa y variada l\u00ednea creci\u00f3 r\u00e1pidamente hasta incluir no solo una enorme selecci\u00f3n de navajas plegables (desde hojas &#8216;EDC&#8217; m\u00e1s peque\u00f1as hasta nuestras ic\u00f3nicas &#8216;megacarpetas&#8217; gigantes), sino tambi\u00e9n hojas fijas, espadas, sables, bastones y alabardas, como \u00a1Adem\u00e1s de suministros de caza, lanzas, rifles, hachas, machetes, hachas de guerra y herramientas! A lo largo de las d\u00e9cadas, Cold Steel ha introducido nuevos materiales y dise\u00f1os pioneros que han ayudado a dar forma al mundo de los cuchillos, las armas blancas y las herramientas modernas. Desde la introducci\u00f3n de empu\u00f1aduras a cuadros Kraton\u00ae y la hoja Tanto \u201camericanizada\u201d, hasta la inclusi\u00f3n de nuevos e innovadores aceros para hojas como San Mai III\u00ae y mecanismos de bloqueo innovadores (como nuestro Tri-Ad \u2122 Lock). Mientras miramos hacia el futuro, Cold Steel contin\u00faa aportando nuevos niveles de resistencia, seguridad y rendimiento al mercado, brindando productos probados en los que puede confiar, \u00a1en cualquier momento y en cualquier lugar!<\/p>\n","protected":false},"excerpt":{"rendered":"<p>Navaja <strong>Cold Steel<\/strong> con clip de seguridad y transporte.<\/p>\n<p><strong>Transporte gratuito.<\/strong><\/p>\n","protected":false},"featured_media":335504,"comment_status":"open","ping_status":"closed","template":"","meta":[],"pwb-brand":[3790],"product_brand":[],"product_cat":[3730,3726],"product_tag":[],"class_list":{"0":"post-335503","1":"product","2":"type-product","3":"status-publish","4":"has-post-thumbnail","6":"pwb-brand-arma-blanca","7":"product_cat-cuchillas-de-cierre","8":"product_cat-cuchillos","10":"first","11":"instock","12":"taxable","13":"shipping-taxable","14":"purchasable","15":"product-type-simple"},"brands":[{"id":3790,"name":"Arma blanca","slug":"arma-blanca"}],"_links":{"self":[{"href":"https:\/\/www.moskito.cz\/es\/wp-json\/wp\/v2\/product\/335503","targetHints":{"allow":["GET"]}}],"collection":[{"href":"https:\/\/www.moskito.cz\/es\/wp-json\/wp\/v2\/product"}],"about":[{"href":"https:\/\/www.moskito.cz\/es\/wp-json\/wp\/v2\/types\/product"}],"replies":[{"embeddable":true,"href":"https:\/\/www.moskito.cz\/es\/wp-json\/wp\/v2\/comments?post=335503"}],"wp:featuredmedia":[{"embeddable":true,"href":"https:\/\/www.moskito.cz\/es\/wp-json\/wp\/v2\/media\/335504"}],"wp:attachment":[{"href":"https:\/\/www.moskito.cz\/es\/wp-json\/wp\/v2\/media?parent=335503"}],"wp:term":[{"taxonomy":"pwb-brand","embeddable":true,"href":"https:\/\/www.moskito.cz\/es\/wp-json\/wp\/v2\/pwb-brand?post=335503"},{"taxonomy":"product_brand","embeddable":true,"href":"https:\/\/www.moskito.cz\/es\/wp-json\/wp\/v2\/product_brand?post=335503"},{"taxonomy":"product_cat","embeddable":true,"href":"https:\/\/www.moskito.cz\/es\/wp-json\/wp\/v2\/product_cat?post=335503"},{"taxonomy":"product_tag","embeddable":true,"href":"https:\/\/www.moskito.cz\/es\/wp-json\/wp\/v2\/product_tag?post=335503"}],"curies":[{"name":"wp","href":"https:\/\/api.w.org\/{rel}","templated":true}]}}