{"id":335548,"date":"2022-04-16T14:44:59","date_gmt":"2022-04-16T13:44:59","guid":{"rendered":"https:\/\/www.moskito.cz\/produkt\/cuchillo-fijo-cold-steel-tiger-karambit\/"},"modified":"2025-05-07T11:12:35","modified_gmt":"2025-05-07T10:12:35","slug":"cuchillo-fijo-cold-steel-tiger-karambit","status":"publish","type":"product","link":"https:\/\/www.moskito.cz\/es\/produkt\/cuchillo-fijo-cold-steel-tiger-karambit\/","title":{"rendered":"Cuchillo Fijo Cold Steel Tiger Karambit"},"content":{"rendered":"<p>Cuchillo Fijo <strong>Cold Steel<\/strong> Tiger Karambit<\/p>\n<p>El Steel Tiger es una interpretaci\u00f3n t\u00e1ctica completamente moderna del karambit indonesio. Una colaboraci\u00f3n de dise\u00f1o entre Lynn C. Thompson y el fallecido fabricante de cuchillos personalizados Steven Likarich, el Steel Tiger fue dise\u00f1ado para tomar las mejores caracter\u00edsticas de esta ic\u00f3nica hoja curva e incorporarlas a la perfecci\u00f3n en materiales y estilos modernos. Profundamente curvada y afilada como una aguja, la hoja de acero inoxidable AUS 8A Steel Tiger est\u00e1 tratada t\u00e9rmicamente al vac\u00edo y endurecida bajo cero, c\u00f3nica y lavada a la piedra para m\u00e1xima resistencia, potencia de corte, retenci\u00f3n de bordes y rendimiento. El duradero agarre central Griv-Ex encapsula completamente el agarre, que se levanta para crear soporte, un estante para el pulgar y un anillo de dedo prominente. Luego, a este n\u00facleo se le inyecta Kray-Ex\u2122 de primera calidad, lo que crea un excelente agarre antideslizante que no te defraudar\u00e1 incluso cuando tengas las manos fr\u00edas o mojadas. Para mayor seguridad y comodidad, el Steel Tiger viene con una funda Secure-Ex de estilo militar que se puede sujetar a su equipo o sujetar con un clip extra\u00edble para cintur\u00f3n o zapato.<\/p>\n<p>Tama\u00f1o total 222 mm<br \/>\nLongitud de la hoja 120 mm<br \/>\nAcero Japon\u00e9s AUS 8A Inoxidable con Acabado Lavado a la Piedra<br \/>\nMaterial de agarre Griv-Ex\u2122 con Kray-Ex\u2122 sobremoldeado<br \/>\nGrosor de la hoja 5 mm<br \/>\nPeso 141,47 gramos<br \/>\nLongitud del mango 127 mm<br \/>\nTama\u00f1o de cabeza 0<br \/>\nMaterial de la funda Secure-Ex\u00ae<\/p>\n<p>&nbsp;<\/p>\n<p>El Steel Tiger es una interpretaci\u00f3n t\u00e1ctica completamente moderna del Karambit indonesio. Una colaboraci\u00f3n de dise\u00f1o entre Lynn C. Thompson y el fallecido fabricante de cuchillos personalizados Steven Likarich, el Steel Tiger fue dise\u00f1ado para poseer las mejores caracter\u00edsticas de esta ic\u00f3nica hoja con forma de gancho e integrarlas perfectamente con materiales y estilos modernos. La hoja de acero inoxidable AUS 8A, profundamente curvada y afilada como una aguja, est\u00e1 tratada t\u00e9rmicamente al vac\u00edo y templada bajo cero, rectificada de forma c\u00f3nica y tiene un acabado lavado a la piedra para m\u00e1xima resistencia, potencia de corte, retenci\u00f3n de bordes y rendimiento. El duradero mango central Griv-Ex encapsula completamente la espiga y emerge para crear el refuerzo, el estante para el pulgar y el distintivo anillo para el dedo. Luego, este n\u00facleo se sobremoldea por inyecci\u00f3n con Kray-Ex\u2122 de primera calidad, lo que crea un excelente agarre antideslizante que no te defraudar\u00e1 incluso cuando tengas las manos fr\u00edas o mojadas. Para mayor seguridad y comodidad, el Steel Tiger viene con una funda Secure-Ex de estilo militar que puede sujetar a su equipo o sujetar a su persona a trav\u00e9s del clip extra\u00edble para cintur\u00f3n o bota.<\/p>\n","protected":false},"excerpt":{"rendered":"<p>Steel Tiger de COLD STEEL es un cuchillo s\u00f3lido con un borde liso. Es una nueva interpretaci\u00f3n del ic\u00f3nico cuchillo karambit de Indonesia.<\/p>\n","protected":false},"featured_media":335549,"comment_status":"open","ping_status":"closed","template":"","meta":[],"pwb-brand":[3790],"product_brand":[],"product_cat":[3792,3726],"product_tag":[],"class_list":{"0":"post-335548","1":"product","2":"type-product","3":"status-publish","4":"has-post-thumbnail","6":"pwb-brand-arma-blanca","7":"product_cat-karambits-es","8":"product_cat-cuchillos","10":"first","11":"instock","12":"taxable","13":"shipping-taxable","14":"purchasable","15":"product-type-simple"},"brands":[{"id":3790,"name":"Arma blanca","slug":"arma-blanca"}],"_links":{"self":[{"href":"https:\/\/www.moskito.cz\/es\/wp-json\/wp\/v2\/product\/335548","targetHints":{"allow":["GET"]}}],"collection":[{"href":"https:\/\/www.moskito.cz\/es\/wp-json\/wp\/v2\/product"}],"about":[{"href":"https:\/\/www.moskito.cz\/es\/wp-json\/wp\/v2\/types\/product"}],"replies":[{"embeddable":true,"href":"https:\/\/www.moskito.cz\/es\/wp-json\/wp\/v2\/comments?post=335548"}],"wp:featuredmedia":[{"embeddable":true,"href":"https:\/\/www.moskito.cz\/es\/wp-json\/wp\/v2\/media\/335549"}],"wp:attachment":[{"href":"https:\/\/www.moskito.cz\/es\/wp-json\/wp\/v2\/media?parent=335548"}],"wp:term":[{"taxonomy":"pwb-brand","embeddable":true,"href":"https:\/\/www.moskito.cz\/es\/wp-json\/wp\/v2\/pwb-brand?post=335548"},{"taxonomy":"product_brand","embeddable":true,"href":"https:\/\/www.moskito.cz\/es\/wp-json\/wp\/v2\/product_brand?post=335548"},{"taxonomy":"product_cat","embeddable":true,"href":"https:\/\/www.moskito.cz\/es\/wp-json\/wp\/v2\/product_cat?post=335548"},{"taxonomy":"product_tag","embeddable":true,"href":"https:\/\/www.moskito.cz\/es\/wp-json\/wp\/v2\/product_tag?post=335548"}],"curies":[{"name":"wp","href":"https:\/\/api.w.org\/{rel}","templated":true}]}}