{"id":335569,"date":"2022-04-18T21:21:14","date_gmt":"2024-04-19T09:28:27","guid":{"rendered":"https:\/\/www.moskito.cz\/produkt\/navaja-cold-steel-ultimate-hunter-naranja-s35vn\/"},"modified":"2025-05-07T11:12:38","modified_gmt":"2025-05-07T10:12:38","slug":"navaja-cold-steel-ultimate-hunter-naranja-s35vn","status":"publish","type":"product","link":"https:\/\/www.moskito.cz\/es\/produkt\/navaja-cold-steel-ultimate-hunter-naranja-s35vn\/","title":{"rendered":"Navaja Cold Steel ULTIMATE HUNTER NARANJA (S35VN)"},"content":{"rendered":"<p>Navaja <strong>Cold Steel<\/strong> ULTIMATE HUNTER NARANJA (S35VN)<\/p>\n<p>Una colaboraci\u00f3n de dise\u00f1o entre el fabricante de cuchillos personalizados Andrew Demke y Lynn C. Thompson, Ultimate Hunter representa la culminaci\u00f3n de casi 3 a\u00f1os de desarrollo de dise\u00f1o. Pruebas de campo exhaustivas en 4 continentes: \u00a1Ultimate Hunter ha demostrado su eficacia una y otra vez! Fabricada con acero americano S35VN, la Ultimate Hunter se muele a mano hasta convertirla en una navaja que dura incre\u00edblemente. Los pu\u00f1os G-10 mecanizados por CNC, muy granallados, son c\u00f3modamente suaves y al mismo tiempo proporcionan un agarre muy seguro. Con un mecanismo de bloqueo Tri-Ad s\u00faper fuerte para mayor seguridad, el Ultimate Hunter es una hoja de pura raza para caza y actividades al aire libre que tambi\u00e9n es un excelente cuchillo para llevar todos los d\u00edas: \u00a1pr\u00e1ctico, funcional e incre\u00edblemente capaz!<\/p>\n<p>PARAMETROS DEL PRODUCTO<br \/>\nColor : Naranja\/Plata<br \/>\nPeso: 139 gramos<br \/>\nLongitud de la hoja: 89 mm<br \/>\nLongitud del mango: 126 mm<br \/>\nGrosor de la hoja: 3,5 mm<\/p>\n<p>Acero: CPM-S35VN<br \/>\nTama\u00f1o total: 215 mm<br \/>\nTipo de fusible: Tri-Ad Lock<\/p>\n<p>Una colaboraci\u00f3n de dise\u00f1o entre el fabricante de cuchillos personalizados Andrew Demko y Lynn C. Thompson, el Ultimate Hunter representa la culminaci\u00f3n de casi 3 a\u00f1os de evoluci\u00f3n del dise\u00f1o. Probado exhaustivamente en 4 continentes: \u00a1Ultimate Hunter ha demostrado su val\u00eda una y otra vez! Hecho de acero americano S35VN, el Ultimate Hunter est\u00e1 pulido a mano hasta obtener un filo que durar\u00e1 incre\u00edblemente mucho tiempo. Los mangos G-10 mecanizados por CNC y granallados son c\u00f3modamente suaves y, al mismo tiempo, brindan un agarre muy seguro. Equipado con un mecanismo de bloqueo Tri-Ad s\u00faper resistente para mayor seguridad, el Ultimate Hunter es una hoja pura sangre para caza y actividades al aire libre que tambi\u00e9n es un excelente cuchillo para llevar todos los d\u00edas: \u00a1pr\u00e1ctico, funcional e incre\u00edblemente capaz!<\/p>\n<p>Peso: 4,9 oz Grosor de la hoja: 3,5 mm Longitud de la hoja: 3-1\/2&#8243; Acero de la hoja: American S35VN Longitud\/material del mango: 5&#8243; G-10 mecanizado en 3D Longitud total: 8-1\/2&#8243; Caracter\u00edsticas adicionales: Bolsillo ambidiestro \/ Clip para cintur\u00f3n Tipo de cuchilla: Carpeta Rango de longitud de la hoja: 3-5 pulgadas Familia de acero: CPM Forma de la hoja: Punto de ca\u00edda Mecanismo de bloqueo: Bloqueo Tri-Ad<\/p>\n","protected":false},"excerpt":{"rendered":"<p>COLD STEEL Ultimate Hunter Blazem Orange es una navaja de caza plegable para uso diario. El material y el procesamiento de la hoja hacen que este cuchillo sea excepcional. Esta versi\u00f3n naranja es de edici\u00f3n limitada con hoja numerada.<\/p>\n","protected":false},"featured_media":335572,"comment_status":"open","ping_status":"closed","template":"","meta":[],"pwb-brand":[3790],"product_brand":[],"product_cat":[3730,3726],"product_tag":[3756],"class_list":{"0":"post-335569","1":"product","2":"type-product","3":"status-publish","4":"has-post-thumbnail","6":"pwb-brand-arma-blanca","7":"product_cat-cuchillas-de-cierre","8":"product_cat-cuchillos","9":"product_tag-b2b-es","11":"first","12":"instock","13":"taxable","14":"shipping-taxable","15":"purchasable","16":"product-type-simple"},"brands":[{"id":3790,"name":"Arma blanca","slug":"arma-blanca"}],"_links":{"self":[{"href":"https:\/\/www.moskito.cz\/es\/wp-json\/wp\/v2\/product\/335569","targetHints":{"allow":["GET"]}}],"collection":[{"href":"https:\/\/www.moskito.cz\/es\/wp-json\/wp\/v2\/product"}],"about":[{"href":"https:\/\/www.moskito.cz\/es\/wp-json\/wp\/v2\/types\/product"}],"replies":[{"embeddable":true,"href":"https:\/\/www.moskito.cz\/es\/wp-json\/wp\/v2\/comments?post=335569"}],"wp:featuredmedia":[{"embeddable":true,"href":"https:\/\/www.moskito.cz\/es\/wp-json\/wp\/v2\/media\/335572"}],"wp:attachment":[{"href":"https:\/\/www.moskito.cz\/es\/wp-json\/wp\/v2\/media?parent=335569"}],"wp:term":[{"taxonomy":"pwb-brand","embeddable":true,"href":"https:\/\/www.moskito.cz\/es\/wp-json\/wp\/v2\/pwb-brand?post=335569"},{"taxonomy":"product_brand","embeddable":true,"href":"https:\/\/www.moskito.cz\/es\/wp-json\/wp\/v2\/product_brand?post=335569"},{"taxonomy":"product_cat","embeddable":true,"href":"https:\/\/www.moskito.cz\/es\/wp-json\/wp\/v2\/product_cat?post=335569"},{"taxonomy":"product_tag","embeddable":true,"href":"https:\/\/www.moskito.cz\/es\/wp-json\/wp\/v2\/product_tag?post=335569"}],"curies":[{"name":"wp","href":"https:\/\/api.w.org\/{rel}","templated":true}]}}