{"id":335589,"date":"2021-07-23T11:42:43","date_gmt":"2024-04-19T09:33:39","guid":{"rendered":"https:\/\/www.moskito.cz\/produkt\/cuchillo-plegable-con-punta-de-lanza-code-4-de-cold-steel\/"},"modified":"2025-05-07T11:12:40","modified_gmt":"2025-05-07T10:12:40","slug":"cuchillo-plegable-con-punta-de-lanza-code-4-de-cold-steel","status":"publish","type":"product","link":"https:\/\/www.moskito.cz\/es\/produkt\/cuchillo-plegable-con-punta-de-lanza-code-4-de-cold-steel\/","title":{"rendered":"Cuchillo plegable con punta de lanza Code 4 de Cold Steel"},"content":{"rendered":"<p>Cuchillo plegable con punta de lanza <strong>Cold Steel<\/strong> Code 4.<\/p>\n<p>Durante el desarrollo de <strong>Cold Steel<\/strong>  Nuestro objetivo era Code 4: crear una navaja multiusos ultrafina, ultraligera y altamente funcional que se sienta como un juguete. Es muy reconfortante saber que llevas un buen cuchillo, y muchos de nuestros amigos encargados de hacer cumplir la ley hablan de c\u00f3mo siempre est\u00e1n buscando ese cuchillo confiable y liviano que pueda convertirse en una parte permanente de su vida diaria. Creemos \u00a1Nuestro Codex 4 est\u00e1 destinado a convertirse en este cuchillo! No pesar\u00e1 su uniforme ni agregar\u00e1 volumen innecesario. Es un placer usarlo, \u00a1as\u00ed que siempre est\u00e1 ah\u00ed cuando lo necesitas! Cada Code 4 est\u00e1 disponible en una variedad de configuraciones de hoja, con clips de bolsillo de doble cara y pernos para el pulgar, y cuenta con un mango resistente, nuestro mecanismo de bloqueo Tri-Ad de renombre mundial y una hoja S35VN pulida altamente satinada.<\/p>\n<p>Material de la hoja: CPM-S35VN<br \/>\nLongitud de la hoja: 89 mm<br \/>\nGrosor de la hoja: 3,5 mm<br \/>\nLongitud total: 216 mm<br \/>\nPeso: 122 gramos<br \/>\nMaterial del mango: dural 6061, color negro<br \/>\nSeguridad: Bloqueo trasero<\/p>\n<p><strong>Cold Steel<\/strong> es una empresa dedicada a la producci\u00f3n de los cuchillos m\u00e1s fuertes y afilados del mundo. Durante las \u00faltimas tres d\u00e9cadas, Cold Steel ha estado a la vanguardia de muchas innovaciones que han ayudado a definir la industria de los cuchillos. Los \u00e9xitos sucesivos, incluida la introducci\u00f3n de mangos a cuadros Kraton\u00ae y estilos de hojas de punta tanto, han pasado de caracter\u00edsticas curiosas a caracter\u00edsticas industriales de calidad y sofisticaci\u00f3n. La nueva direcci\u00f3n tambi\u00e9n se rompi\u00f3 con la introducci\u00f3n de nuevas hojas de acero \u00fanicas como San Mai III\u00ae y Tri-Ad \u2122 Lock &amp; Locking Mecanismo para navajas plegables. Por ejemplo, el Tri-Ad \u2122 Lock nunca ha sido igualado por ninguno de los competidores de Cold Steel y no se ha demostrado que supere a nada de lo que han producido hasta la fecha. Por supuesto, Cold Steel siempre mirar\u00e1 hacia el futuro y se esforzar\u00e1 constantemente por producir los cuchillos m\u00e1s fuertes y afilados del mundo. Este objetivo, igualmente esquivo y dif\u00edcil de alcanzar, ha sido el mismo durante los \u00faltimos cuarenta a\u00f1os. Acero fr\u00edo Inc. es una empresa enfocada en producir los cuchillos, espadas, hachas de guerra, machetes, cubiertos y herramientas m\u00e1s fuertes y afilados para el uso diario: EDC. Adoptado r\u00e1pidamente por el ej\u00e9rcito, las fuerzas especiales del orden p\u00fablico, los servicios de emergencia, los profesionales de la autodefensa y los miembros de la comunidad de artes marciales, Cold Steel r\u00e1pidamente se hizo un nombre por su calidad, resistencia, confiabilidad y confiabilidad en el transporte diario (EDC). . Nuestra diversa y variada l\u00ednea creci\u00f3 r\u00e1pidamente hasta incluir no solo una enorme selecci\u00f3n de navajas plegables (desde hojas &#8216;EDC&#8217; m\u00e1s peque\u00f1as hasta nuestras ic\u00f3nicas &#8216;megacarpetas&#8217; gigantes), sino tambi\u00e9n hojas fijas, espadas, sables, bastones y alabardas, como \u00a1Adem\u00e1s de suministros de caza, lanzas, rifles, hachas, machetes, hachas de guerra y herramientas! A lo largo de las d\u00e9cadas, Cold Steel ha introducido nuevos materiales y dise\u00f1os pioneros que han ayudado a dar forma al mundo de los cuchillos, las armas blancas y las herramientas modernas. Desde la introducci\u00f3n de empu\u00f1aduras a cuadros Kraton\u00ae y la hoja Tanto \u201camericanizada\u201d, hasta la inclusi\u00f3n de nuevos e innovadores aceros para hojas como San Mai III\u00ae y mecanismos de bloqueo innovadores (como nuestro Tri-Ad \u2122 Lock). Mientras miramos hacia el futuro, Cold Steel contin\u00faa aportando nuevos niveles de resistencia, seguridad y rendimiento al mercado, brindando productos probados en los que puede confiar, \u00a1en cualquier momento y en cualquier lugar!<\/p>\n<p>Al desarrollar el Cold Steel Code 4, nuestro objetivo era crear un cuchillo multiusos ultradelgado, ultraligero y altamente funcional que fuera muy f\u00e1cil de transportar. Es un gran consuelo saber que llevas un buen cuchillo, y muchos de nuestros amigos en las fuerzas del orden hablan de c\u00f3mo siempre est\u00e1n buscando esa hoja confiable y liviana que pueda convertirse en una parte permanente de su carga diaria. \u00a1Creemos que nuestro C\u00f3digo 4 est\u00e1 destinado a convertirse en ese cuchillo! No pesar\u00e1 su uniforme ni agregar\u00e1 volumen innecesario. \u00a1Es un placer llevarlo as\u00ed que siempre est\u00e1 ah\u00ed cuando lo necesitas! Disponible en una variedad de configuraciones de hojas, con clips de bolsillo ambidiestros y pernos para el pulgar, cada C\u00f3digo 4 cuenta con mangos de aluminio 6061 de color gris metalizado anodizado duro, nuestro mecanismo de bloqueo Tri-Ad de renombre mundial y S35VN con pulido satinado y afilado. cuchillas.<\/p>\n<p>Peso: 4,3 oz Grosor de la hoja: 3,5 mm Longitud de la hoja: 3-1\/2&#8243; Acero de la hoja: American S35VN Longitud\/material del mango: 5&#8243; Aluminio 6061 Longitud total: 8-1\/2&#8243; Caracter\u00edsticas adicionales: Navaja ambidiestra de bolsillo\/con clip para cintur\u00f3n Tipo: Carpeta Rango de longitud de la hoja: 3-5 pulgadas Familia de acero: CPM Forma de la hoja: Punta de clip Mecanismo de bloqueo: Tri-Ad Lock Familia de productos: C\u00f3digo 4<\/p>\n","protected":false},"excerpt":{"rendered":"<p>C\u00f3digo 4 Clip pt. Plain Edge de COLD STEEL es una navaja plegable muy ligera, muy resistente y con un filo liso. Code 4 es un cuchillo para todos aquellos que trabajan en seguridad privada o en las fuerzas armadas.<\/p>\n","protected":false},"featured_media":335590,"comment_status":"open","ping_status":"closed","template":"","meta":[],"pwb-brand":[3790],"product_brand":[],"product_cat":[3730,3726],"product_tag":[],"class_list":{"0":"post-335589","1":"product","2":"type-product","3":"status-publish","4":"has-post-thumbnail","6":"pwb-brand-arma-blanca","7":"product_cat-cuchillas-de-cierre","8":"product_cat-cuchillos","10":"first","11":"instock","12":"taxable","13":"shipping-taxable","14":"purchasable","15":"product-type-simple"},"brands":[{"id":3790,"name":"Arma blanca","slug":"arma-blanca"}],"_links":{"self":[{"href":"https:\/\/www.moskito.cz\/es\/wp-json\/wp\/v2\/product\/335589","targetHints":{"allow":["GET"]}}],"collection":[{"href":"https:\/\/www.moskito.cz\/es\/wp-json\/wp\/v2\/product"}],"about":[{"href":"https:\/\/www.moskito.cz\/es\/wp-json\/wp\/v2\/types\/product"}],"replies":[{"embeddable":true,"href":"https:\/\/www.moskito.cz\/es\/wp-json\/wp\/v2\/comments?post=335589"}],"wp:featuredmedia":[{"embeddable":true,"href":"https:\/\/www.moskito.cz\/es\/wp-json\/wp\/v2\/media\/335590"}],"wp:attachment":[{"href":"https:\/\/www.moskito.cz\/es\/wp-json\/wp\/v2\/media?parent=335589"}],"wp:term":[{"taxonomy":"pwb-brand","embeddable":true,"href":"https:\/\/www.moskito.cz\/es\/wp-json\/wp\/v2\/pwb-brand?post=335589"},{"taxonomy":"product_brand","embeddable":true,"href":"https:\/\/www.moskito.cz\/es\/wp-json\/wp\/v2\/product_brand?post=335589"},{"taxonomy":"product_cat","embeddable":true,"href":"https:\/\/www.moskito.cz\/es\/wp-json\/wp\/v2\/product_cat?post=335589"},{"taxonomy":"product_tag","embeddable":true,"href":"https:\/\/www.moskito.cz\/es\/wp-json\/wp\/v2\/product_tag?post=335589"}],"curies":[{"name":"wp","href":"https:\/\/api.w.org\/{rel}","templated":true}]}}