{"id":335622,"date":"2022-11-02T19:58:41","date_gmt":"2022-11-02T18:58:41","guid":{"rendered":"https:\/\/www.moskito.cz\/produkt\/navaja-cold-steel-black-talon-ii-s35vn\/"},"modified":"2025-05-07T11:12:42","modified_gmt":"2025-05-07T10:12:42","slug":"navaja-cold-steel-black-talon-ii-s35vn","status":"publish","type":"product","link":"https:\/\/www.moskito.cz\/es\/produkt\/navaja-cold-steel-black-talon-ii-s35vn\/","title":{"rendered":"Navaja Cold Steel BLACK TALON II (S35VN)"},"content":{"rendered":"<p>Navaja <strong>Cold Steel<\/strong> BLACK TALON II (S35VN)<\/p>\n<p>Una colaboraci\u00f3n de dise\u00f1o entre la presidenta de Cold Steel, Lynn C Thompson, y el fabricante de cuchillos personalizados Andrew Demke, \u00a1el Black Talon II es una obra maestra moderna! Es una hoja en zigzag, afilada como una aguja, que todav\u00eda presenta la punta curvada hacia abajo y el vientre pronunciado del original, pero con un s\u00faper acero americano S35VN de primera l\u00ednea y una punta redise\u00f1ada para mayor resistencia y durabilidad. Las b\u00e1sculas G10 con textura premium ofrecen m\u00e1ximo agarre y sujeci\u00f3n incluso en condiciones de fr\u00edo o humedad, sin dejar de ser suaves con la ropa cuando se sacan del bolsillo.<\/p>\n<p>El contraste entre las escamas de color negro oscuro y la hermosa hoja pulida satinada acent\u00faa a\u00fan m\u00e1s el estilo de este componente atractivo y elegante. \u00a1Con nuestro mecanismo de bloqueo Tri-Ad de alto rendimiento para mayor seguridad y resistencia, este cuchillo delgado, liviano y llamativo seguramente ser\u00e1 un elemento b\u00e1sico en la colecci\u00f3n de cualquier persona!<\/p>\n<p>PARAMETROS DEL PRODUCTO<br \/>\nLongitud de la hoja: 101 mm<br \/>\nColor: Negro\/Plata<br \/>\nLongitud del mango: 139 mm<br \/>\nTama\u00f1o total: 241 mm<br \/>\nMaterial del mango: Largo G-10<br \/>\nAcero: S35VN<br \/>\nGrosor de la hoja: 3,5 mm<br \/>\nPeso: 136,07 gramos<\/p>\n","protected":false},"excerpt":{"rendered":"<p>La Black Talon II Serrated Edge de Cold Steel es una navaja plegable con una hoja amenazadoramente curvada.<\/p>\n","protected":false},"featured_media":335623,"comment_status":"open","ping_status":"closed","template":"","meta":[],"pwb-brand":[3790],"product_brand":[],"product_cat":[3730,3726],"product_tag":[],"class_list":{"0":"post-335622","1":"product","2":"type-product","3":"status-publish","4":"has-post-thumbnail","6":"pwb-brand-arma-blanca","7":"product_cat-cuchillas-de-cierre","8":"product_cat-cuchillos","10":"first","11":"instock","12":"taxable","13":"shipping-taxable","14":"purchasable","15":"product-type-simple"},"brands":[{"id":3790,"name":"Arma blanca","slug":"arma-blanca"}],"_links":{"self":[{"href":"https:\/\/www.moskito.cz\/es\/wp-json\/wp\/v2\/product\/335622","targetHints":{"allow":["GET"]}}],"collection":[{"href":"https:\/\/www.moskito.cz\/es\/wp-json\/wp\/v2\/product"}],"about":[{"href":"https:\/\/www.moskito.cz\/es\/wp-json\/wp\/v2\/types\/product"}],"replies":[{"embeddable":true,"href":"https:\/\/www.moskito.cz\/es\/wp-json\/wp\/v2\/comments?post=335622"}],"wp:featuredmedia":[{"embeddable":true,"href":"https:\/\/www.moskito.cz\/es\/wp-json\/wp\/v2\/media\/335623"}],"wp:attachment":[{"href":"https:\/\/www.moskito.cz\/es\/wp-json\/wp\/v2\/media?parent=335622"}],"wp:term":[{"taxonomy":"pwb-brand","embeddable":true,"href":"https:\/\/www.moskito.cz\/es\/wp-json\/wp\/v2\/pwb-brand?post=335622"},{"taxonomy":"product_brand","embeddable":true,"href":"https:\/\/www.moskito.cz\/es\/wp-json\/wp\/v2\/product_brand?post=335622"},{"taxonomy":"product_cat","embeddable":true,"href":"https:\/\/www.moskito.cz\/es\/wp-json\/wp\/v2\/product_cat?post=335622"},{"taxonomy":"product_tag","embeddable":true,"href":"https:\/\/www.moskito.cz\/es\/wp-json\/wp\/v2\/product_tag?post=335622"}],"curies":[{"name":"wp","href":"https:\/\/api.w.org\/{rel}","templated":true}]}}