{"id":335642,"date":"2023-03-26T08:36:04","date_gmt":"2024-04-19T09:51:06","guid":{"rendered":"https:\/\/www.moskito.cz\/produkt\/cuchillo-plegable-cold-steel-range-boss-de-verde\/"},"modified":"2025-05-07T11:12:44","modified_gmt":"2025-05-07T10:12:44","slug":"cuchillo-plegable-cold-steel-range-boss-de-verde","status":"publish","type":"product","link":"https:\/\/www.moskito.cz\/es\/produkt\/cuchillo-plegable-cold-steel-range-boss-de-verde\/","title":{"rendered":"Cuchillo plegable Cold Steel RANGE BOSS DE VERDE"},"content":{"rendered":"<p>Cuchillo plegable <strong>Cold Steel<\/strong> RANGE BOSS DE VERDE<\/p>\n<p>Ya sea que est\u00e9 conduciendo un taxi en Manhattan o montando a caballo en Montana, estamos seguros de que apreciar\u00e1 nuestro Range Boss. Dise\u00f1ado para llevarlo en el bolsillo o en la cintura durante todo el d\u00eda, es liviano y f\u00e1cil de transportar. No ocupa mucho espacio y se puede llevar pr\u00e1cticamente desapercibido hasta que lo abres. La hoja Range Boss es plana hasta un borde delgado que es tan afilado que te sorprender\u00e1. Est\u00e1 lavado a la piedra para resistir el \u00f3xido y su versatilidad lo convierte en un muy buen cuchillo para desollar, sin mencionar la preparaci\u00f3n de alimentos. El mango de nailon reforzado con vidrio tiene una textura con un patr\u00f3n de puntos para un buen agarre y cuenta con el famoso bloqueo Tri-Ad\u00ae para una resistencia superior.<\/p>\n<p>Descripci\u00f3n:<\/p>\n<p>Tama\u00f1o total: 235 mm<br \/>\nLongitud de la hoja: 101 mm<br \/>\nGrosor de la hoja: 3,5 mm<br \/>\nLongitud del mango: 134 mm<br \/>\nMaterial de acero:<br \/>\nAcero 4034SS<br \/>\nMaterial del mango: Long Zy-Ex, verde<br \/>\nSeguridad: Bloqueo Tri-Ad<br \/>\nPeso: 96 gramos<\/p>\n","protected":false},"excerpt":{"rendered":"<p><strong>La Range Boss es una navaja plegable con hoja lisa y corte plano. Es un EDC cl\u00e1sico, es decir, un cuchillo para uso diario. Una herramienta de trabajo relativamente grande pero agradablemente ligera.<\/strong><\/p>\n","protected":false},"featured_media":335643,"comment_status":"open","ping_status":"closed","template":"","meta":[],"pwb-brand":[3790],"product_brand":[],"product_cat":[3730,3726],"product_tag":[],"class_list":{"0":"post-335642","1":"product","2":"type-product","3":"status-publish","4":"has-post-thumbnail","6":"pwb-brand-arma-blanca","7":"product_cat-cuchillas-de-cierre","8":"product_cat-cuchillos","10":"first","11":"instock","12":"taxable","13":"shipping-taxable","14":"purchasable","15":"product-type-simple"},"brands":[{"id":3790,"name":"Arma blanca","slug":"arma-blanca"}],"_links":{"self":[{"href":"https:\/\/www.moskito.cz\/es\/wp-json\/wp\/v2\/product\/335642","targetHints":{"allow":["GET"]}}],"collection":[{"href":"https:\/\/www.moskito.cz\/es\/wp-json\/wp\/v2\/product"}],"about":[{"href":"https:\/\/www.moskito.cz\/es\/wp-json\/wp\/v2\/types\/product"}],"replies":[{"embeddable":true,"href":"https:\/\/www.moskito.cz\/es\/wp-json\/wp\/v2\/comments?post=335642"}],"wp:featuredmedia":[{"embeddable":true,"href":"https:\/\/www.moskito.cz\/es\/wp-json\/wp\/v2\/media\/335643"}],"wp:attachment":[{"href":"https:\/\/www.moskito.cz\/es\/wp-json\/wp\/v2\/media?parent=335642"}],"wp:term":[{"taxonomy":"pwb-brand","embeddable":true,"href":"https:\/\/www.moskito.cz\/es\/wp-json\/wp\/v2\/pwb-brand?post=335642"},{"taxonomy":"product_brand","embeddable":true,"href":"https:\/\/www.moskito.cz\/es\/wp-json\/wp\/v2\/product_brand?post=335642"},{"taxonomy":"product_cat","embeddable":true,"href":"https:\/\/www.moskito.cz\/es\/wp-json\/wp\/v2\/product_cat?post=335642"},{"taxonomy":"product_tag","embeddable":true,"href":"https:\/\/www.moskito.cz\/es\/wp-json\/wp\/v2\/product_tag?post=335642"}],"curies":[{"name":"wp","href":"https:\/\/api.w.org\/{rel}","templated":true}]}}