{"id":335664,"date":"2023-06-28T19:22:09","date_gmt":"2024-04-19T09:58:18","guid":{"rendered":"https:\/\/www.moskito.cz\/produkt\/navaja-plegable-spyderco-stretch-2xl-ligera-c258psbk\/"},"modified":"2025-05-07T11:12:45","modified_gmt":"2025-05-07T10:12:45","slug":"navaja-plegable-spyderco-stretch-2xl-ligera-c258psbk","status":"publish","type":"product","link":"https:\/\/www.moskito.cz\/es\/produkt\/navaja-plegable-spyderco-stretch-2xl-ligera-c258psbk\/","title":{"rendered":"Navaja plegable Spyderco Stretch 2XL ligera C258PSBK"},"content":{"rendered":"<p>Navaja plegable Spyderco Stretch 2XL ligera C258PSBK<\/p>\n<p>Stretch 2 XL Lightweight de Spyderco es el siguiente cap\u00edtulo de una historia que comenz\u00f3 hace d\u00e9cadas. Su larga y rica historia comenz\u00f3 centr\u00e1ndose en las necesidades de los cazadores y amantes de la naturaleza; pero su dise\u00f1o ha seguido evolucionando mucho m\u00e1s all\u00e1 de ese rango hasta convertirse en una de las navajas multiusos m\u00e1s capaces de nuestra gama.<\/p>\n<p>Las ra\u00edces de esta historia comenzaron en 1983, cuando el cofundador de Spyderco, Sal Glesser, cre\u00f3 el C03 Hunter. Fue el primer cuchillo CLIPIT con hoja con punta rebajada, un estilo preferido por muchos amantes de la naturaleza para procesar animales de caza. Como todos los primeros modelos de Spyderco, el Hunter presentaba una hoja de acero inoxidable GIN-1, una empu\u00f1adura de acero inoxidable remachada, un mecanismo de bloqueo robusto y un clip de una sola posici\u00f3n configurado para transportarlo apuntando hacia abajo. Se produjeron versiones para diestros y zurdos, y ambas estaban disponibles con paletas PlainEdge y SpyderEdge.<\/p>\n<p>En 1991, el dise\u00f1o de Hunter se actualiz\u00f3 para agregar un poco m\u00e1s de \u00abbarriga\u00bb a la hoja e incorporar inserciones de kraton en el mango y el clip para proporcionar un agarre m\u00e1s seguro en condiciones de campo dif\u00edciles. Estos cambios crearon originalmente el C13 Pro-Hunter, pero como otra empresa ya usaba este nombre, luego se cambi\u00f3 a ProVenator (venator significa \u00abcazador\u00bb en lat\u00edn). Para reducir el peso del cuchillo y hacerlo m\u00e1s asequible, en 1994 se cre\u00f3 el dise\u00f1o ProVenator con un mango liviano de nailon reforzado con fibra de vidrio (FRN) con un inserto de Kraton y un clip integral configurado para transporte plegable. Inicialmente, este modelo se llamaba ProVenator Lightweight, pero como el t\u00e9rmino \u00abvenator\u00bb no era muy conocido en el mercado principal, luego pas\u00f3 a llamarse C33 ProGrip.<\/p>\n<p>En 1999, el C13 y el C33 se combinaron como el C13 ProGrip, que sigui\u00f3 estando disponible con una opci\u00f3n de empu\u00f1aduras de acero inoxidable o FRN. A principios de la d\u00e9cada de 2000, ambas versiones se fabricaban con varios aceros de hoja diferentes y se ofrec\u00edan en configuraciones PlainEdge y CombinedEdge.<\/p>\n<p>En 2004, el ProGrip se elimin\u00f3 y se introdujo el primer modelo Stretch. Como sugiere el nombre, se trataba de una versi\u00f3n \u00abextendida\u00bb del dise\u00f1o ProGrip. 17 por ciento m\u00e1s grande en general y con una hoja 24 por ciento m\u00e1s larga que el ProGrip, el Stretch se construy\u00f3 originalmente con un mango de acero inoxidable, inserciones de espejo Kraton en ambos lados, un clip de bolsillo de cuatro posiciones y acero inoxidable VG-10. cuchilla. En 2006, esta versi\u00f3n fue descontinuada y un a\u00f1o despu\u00e9s reemplazada por Stretch con cachas de carbono y hoja ZDP-189 con alto contenido de carbono. A diferencia de los modelos Hunter, Pro-Hunter, ProVenator y ProGrip, que ten\u00edan cuchillas huecas, el refinado dise\u00f1o Stretch tambi\u00e9n marc\u00f3 la transici\u00f3n a un afilado completamente plano.<\/p>\n<p>Siguiendo los pasos de sus predecesores, el patr\u00f3n Stretch se present\u00f3 en 2009 en una versi\u00f3n liviana m\u00e1s asequible con un agarre FRN moldeado por inyecci\u00f3n, textura bidireccional de gran agarre, inserciones esqueletizadas de acero inoxidable y un clip de bolsillo de cuatro posiciones. El Stretch Lightweight se ofreci\u00f3 originalmente con una hoja de acero inoxidable VG-10, pero pronto inspir\u00f3 otras variantes, incluida una con una hoja ZDP-189 con alto contenido de carbono y un mango FRN British Racing Green.<\/p>\n<p>En 2015, Sal Glesser volvi\u00f3 a la mesa de dibujo y redise\u00f1\u00f3 el Stretch para alargar ligeramente su agarre, mejorar la ergonom\u00eda y profundizar la capacidad del dedo \u00edndice. Juntos, estos cambios sutiles aumentan el control del usuario sobre el cuchillo y lo hacen a\u00fan m\u00e1s adecuado para uso general. Apodado Stretch 2, el dise\u00f1o se ofreci\u00f3 originalmente con inserciones de acero inoxidable totalmente esqueletizadas y escamas recubiertas de c\u00e1scara G-10, y tambi\u00e9n se inspir\u00f3 en versiones livianas con hojas hechas de acero inoxidable est\u00e1ndar y acero para herramientas de alto rendimiento. En algunas versiones del Stretch 2, la caracter\u00edstica hoja de punta abatible tambi\u00e9n ha sido reemplazada por un perfil de \u00abpunta recta\u00bb que hace eco del estilo de dise\u00f1o cl\u00e1sico de Spyderco y admite funciones multiprop\u00f3sito m\u00e1s avanzadas al proporcionar una punta m\u00e1s afilada.<\/p>\n<p>A lo largo de este proceso evolutivo, adem\u00e1s de las muchas versiones de la l\u00ednea principal de productos descrita anteriormente, tambi\u00e9n hemos producido una amplia gama de variantes, exclusivas y expresiones Sprint Run de estos modelos con diferentes hojas de acero, materiales de mango y otras caracter\u00edsticas \u00fanicas. .<\/p>\n<p>Estiramiento 2 XL ligero<\/p>\n<p>\u00bfQu\u00e9 pasa cuando estiras algo que ya ha sido estirado? En el caso de Stretch 2, obtienes una expresi\u00f3n \u00abextragrande\u00bb del mismo dise\u00f1o probado y mucho m\u00e1s.<\/p>\n<p>El Stretch 2 XL Lightweight extiende la longitud total del Stretch 2 en un ocho por ciento, mientras que incluye un 13 por ciento m\u00e1s de longitud de hoja en su hoja de acero inoxidable VG-10 completamente rectificada. La parte posterior recta de la hoja se estrecha hasta convertirse en una punta afilada y utilitaria, lo que le confiere el perfil caracter\u00edstico de \u00abpunta de clip modificada\u00bb de algunos de los modelos m\u00e1s emblem\u00e1ticos de Spyderco. La apertura redonda totalmente accesible permite una apertura r\u00e1pida y fiable con una sola mano. Para permitir un mejor control durante el corte de precisi\u00f3n, el dise\u00f1o presenta una cuchilla 50\/50 (ranura para los dedos) que permite al usuario \u00abahogar\u00bb y agarrar el cuchillo m\u00e1s cerca de la hoja. Tanto el choil como su rampa para el pulgar opuesta tienen jimping (ranuras texturizadas) estrat\u00e9gicamente ubicados para garantizar una compra segura.<\/p>\n<p>A pesar de su tama\u00f1o m\u00e1s grande, el Stretch 2 XL es en realidad un 29 por ciento m\u00e1s liviano que el Stretch 2 Lightweight, inclinando la balanza a solo 2,7 onzas (77 gramos). Logra esta asombrosa calidad al deshacerse de las inserciones de acero inoxidable de su predecesor y utilizar un dise\u00f1o sin revestimiento. Sus b\u00e1sculas de mango FRN moldeado por inyecci\u00f3n tienen una red de nervaduras reforzadas en sus superficies internas para darles una mayor resistencia estructural. Las superficies exteriores presentan un patr\u00f3n de textura bidireccional para un agarre seguro y antideslizante incluso en las condiciones m\u00e1s exigentes. Un robusto mecanismo de bloqueo bloquea de forma segura la hoja en uso, y un clip de bolsillo de cuatro posiciones totalmente configurable permite elegir entre izquierda o derecha, giro o punta. Estas caracter\u00edsticas junto con el dise\u00f1o completamente sim\u00e9trico del cuchillo<\/p>\n<p>Ofrece un rendimiento de corte extra alto en un paquete ultraligero. Esta notable navaja plegable, la culminaci\u00f3n de un proceso evolutivo que abarc\u00f3 casi cuatro d\u00e9cadas, es \u00fanica en su clase.<\/p>\n<p>Especificaciones<br \/>\nLongitud de la hoja: 10 cm<br \/>\nLargo cerrado: 12,6 cm<br \/>\nLongitud total: 22,5 cm.<br \/>\nGrosor de la hoja: 0,3 cm.<br \/>\nMaterial de la hoja: acero inoxidable VG10<br \/>\nEstilo de hoja: forma de hoja<br \/>\nRectificado de la hoja: Totalmente plano<br \/>\nTratamiento superficial de la hoja: satinado.<br \/>\nFilo de la hoja: combinado<br \/>\nMaterial del mango: FRN<br \/>\nColor del mango: Negro<br \/>\nMecanismo de bloqueo: Lockback<br \/>\nClip de bolsillo: Acero inoxidable (abatible hacia arriba\/abajo, transporte hacia la derecha\/izquierda)<br \/>\nN\u00famero de modelo: C258PBK<br \/>\nNombre del modelo: Stretch 2XL Ligero<br \/>\nPeso: 2,7 onzas. (77g)<br \/>\nHecho en Jap\u00f3n<\/p>\n","protected":false},"excerpt":{"rendered":"<p><strong>Stretch 2 XL Lightweight de Spyderco es el siguiente cap\u00edtulo de una historia que comenz\u00f3 hace d\u00e9cadas. Su larga y rica historia comenz\u00f3 centr\u00e1ndose en las necesidades de los cazadores y amantes de la naturaleza; pero su dise\u00f1o ha seguido evolucionando mucho m\u00e1s all\u00e1 de ese rango hasta convertirse en una de las navajas multiusos m\u00e1s capaces de nuestra gama.<\/strong><\/p>\n","protected":false},"featured_media":335665,"comment_status":"open","ping_status":"closed","template":"","meta":[],"pwb-brand":[3771],"product_brand":[],"product_cat":[3730,3726],"product_tag":[3756],"class_list":{"0":"post-335664","1":"product","2":"type-product","3":"status-publish","4":"has-post-thumbnail","6":"pwb-brand-spyderco-es","7":"product_cat-cuchillas-de-cierre","8":"product_cat-cuchillos","9":"product_tag-b2b-es","11":"first","12":"instock","13":"taxable","14":"shipping-taxable","15":"purchasable","16":"product-type-simple"},"brands":[{"id":3771,"name":"spyderco","slug":"spyderco-es"}],"_links":{"self":[{"href":"https:\/\/www.moskito.cz\/es\/wp-json\/wp\/v2\/product\/335664","targetHints":{"allow":["GET"]}}],"collection":[{"href":"https:\/\/www.moskito.cz\/es\/wp-json\/wp\/v2\/product"}],"about":[{"href":"https:\/\/www.moskito.cz\/es\/wp-json\/wp\/v2\/types\/product"}],"replies":[{"embeddable":true,"href":"https:\/\/www.moskito.cz\/es\/wp-json\/wp\/v2\/comments?post=335664"}],"wp:featuredmedia":[{"embeddable":true,"href":"https:\/\/www.moskito.cz\/es\/wp-json\/wp\/v2\/media\/335665"}],"wp:attachment":[{"href":"https:\/\/www.moskito.cz\/es\/wp-json\/wp\/v2\/media?parent=335664"}],"wp:term":[{"taxonomy":"pwb-brand","embeddable":true,"href":"https:\/\/www.moskito.cz\/es\/wp-json\/wp\/v2\/pwb-brand?post=335664"},{"taxonomy":"product_brand","embeddable":true,"href":"https:\/\/www.moskito.cz\/es\/wp-json\/wp\/v2\/product_brand?post=335664"},{"taxonomy":"product_cat","embeddable":true,"href":"https:\/\/www.moskito.cz\/es\/wp-json\/wp\/v2\/product_cat?post=335664"},{"taxonomy":"product_tag","embeddable":true,"href":"https:\/\/www.moskito.cz\/es\/wp-json\/wp\/v2\/product_tag?post=335664"}],"curies":[{"name":"wp","href":"https:\/\/api.w.org\/{rel}","templated":true}]}}