{"id":335697,"date":"2022-11-07T14:35:30","date_gmt":"2022-11-07T13:35:30","guid":{"rendered":"https:\/\/www.moskito.cz\/produkt\/cuchillo-solido-cold-steel-mini-tac-bowie\/"},"modified":"2025-05-07T11:12:47","modified_gmt":"2025-05-07T10:12:47","slug":"cuchillo-solido-cold-steel-mini-tac-bowie","status":"publish","type":"product","link":"https:\/\/www.moskito.cz\/es\/produkt\/cuchillo-solido-cold-steel-mini-tac-bowie\/","title":{"rendered":"Cuchillo S\u00f3lido Cold Steel MINI TAC BOWIE"},"content":{"rendered":"<p>Cuchillo S\u00f3lido <strong>Cold Steel<\/strong> MINI TAC BOWIE.<\/p>\n<p>Una bienvenida adici\u00f3n a nuestra popular gama Mini Tac, el Mini Tac Bowie dise\u00f1ado por Andrew-Demko ofrece la versatilidad familiar de un clip afilado y robusto, lo que lo hace ideal para uso en el campo o transporte diario. Viene con un estuche Secure-Ex\u2122 y un cord\u00f3n de acero, por lo que seguramente le brindar\u00e1 a\u00f1os de servicio.<\/p>\n<p>PARAMETROS DEL PRODUCTO<br \/>\nGrosor de la hoja: 2,5 mm<br \/>\nDe color negro<br \/>\nLongitud del mango: 83 mm<br \/>\nPeso: 74 gramos<br \/>\nTama\u00f1o total: 175 mm<br \/>\nLongitud de la hoja: 92 mm<br \/>\nMaterial del mango: Griv-Ex\u2122 largo estilo G-10<br \/>\nMaterial de la funda: Funda Secure-Ex\u00ae<br \/>\nAcero: 8Cr13MoV<\/p>\n","protected":false},"excerpt":{"rendered":"<p>El Mini Tac Bowie de la empresa COLD STEEL es un cuchillo de caza s\u00f3lido con una hoja lisa para cazar o cortar palos. Es excelente para llevarlo oculto o colgarlo del cuello.<\/p>\n","protected":false},"featured_media":335698,"comment_status":"open","ping_status":"closed","template":"","meta":[],"pwb-brand":[3790],"product_brand":[],"product_cat":[3727,3726],"product_tag":[],"class_list":{"0":"post-335697","1":"product","2":"type-product","3":"status-publish","4":"has-post-thumbnail","6":"pwb-brand-arma-blanca","7":"product_cat-cuchillos-macizos","8":"product_cat-cuchillos","10":"first","11":"instock","12":"taxable","13":"shipping-taxable","14":"purchasable","15":"product-type-simple"},"brands":[{"id":3790,"name":"Arma blanca","slug":"arma-blanca"}],"_links":{"self":[{"href":"https:\/\/www.moskito.cz\/es\/wp-json\/wp\/v2\/product\/335697","targetHints":{"allow":["GET"]}}],"collection":[{"href":"https:\/\/www.moskito.cz\/es\/wp-json\/wp\/v2\/product"}],"about":[{"href":"https:\/\/www.moskito.cz\/es\/wp-json\/wp\/v2\/types\/product"}],"replies":[{"embeddable":true,"href":"https:\/\/www.moskito.cz\/es\/wp-json\/wp\/v2\/comments?post=335697"}],"wp:featuredmedia":[{"embeddable":true,"href":"https:\/\/www.moskito.cz\/es\/wp-json\/wp\/v2\/media\/335698"}],"wp:attachment":[{"href":"https:\/\/www.moskito.cz\/es\/wp-json\/wp\/v2\/media?parent=335697"}],"wp:term":[{"taxonomy":"pwb-brand","embeddable":true,"href":"https:\/\/www.moskito.cz\/es\/wp-json\/wp\/v2\/pwb-brand?post=335697"},{"taxonomy":"product_brand","embeddable":true,"href":"https:\/\/www.moskito.cz\/es\/wp-json\/wp\/v2\/product_brand?post=335697"},{"taxonomy":"product_cat","embeddable":true,"href":"https:\/\/www.moskito.cz\/es\/wp-json\/wp\/v2\/product_cat?post=335697"},{"taxonomy":"product_tag","embeddable":true,"href":"https:\/\/www.moskito.cz\/es\/wp-json\/wp\/v2\/product_tag?post=335697"}],"curies":[{"name":"wp","href":"https:\/\/api.w.org\/{rel}","templated":true}]}}