{"id":335727,"date":"2022-11-07T22:15:57","date_gmt":"2024-04-19T11:48:23","guid":{"rendered":"https:\/\/www.moskito.cz\/produkt\/cuchillo-plegable-kiridashi-de-acero-frio\/"},"modified":"2025-05-07T11:12:49","modified_gmt":"2025-05-07T10:12:49","slug":"cuchillo-plegable-kiridashi-de-acero-frio","status":"publish","type":"product","link":"https:\/\/www.moskito.cz\/es\/produkt\/cuchillo-plegable-kiridashi-de-acero-frio\/","title":{"rendered":"Cuchillo plegable KIRIDASHI de acero fr\u00edo"},"content":{"rendered":"<p>Navaja plegable KIRIDASHI <strong>de Cold Steel<\/strong> .<\/p>\n<p>Kiridashi es un cuchillo multiusos japon\u00e9s original. Tradicionalmente usado en el bolsillo de la manga de un kimono tanto por samur\u00e1is como por campesinos. \u00a1El Kiridashi ahora lo utilizan pr\u00e1cticamente todos en Jap\u00f3n, desde ni\u00f1os hasta maestros artesanos! En muchos sentidos, es el equivalente de hoja fija de una navaja de bolsillo occidental. Gracias a su practicidad innata, se utiliza para todo, desde cortar, tallar, rebanar y casi cualquier trabajo de corte imaginable. \u00a1Ahora Cold Steel ha actualizado esta famosa navaja cl\u00e1sica para crear una versi\u00f3n de navaja plegable! Nuestra sierra de calar Kiridashi cuenta con una hoja afilada y de forma cl\u00e1sica hecha de acero inoxidable 4034SS, combinada con un agarre Griv Ex\u2122 agradable y c\u00f3modo que nunca se pudrir\u00e1, agrietar\u00e1, deformar\u00e1 ni enmohecer\u00e1. Para proteger sus dedos, viene con nuestro mecanismo de bloqueo Tri-Ad, que ha demostrado ser el mecanismo de bloqueo m\u00e1s fuerte y seguro disponible una y otra vez. Nuestro Kiridashi es ligero, fino y pr\u00e1ctico, es un placer llevarlo enganchado en el bolsillo. \u00a1Y a un excelente precio y excelente relaci\u00f3n calidad-precio!<\/p>\n<p>PARAMETROS DEL PRODUCTO<br \/>\nAcero: 4034SS<br \/>\nMaterial del mango: Largo Zy-Ex\u2122<br \/>\nLongitud del mango: 101 mm<br \/>\nGrosor de la hoja: 3 mm<br \/>\nLongitud de la hoja: 64 mm<br \/>\nTama\u00f1o total: 165 mm<br \/>\nColor: Negro\/Plata<br \/>\nPeso: 67 gramos<br \/>\nTipo de bloqueo: Bloqueo Tri-Ad<\/p>\n","protected":false},"excerpt":{"rendered":"<p>Kiridashi es un cuchillo de trabajo tradicional japon\u00e9s para cortar cuero o carpinter\u00eda.<\/p>\n","protected":false},"featured_media":335728,"comment_status":"open","ping_status":"closed","template":"","meta":[],"pwb-brand":[3790],"product_brand":[],"product_cat":[3730,3726],"product_tag":[],"class_list":{"0":"post-335727","1":"product","2":"type-product","3":"status-publish","4":"has-post-thumbnail","6":"pwb-brand-arma-blanca","7":"product_cat-cuchillas-de-cierre","8":"product_cat-cuchillos","10":"first","11":"instock","12":"taxable","13":"shipping-taxable","14":"purchasable","15":"product-type-simple"},"brands":[{"id":3790,"name":"Arma blanca","slug":"arma-blanca"}],"_links":{"self":[{"href":"https:\/\/www.moskito.cz\/es\/wp-json\/wp\/v2\/product\/335727","targetHints":{"allow":["GET"]}}],"collection":[{"href":"https:\/\/www.moskito.cz\/es\/wp-json\/wp\/v2\/product"}],"about":[{"href":"https:\/\/www.moskito.cz\/es\/wp-json\/wp\/v2\/types\/product"}],"replies":[{"embeddable":true,"href":"https:\/\/www.moskito.cz\/es\/wp-json\/wp\/v2\/comments?post=335727"}],"wp:featuredmedia":[{"embeddable":true,"href":"https:\/\/www.moskito.cz\/es\/wp-json\/wp\/v2\/media\/335728"}],"wp:attachment":[{"href":"https:\/\/www.moskito.cz\/es\/wp-json\/wp\/v2\/media?parent=335727"}],"wp:term":[{"taxonomy":"pwb-brand","embeddable":true,"href":"https:\/\/www.moskito.cz\/es\/wp-json\/wp\/v2\/pwb-brand?post=335727"},{"taxonomy":"product_brand","embeddable":true,"href":"https:\/\/www.moskito.cz\/es\/wp-json\/wp\/v2\/product_brand?post=335727"},{"taxonomy":"product_cat","embeddable":true,"href":"https:\/\/www.moskito.cz\/es\/wp-json\/wp\/v2\/product_cat?post=335727"},{"taxonomy":"product_tag","embeddable":true,"href":"https:\/\/www.moskito.cz\/es\/wp-json\/wp\/v2\/product_tag?post=335727"}],"curies":[{"name":"wp","href":"https:\/\/api.w.org\/{rel}","templated":true}]}}