{"id":335741,"date":"2022-04-19T21:36:28","date_gmt":"2024-04-19T11:53:52","guid":{"rendered":"https:\/\/www.moskito.cz\/produkt\/navaja-cold-steel-voyager-xl-tanto-point-filo-liso-aus10a\/"},"modified":"2025-05-07T11:12:50","modified_gmt":"2025-05-07T10:12:50","slug":"navaja-cold-steel-voyager-xl-tanto-point-filo-liso-aus10a","status":"publish","type":"product","link":"https:\/\/www.moskito.cz\/es\/produkt\/navaja-cold-steel-voyager-xl-tanto-point-filo-liso-aus10a\/","title":{"rendered":"Navaja Cold Steel VOYAGER XL TANTO POINT &#8211; FILO LISO (AUS10A)"},"content":{"rendered":"<p>Navaja <strong>Cold Steel<\/strong> VOYAGER XL TANTO POINT &#8211; FILO LISO (AUS10A)<\/p>\n<p>La serie Cold Steel Voyager est\u00e1 dise\u00f1ada para ser un verdadero cuchillo para todos. Livianos, c\u00f3modos y s\u00faper afilados, son robustos, confiables y perfectos para cazar y acampar, as\u00ed como para uso general y corte diario. Los Voyager destacan en muchas aplicaciones de supervivencia y rescate y han demostrado ser populares entre el personal militar y policial que aprecia la combinaci\u00f3n de rendimiento de corte y seguridad que ofrecen. Cada cuchillo de nuestra amplia gama Voyager est\u00e1 dise\u00f1ado con precisi\u00f3n seg\u00fan nuestros m\u00e1s altos est\u00e1ndares. La gama Voyager cuenta con hojas de aleaci\u00f3n japonesa AUS10A y nuestro mecanismo de bloqueo Tri-Ad: \u00a1posiblemente el bloqueo m\u00e1s seguro y resistente a impactos del mercado actual! Los mangos ergon\u00f3micos Griv-Ex Voyager (reforzados con inserciones de aluminio 6061 tratado t\u00e9rmicamente) brindan una comodidad excelente y un agarre seguro incluso durante el uso prolongado en condiciones exigentes. Disponible en dos tama\u00f1os y con numerosas configuraciones de aspas y aspas, hay una Voyager para todos.<\/p>\n<p>PARAMETROS DEL PRODUCTO<br \/>\nMaterial del mango: Griv-Ex largo<br \/>\nColor: Negro\/Plata<br \/>\nPeso: 218,29 gramos<br \/>\nTipo de fusible: Tri-Ad Lock<br \/>\nGrosor de la hoja: 4 mm<br \/>\nAcero: Japon\u00e9s AUS 10A Inoxidable<br \/>\nMaterial de la caja: bolsillo ambidiestro\/clip para cintur\u00f3n<br \/>\nTama\u00f1o total: 304 mm<br \/>\nLongitud del mango: 169 mm<br \/>\nLongitud de la hoja: 135 mm<\/p>\n<p>La serie Cold Steel Voyager est\u00e1 dise\u00f1ada para ser el verdadero cuchillo para todos. Livianos, c\u00f3modos y s\u00faper afilados, son resistentes, confiables y perfectos para cazar y acampar, as\u00ed como para tareas de corte diarias y de uso general. Los Voyager destacan en muchas aplicaciones de supervivencia y rescate, y han demostrado ser muy populares entre el personal policial y militar, quienes aprecian la combinaci\u00f3n de rendimiento cortante y seguridad que ofrecen. Cada cuchillo de nuestra extensa serie Voyager est\u00e1 dise\u00f1ado con precisi\u00f3n y cumple con nuestros est\u00e1ndares m\u00e1s exigentes. La serie Voyager cuenta con hojas de aleaci\u00f3n japonesas AUS10A y nuestro mecanismo de bloqueo Tri-Ad, que es posiblemente el bloqueo m\u00e1s seguro y resistente a los golpes del mercado actual. Los mangos ergon\u00f3micos Griv-Ex de la Voyager (reforzados con revestimientos de aluminio 6061 tratado t\u00e9rmicamente) brindan gran comodidad y un agarre seguro incluso bajo uso prolongado en condiciones dif\u00edciles. Disponible en dos tama\u00f1os y con numerosas configuraciones de hojas y bordes, hay una Voyager para todos.<\/p>\n<p>Peso: 7,7 oz Grosor de la hoja: 4 mm Longitud de la hoja: 5-1\/2 pulgadas Acero de la hoja: japon\u00e9s AUS10A Longitud\/material del mango: 6-3\/4 pulgadas Griv-Ex con revestimientos de aluminio 6061 Longitud total: 12-1\/4 pulgadas Caracter\u00edsticas adicionales: Cuchillo ambidiestro de bolsillo\/con clip para cintur\u00f3n Tipo: Carpeta Rango de longitud de la hoja: 5+ pulgadas Familia de acero: AUS Forma de la hoja: Tanto Mecanismo de bloqueo: Tri-Ad Lock Familia de productos: Voyager<\/p>\n","protected":false},"excerpt":{"rendered":"<p>La Voyager Tanto Plain Edge de Cold Steel es una navaja plegable con un filo liso. Este cuchillo t\u00e1ctico de tama\u00f1o mediano ser\u00e1 \u00fatil para el personal militar o de seguridad.<\/p>\n","protected":false},"featured_media":335742,"comment_status":"open","ping_status":"closed","template":"","meta":[],"pwb-brand":[3790],"product_brand":[],"product_cat":[3730,3726],"product_tag":[],"class_list":{"0":"post-335741","1":"product","2":"type-product","3":"status-publish","4":"has-post-thumbnail","6":"pwb-brand-arma-blanca","7":"product_cat-cuchillas-de-cierre","8":"product_cat-cuchillos","10":"first","11":"instock","12":"taxable","13":"shipping-taxable","14":"purchasable","15":"product-type-simple"},"brands":[{"id":3790,"name":"Arma blanca","slug":"arma-blanca"}],"_links":{"self":[{"href":"https:\/\/www.moskito.cz\/es\/wp-json\/wp\/v2\/product\/335741","targetHints":{"allow":["GET"]}}],"collection":[{"href":"https:\/\/www.moskito.cz\/es\/wp-json\/wp\/v2\/product"}],"about":[{"href":"https:\/\/www.moskito.cz\/es\/wp-json\/wp\/v2\/types\/product"}],"replies":[{"embeddable":true,"href":"https:\/\/www.moskito.cz\/es\/wp-json\/wp\/v2\/comments?post=335741"}],"wp:featuredmedia":[{"embeddable":true,"href":"https:\/\/www.moskito.cz\/es\/wp-json\/wp\/v2\/media\/335742"}],"wp:attachment":[{"href":"https:\/\/www.moskito.cz\/es\/wp-json\/wp\/v2\/media?parent=335741"}],"wp:term":[{"taxonomy":"pwb-brand","embeddable":true,"href":"https:\/\/www.moskito.cz\/es\/wp-json\/wp\/v2\/pwb-brand?post=335741"},{"taxonomy":"product_brand","embeddable":true,"href":"https:\/\/www.moskito.cz\/es\/wp-json\/wp\/v2\/product_brand?post=335741"},{"taxonomy":"product_cat","embeddable":true,"href":"https:\/\/www.moskito.cz\/es\/wp-json\/wp\/v2\/product_cat?post=335741"},{"taxonomy":"product_tag","embeddable":true,"href":"https:\/\/www.moskito.cz\/es\/wp-json\/wp\/v2\/product_tag?post=335741"}],"curies":[{"name":"wp","href":"https:\/\/api.w.org\/{rel}","templated":true}]}}