{"id":335775,"date":"2022-11-07T21:01:36","date_gmt":"2024-04-19T12:02:57","guid":{"rendered":"https:\/\/www.moskito.cz\/produkt\/navaja-cold-steel-range-boss-flat-dark-earth\/"},"modified":"2025-05-07T11:12:54","modified_gmt":"2025-05-07T10:12:54","slug":"navaja-cold-steel-range-boss-flat-dark-earth","status":"publish","type":"product","link":"https:\/\/www.moskito.cz\/es\/produkt\/navaja-cold-steel-range-boss-flat-dark-earth\/","title":{"rendered":"Navaja Cold Steel RANGE BOSS FLAT DARK EARTH"},"content":{"rendered":"<p>Navaja <strong>Cold Steel<\/strong> RANGE BOSS FLAT DARK EARTH.<\/p>\n<p>Ya sea que est\u00e9 conduciendo un taxi en Manhattan o montando a caballo en Montana, estamos seguros de que apreciar\u00e1 nuestro Range Boss. Dise\u00f1ado para llevarlo en el bolsillo o en la cintura durante todo el d\u00eda, es liviano y f\u00e1cil de transportar. No ocupa mucho espacio y se puede llevar pr\u00e1cticamente desapercibido hasta que lo abres. La hoja Range Boss es plana hasta un borde delgado que es tan afilado que te sorprender\u00e1. Est\u00e1 lavado a la piedra para resistir el \u00f3xido y su versatilidad lo convierte en un muy buen cuchillo para desollar, sin mencionar la preparaci\u00f3n de alimentos. El mango de nailon reforzado con vidrio tiene una textura con un patr\u00f3n de puntos para un buen agarre y cuenta con el famoso bloqueo Tri-Ad\u00ae para una resistencia superior.<\/p>\n<p>\u00abSiempre me encantar\u00e1 un cuchillo s\u00faper delgado y ultraligero con una hoja larga y una punta \u00fatil. Es por eso que el Range Boss ser\u00e1 uno de mis cuchillos cotidianos. Al igual que el Hold Out de 3&#8243;, es lo suficientemente liviano como para llevarlo las 24 horas del d\u00eda, los 7 d\u00edas de la semana. En el bolsillo de mi camisa y en adelante, a diferencia del Hold Out, tiene un clip m\u00e1s vers\u00e1til que personalmente he encontrado muy adecuado para preparar y desollar en el campo incluso verracos grandes de hasta 250 libras. Usa los naturales para la granja o la tienda y ayuda al nuevo p\u00edcaro en la jungla urbana. \u00a1Tiene un precio muy razonable y creo que ofrece un valor tremendo, especialmente si consideramos que viene con la famosa cerradura Tri-AD de Cold Steel!\u00bb &#8211; Lynn Thompson<\/p>\n<p>PARAMETROS DEL PRODUCTO<br \/>\nPeso: 96 gramos<br \/>\nTipo de bloqueo: Bloqueo Tri-Ad<br \/>\nLongitud de la hoja: 101 mm<br \/>\nMaterial de la caja: clip de acero<br \/>\nLongitud del mango: 134 mm<br \/>\nTama\u00f1o total: 235 mm<br \/>\nAcero: Acero 4034SS<br \/>\nGrosor de la hoja: 3,5 mm<br \/>\nMaterial del mango: Largo Zy-Ex\u2122<br \/>\nColor marr\u00f3n<\/p>\n","protected":false},"excerpt":{"rendered":"<p>La Range Boss es una navaja plegable con hoja lisa y corte plano.<\/p>\n","protected":false},"featured_media":335776,"comment_status":"open","ping_status":"closed","template":"","meta":[],"pwb-brand":[3790],"product_brand":[],"product_cat":[3730,3726],"product_tag":[],"class_list":{"0":"post-335775","1":"product","2":"type-product","3":"status-publish","4":"has-post-thumbnail","6":"pwb-brand-arma-blanca","7":"product_cat-cuchillas-de-cierre","8":"product_cat-cuchillos","10":"first","11":"outofstock","12":"taxable","13":"shipping-taxable","14":"purchasable","15":"product-type-simple"},"brands":[{"id":3790,"name":"Arma blanca","slug":"arma-blanca"}],"_links":{"self":[{"href":"https:\/\/www.moskito.cz\/es\/wp-json\/wp\/v2\/product\/335775","targetHints":{"allow":["GET"]}}],"collection":[{"href":"https:\/\/www.moskito.cz\/es\/wp-json\/wp\/v2\/product"}],"about":[{"href":"https:\/\/www.moskito.cz\/es\/wp-json\/wp\/v2\/types\/product"}],"replies":[{"embeddable":true,"href":"https:\/\/www.moskito.cz\/es\/wp-json\/wp\/v2\/comments?post=335775"}],"wp:featuredmedia":[{"embeddable":true,"href":"https:\/\/www.moskito.cz\/es\/wp-json\/wp\/v2\/media\/335776"}],"wp:attachment":[{"href":"https:\/\/www.moskito.cz\/es\/wp-json\/wp\/v2\/media?parent=335775"}],"wp:term":[{"taxonomy":"pwb-brand","embeddable":true,"href":"https:\/\/www.moskito.cz\/es\/wp-json\/wp\/v2\/pwb-brand?post=335775"},{"taxonomy":"product_brand","embeddable":true,"href":"https:\/\/www.moskito.cz\/es\/wp-json\/wp\/v2\/product_brand?post=335775"},{"taxonomy":"product_cat","embeddable":true,"href":"https:\/\/www.moskito.cz\/es\/wp-json\/wp\/v2\/product_cat?post=335775"},{"taxonomy":"product_tag","embeddable":true,"href":"https:\/\/www.moskito.cz\/es\/wp-json\/wp\/v2\/product_tag?post=335775"}],"curies":[{"name":"wp","href":"https:\/\/api.w.org\/{rel}","templated":true}]}}