{"id":335788,"date":"2022-10-31T21:11:32","date_gmt":"2024-04-19T12:04:41","guid":{"rendered":"https:\/\/www.moskito.cz\/produkt\/navaja-cold-steel-voyager-xl-tanto-point-filo-dendado-aus10a\/"},"modified":"2025-05-07T11:12:55","modified_gmt":"2025-05-07T10:12:55","slug":"navaja-cold-steel-voyager-xl-tanto-point-filo-dendado-aus10a","status":"publish","type":"product","link":"https:\/\/www.moskito.cz\/es\/produkt\/navaja-cold-steel-voyager-xl-tanto-point-filo-dendado-aus10a\/","title":{"rendered":"Navaja Cold Steel VOYAGER XL TANTO POINT &#8211; FILO DENDADO (AUS10A)"},"content":{"rendered":"<p>Navaja Cold Steel VOYAGER XL TANTO POINT &#8211; FILO DENDADO (AUS10A)<\/p>\n<p>La serie Cold Steel Voyager est\u00e1 dise\u00f1ada para ser un verdadero cuchillo para todos. Livianos, c\u00f3modos y s\u00faper afilados, son robustos, confiables y perfectos para cazar y acampar, as\u00ed como para uso general y corte diario. Los Voyager destacan en muchas aplicaciones de supervivencia y rescate y han demostrado ser populares entre el personal militar y policial que aprecia la combinaci\u00f3n de rendimiento de corte y seguridad que ofrecen. Cada cuchillo de nuestra extensa serie Voyager est\u00e1 dise\u00f1ado con precisi\u00f3n seg\u00fan nuestros m\u00e1s altos est\u00e1ndares. La gama Voyager cuenta con hojas de aleaci\u00f3n japonesa AUS10A y nuestro mecanismo de bloqueo Tri-Ad: \u00a1posiblemente el bloqueo m\u00e1s seguro y resistente a impactos del mercado actual! Los mangos ergon\u00f3micos Griv-Ex de la Voyager (reforzados con inserciones de aluminio 6061 tratado t\u00e9rmicamente) brindan una comodidad excelente y un agarre seguro incluso durante el uso prolongado en condiciones exigentes. La Voyager est\u00e1 disponible en dos tama\u00f1os y con numerosas configuraciones de cuchillas y bordes, por lo que hay algo para todos.<\/p>\n<p>PARAMETROS DEL PRODUCTO<\/p>\n<p>Acero: Japon\u00e9s AUS 10A Inoxidable<br \/>\nTipo de bloqueo: Bloqueo Tri-Ad<br \/>\nPeso: 219,29 gramos<br \/>\nMaterial del mango: Griv-Ex largo<br \/>\nColor: Negro\/Plata<br \/>\nMaterial de la funda: bolsillo ambidiestro\/clip para cintur\u00f3n<br \/>\nGrosor de la hoja: 4 mm<br \/>\nLongitud del mango: 169 mm<br \/>\nTama\u00f1o total: 304 mm<br \/>\nLongitud de la hoja: 135 mm<\/p>\n<p>&nbsp;<\/p>\n","protected":false},"excerpt":{"rendered":"<p>La serie Cold Steel Voyager est\u00e1 dise\u00f1ada para ser un verdadero cuchillo para todos.<\/p>\n","protected":false},"featured_media":335789,"comment_status":"open","ping_status":"closed","template":"","meta":[],"pwb-brand":[3790],"product_brand":[],"product_cat":[3730,3726],"product_tag":[],"class_list":{"0":"post-335788","1":"product","2":"type-product","3":"status-publish","4":"has-post-thumbnail","6":"pwb-brand-arma-blanca","7":"product_cat-cuchillas-de-cierre","8":"product_cat-cuchillos","10":"first","11":"instock","12":"taxable","13":"shipping-taxable","14":"purchasable","15":"product-type-simple"},"brands":[{"id":3790,"name":"Arma blanca","slug":"arma-blanca"}],"_links":{"self":[{"href":"https:\/\/www.moskito.cz\/es\/wp-json\/wp\/v2\/product\/335788","targetHints":{"allow":["GET"]}}],"collection":[{"href":"https:\/\/www.moskito.cz\/es\/wp-json\/wp\/v2\/product"}],"about":[{"href":"https:\/\/www.moskito.cz\/es\/wp-json\/wp\/v2\/types\/product"}],"replies":[{"embeddable":true,"href":"https:\/\/www.moskito.cz\/es\/wp-json\/wp\/v2\/comments?post=335788"}],"wp:featuredmedia":[{"embeddable":true,"href":"https:\/\/www.moskito.cz\/es\/wp-json\/wp\/v2\/media\/335789"}],"wp:attachment":[{"href":"https:\/\/www.moskito.cz\/es\/wp-json\/wp\/v2\/media?parent=335788"}],"wp:term":[{"taxonomy":"pwb-brand","embeddable":true,"href":"https:\/\/www.moskito.cz\/es\/wp-json\/wp\/v2\/pwb-brand?post=335788"},{"taxonomy":"product_brand","embeddable":true,"href":"https:\/\/www.moskito.cz\/es\/wp-json\/wp\/v2\/product_brand?post=335788"},{"taxonomy":"product_cat","embeddable":true,"href":"https:\/\/www.moskito.cz\/es\/wp-json\/wp\/v2\/product_cat?post=335788"},{"taxonomy":"product_tag","embeddable":true,"href":"https:\/\/www.moskito.cz\/es\/wp-json\/wp\/v2\/product_tag?post=335788"}],"curies":[{"name":"wp","href":"https:\/\/api.w.org\/{rel}","templated":true}]}}