{"id":335802,"date":"2022-04-17T20:25:08","date_gmt":"2024-04-19T12:11:31","guid":{"rendered":"https:\/\/www.moskito.cz\/produkt\/cuchillo-macizo-cold-steel-tai-pan-cpm-3v\/"},"modified":"2025-05-07T11:12:56","modified_gmt":"2025-05-07T10:12:56","slug":"cuchillo-macizo-cold-steel-tai-pan-cpm-3v","status":"publish","type":"product","link":"https:\/\/www.moskito.cz\/es\/produkt\/cuchillo-macizo-cold-steel-tai-pan-cpm-3v\/","title":{"rendered":"Cuchillo Macizo Cold Steel TAI PAN (CPM 3V)"},"content":{"rendered":"<p>Cuchillo Macizo <strong>Cold Steel<\/strong> TAI PAN (CPM 3V)<\/p>\n<p>Al igual que su serpiente hom\u00f3nima, el Tai Pan\u00ae es agresivamente r\u00e1pido y mortal. Dise\u00f1ado por Lynn C. Thompson con el distintivo estilo \u00abTanto\u00bb, el Tai Pan\u00ae incorpora las mejores cualidades de la daga cl\u00e1sica y minimiza sus defectos. La mayor\u00eda de las dagas son conocidas por tener puntas delgadas y quebradizas que se rompen f\u00e1cilmente. Por el contrario, el Tai Pan\u00ae tiene una punta de lanza robusta que es lo suficientemente ancha y fuerte como para resistir roturas sin comprometer su capacidad de ofrecer una penetraci\u00f3n profunda y f\u00e1cil.<\/p>\n<p>PARAMETROS DEL PRODUCTO<br \/>\nTama\u00f1o total: 330,2 mm<br \/>\nLongitud de la hoja: 190,5 mm<br \/>\nMaterial del mango: Kray-Ex\u2122 largo<br \/>\nGrosor de la hoja: 5 mm<br \/>\nPeso: 306,1 gramos<br \/>\nLongitud del mango: 140 mm<br \/>\nColor: Negro\/Plata<br \/>\nAcero: US CPM 3-V alto carbono<br \/>\nMaterial de la funda: Funda Secure-Ex\u00ae<\/p>\n<p>Al igual que su hom\u00f3nimo serpiente, el Tai Pan\u00ae es agresivamente r\u00e1pido y mortal. Dise\u00f1ado por Lynn C. Thompson con el estilo distintivo \u00abTanto\u00bb, el Tai Pan\u00ae incorpora las mejores caracter\u00edsticas de una daga cl\u00e1sica y minimiza sus deficiencias. La mayor\u00eda de las dagas son conocidas por tener puntas delgadas y fr\u00e1giles que se rompen f\u00e1cilmente. Por el contrario, el Tai Pan\u00ae presenta una punta de lanza resistente que es lo suficientemente ancha y gruesa como para resistir la rotura sin comprometer su capacidad de ofrecer una penetraci\u00f3n profunda y sin esfuerzo.<\/p>\n<p>Peso: 10,8 oz Grosor de la hoja: 5 mm Longitud de la hoja: 7-1\/2&#8243; Acero de la hoja: CPM 3V Longitud\/material del mango: 5-1\/2&#8243; Kray-Ex\u2122 Longitud total: 9-1\/2&#8243; Caracter\u00edsticas adicionales: Seguro -Ex\u00ae Tipo de cuchillo con vaina: Fijo Rango de longitud de la hoja: 5+ pulgadas Familia de acero: CPM Forma de la hoja: Punta de lanza<\/p>\n","protected":false},"excerpt":{"rendered":"<p><strong>COLD STEEL<\/strong> 3V Tai Pan es una daga s\u00f3lida con una hoja afilada de doble cara. Viene con un estuche Secure-Ex\u00ae.<\/p>\n","protected":false},"featured_media":335803,"comment_status":"open","ping_status":"closed","template":"","meta":[],"pwb-brand":[3790],"product_brand":[],"product_cat":[3726,3727],"product_tag":[3756],"class_list":{"0":"post-335802","1":"product","2":"type-product","3":"status-publish","4":"has-post-thumbnail","6":"pwb-brand-arma-blanca","7":"product_cat-cuchillos","8":"product_cat-cuchillos-macizos","9":"product_tag-b2b-es","11":"first","12":"instock","13":"taxable","14":"shipping-taxable","15":"purchasable","16":"product-type-simple"},"brands":[{"id":3790,"name":"Arma blanca","slug":"arma-blanca"}],"_links":{"self":[{"href":"https:\/\/www.moskito.cz\/es\/wp-json\/wp\/v2\/product\/335802","targetHints":{"allow":["GET"]}}],"collection":[{"href":"https:\/\/www.moskito.cz\/es\/wp-json\/wp\/v2\/product"}],"about":[{"href":"https:\/\/www.moskito.cz\/es\/wp-json\/wp\/v2\/types\/product"}],"replies":[{"embeddable":true,"href":"https:\/\/www.moskito.cz\/es\/wp-json\/wp\/v2\/comments?post=335802"}],"wp:featuredmedia":[{"embeddable":true,"href":"https:\/\/www.moskito.cz\/es\/wp-json\/wp\/v2\/media\/335803"}],"wp:attachment":[{"href":"https:\/\/www.moskito.cz\/es\/wp-json\/wp\/v2\/media?parent=335802"}],"wp:term":[{"taxonomy":"pwb-brand","embeddable":true,"href":"https:\/\/www.moskito.cz\/es\/wp-json\/wp\/v2\/pwb-brand?post=335802"},{"taxonomy":"product_brand","embeddable":true,"href":"https:\/\/www.moskito.cz\/es\/wp-json\/wp\/v2\/product_brand?post=335802"},{"taxonomy":"product_cat","embeddable":true,"href":"https:\/\/www.moskito.cz\/es\/wp-json\/wp\/v2\/product_cat?post=335802"},{"taxonomy":"product_tag","embeddable":true,"href":"https:\/\/www.moskito.cz\/es\/wp-json\/wp\/v2\/product_tag?post=335802"}],"curies":[{"name":"wp","href":"https:\/\/api.w.org\/{rel}","templated":true}]}}