{"id":335820,"date":"2022-04-19T22:20:27","date_gmt":"2022-04-19T21:20:27","guid":{"rendered":"https:\/\/www.moskito.cz\/produkt\/cuchillo-solido-cold-steel-chaos-bowie\/"},"modified":"2025-05-07T11:12:57","modified_gmt":"2025-05-07T10:12:57","slug":"cuchillo-solido-cold-steel-chaos-bowie","status":"publish","type":"product","link":"https:\/\/www.moskito.cz\/es\/produkt\/cuchillo-solido-cold-steel-chaos-bowie\/","title":{"rendered":"Cuchillo S\u00f3lido Cold Steel CHAOS BOWIE"},"content":{"rendered":"<p>Cuchillo S\u00f3lido <strong>Cold Steel<\/strong> CHAOS BOWIE.<\/p>\n<p>Inspir\u00e1ndonos en los cl\u00e1sicos &#8216;cuchillos de trinchera&#8217; de las dos guerras mundiales del siglo pasado, hemos desarrollado una gama de hojas fijas t\u00e1cticas que se adaptan a los desaf\u00edos que enfrentan los guerreros modernos de hoy. Nuestras hojas s\u00f3lidas Chaos cuentan con protectores de anillo en \u00abD\u00bb exclusivos hechos de aluminio 6061 reforzado que permiten un agarre incre\u00edblemente seguro y c\u00f3modo al mismo tiempo que protegen la mano de ataques entrantes y da\u00f1os al golpear o cortar a un oponente que est\u00e1 cubierto con armadura corporal y municiones. , linternas, revistas y equipo! Sus cabezales extrafuertes de acero al carbono 1055 son c\u00f3nicos para concentrar la fuerza de percusi\u00f3n del golpe del martillo, y sus hojas de acero con alto contenido de carbono SK-5 est\u00e1n tratadas t\u00e9rmicamente por expertos para lograr el m\u00e1ximo rendimiento. Sus resistentes fundas Secure-Ex son compatibles con Molle-Lok y Tek-Lok con trabillas para cintur\u00f3n Cor-Ex ajustables y duraderas y correas de fijaci\u00f3n para un bloqueo seguro cuando no est\u00e1n en uso. Chaosseries combina la m\u00e1xima seguridad con un rendimiento extremo y potencial de combate.<\/p>\n<p>PARAMETROS DEL PRODUCTO<br \/>\nLongitud del mango: 152 mm<br \/>\nAcero: SK-5 alto carbono<br \/>\nDe color negro<br \/>\nMaterial de la funda: Funda Secure-Ex\u00ae<br \/>\nTama\u00f1o total: 419 mm<br \/>\nPeso: 655 gramos<br \/>\nLongitud de la hoja: 267 mm<br \/>\nMaterial del mango: Aluminio 6061<br \/>\nGrosor de la hoja: 5 mm<\/p>\n<p>Inspir\u00e1ndonos en los cl\u00e1sicos \u00abcuchillos de trinchera\u00bb de las dos guerras mundiales del siglo pasado, hemos desarrollado una serie de hojas fijas t\u00e1cticas que son adecuadas para los desaf\u00edos que enfrentan los guerreros modernos de hoy. Nuestras hojas fijas Chaos est\u00e1n equipadas con protectores de anillo \u00abD\u00bb exclusivos hechos de aluminio 6061 reforzado, lo que permite un agarre incre\u00edblemente seguro y c\u00f3modo al tiempo que protege la mano tanto del ataque entrante como del da\u00f1o al golpear o cortar a un oponente cubierto con armadura corporal, munici\u00f3n. , linternas, revistas y equipo! Sus pomos de acero al carbono 1055 extra gruesos son c\u00f3nicos para concentrar la fuerza de percusi\u00f3n de un golpe de martillo, y sus hojas de acero con alto contenido de carbono SK-5 de espiga completa est\u00e1n tratadas t\u00e9rmicamente por expertos para lograr el m\u00e1ximo rendimiento. Sus resistentes fundas Secure-Ex son compatibles con Molle-Lok y Tek-Lok con resistentes presillas ajustables para cintur\u00f3n Cor-Ex y correas de retenci\u00f3n para un bloqueo seguro y confiable cuando no est\u00e1n en uso. La serie Chaos combina la m\u00e1xima seguridad con un rendimiento extremo y potencial de combate.<\/p>\n<p>Peso: 23,1 oz Grosor de la hoja: 5 mm Longitud de la hoja: 10-1\/2&#8243; Acero de la hoja: SK-5 con alto contenido de carbono Longitud\/material del mango: 6&#8243; Aluminio 6061 Longitud total: 16-1\/2&#8243; Caracter\u00edsticas adicionales: Secure-Ex\u00ae Tipo de cuchillo con funda: Fijo Rango de longitud de la hoja: 5+ pulgadas Familia de acero: Aceros con alto contenido de carbono Forma de la hoja: Punta de clip Familia de productos: Caos<\/p>\n","protected":false},"excerpt":{"rendered":"<p>El Chaos Bowie es un cuchillo s\u00f3lido con un filo liso. El cuchillo est\u00e1 dominado por un protector de mano en forma de \u00abD\u00bb fabricado en aluminio 6061 de alta resistencia.<\/p>\n","protected":false},"featured_media":335821,"comment_status":"open","ping_status":"closed","template":"","meta":[],"pwb-brand":[3790],"product_brand":[],"product_cat":[3727,3726],"product_tag":[3756],"class_list":{"0":"post-335820","1":"product","2":"type-product","3":"status-publish","4":"has-post-thumbnail","6":"pwb-brand-arma-blanca","7":"product_cat-cuchillos-macizos","8":"product_cat-cuchillos","9":"product_tag-b2b-es","11":"first","12":"instock","13":"taxable","14":"shipping-taxable","15":"purchasable","16":"product-type-simple"},"brands":[{"id":3790,"name":"Arma blanca","slug":"arma-blanca"}],"_links":{"self":[{"href":"https:\/\/www.moskito.cz\/es\/wp-json\/wp\/v2\/product\/335820","targetHints":{"allow":["GET"]}}],"collection":[{"href":"https:\/\/www.moskito.cz\/es\/wp-json\/wp\/v2\/product"}],"about":[{"href":"https:\/\/www.moskito.cz\/es\/wp-json\/wp\/v2\/types\/product"}],"replies":[{"embeddable":true,"href":"https:\/\/www.moskito.cz\/es\/wp-json\/wp\/v2\/comments?post=335820"}],"wp:featuredmedia":[{"embeddable":true,"href":"https:\/\/www.moskito.cz\/es\/wp-json\/wp\/v2\/media\/335821"}],"wp:attachment":[{"href":"https:\/\/www.moskito.cz\/es\/wp-json\/wp\/v2\/media?parent=335820"}],"wp:term":[{"taxonomy":"pwb-brand","embeddable":true,"href":"https:\/\/www.moskito.cz\/es\/wp-json\/wp\/v2\/pwb-brand?post=335820"},{"taxonomy":"product_brand","embeddable":true,"href":"https:\/\/www.moskito.cz\/es\/wp-json\/wp\/v2\/product_brand?post=335820"},{"taxonomy":"product_cat","embeddable":true,"href":"https:\/\/www.moskito.cz\/es\/wp-json\/wp\/v2\/product_cat?post=335820"},{"taxonomy":"product_tag","embeddable":true,"href":"https:\/\/www.moskito.cz\/es\/wp-json\/wp\/v2\/product_tag?post=335820"}],"curies":[{"name":"wp","href":"https:\/\/api.w.org\/{rel}","templated":true}]}}