{"id":335832,"date":"2022-04-19T22:10:21","date_gmt":"2022-04-19T21:10:21","guid":{"rendered":"https:\/\/www.moskito.cz\/produkt\/cuchillo-de-avispa-forjado-en-acero-frio-solido\/"},"modified":"2025-05-07T11:12:58","modified_gmt":"2025-05-07T10:12:58","slug":"cuchillo-de-avispa-forjado-en-acero-frio-solido","status":"publish","type":"product","link":"https:\/\/www.moskito.cz\/es\/produkt\/cuchillo-de-avispa-forjado-en-acero-frio-solido\/","title":{"rendered":"Cuchillo de avispa forjado en acero fr\u00edo s\u00f3lido"},"content":{"rendered":"<p>Cuchillo de avispa forjado en <strong>acero fr\u00edo<\/strong> macizo.<\/p>\n<p>Es un verdadero desaf\u00edo hacer un cuchillo de doble filo lo suficientemente fuerte y duradero para cumplir con nuestros est\u00e1ndares, pero nuestro nuevo Drop Forged Wasp super\u00f3 todas nuestras expectativas. \u00a1Puedes ver que nada se rompe, afloja o desgasta! \u00a1Su construcci\u00f3n monol\u00edtica hace que la hoja, el protector y la punta sean una pieza inseparable! S\u00f3lo los pesos del mango son \u00abaccesorio\u00bb y se pueden reemplazar r\u00e1pida y f\u00e1cilmente en el caso muy improbable de que se rompan o se desgasten. Perfectamente equilibrado con una punta firme pero afilada y cintura de avispa para que corte de ida y vuelta. \u00a1El Wasp es un cuchillo tremendamente eficaz y pr\u00e1cticamente a prueba de bombas! Viene con un incre\u00edble estuche Secure-Ex. Es lo suficientemente liviano como para usarlo todo el d\u00eda y, con un mantenimiento razonable, seguramente durar\u00e1 toda la vida.<\/p>\n<p>PARAMETROS DEL PRODUCTO<br \/>\nMaterial del mango: Largo<br \/>\nLongitud de la hoja: 171 mm<br \/>\nLongitud del mango: 140 mm<br \/>\nTama\u00f1o total: 311 mm<br \/>\nPeso: 238 gramos<br \/>\nAcero: 52100 alto carbono<br \/>\nGrosor de la hoja: 7 mm<br \/>\nColor gris<\/p>\n<p>Es un verdadero desaf\u00edo hacer un cuchillo de doble filo lo suficientemente fuerte y resistente para cumplir con nuestros est\u00e1ndares, pero nuestro nuevo Drop Forged Wasp ha superado todas nuestras expectativas. \u00a1Ves que no hay nada que pueda romperse, aflojarse o desgastarse! \u00a1Su construcci\u00f3n monol\u00edtica hace que la hoja, la guarda y la espiga sean una pieza inseparable! S\u00f3lo las b\u00e1sculas del mango son un \u00abcomplemento\u00bb y se reemplazan r\u00e1pida y f\u00e1cilmente en el caso muy improbable de que se rompan o se desgasten. Perfectamente equilibrado con una punta resistente pero afilada y cintura de avispa para que corte el ir y venir. \u00a1El Wasp es un cuchillo aterradoramente efectivo que es pr\u00e1cticamente a prueba de bombas! Se entrega con una estupenda funda Secure-Ex. Es lo suficientemente liviano como para llevarlo todo el d\u00eda y seguramente durar\u00e1 toda la vida si se le da una cantidad razonable de mantenimiento.<\/p>\n<p>Peso: 8,4 oz Grosor de la hoja: 7 mm Longitud de la hoja: 6-3\/4&#8243; Acero de la hoja: 52100 forjado con alto contenido de carbono Longitud\/material del mango: 5-1\/2&#8243; Longitud total: 12-1\/4&#8243; Caracter\u00edsticas adicionales: Seguro- Tipo de cuchillo con funda Ex\u00ae: Fijo Rango de longitud de la hoja: 5+ pulgadas Familia de acero: Aceros con alto contenido de carbono Forma de la hoja: Punta de lanza Familia de productos: Forjada<\/p>\n","protected":false},"excerpt":{"rendered":"<p>Una larga daga ofensiva con hoja de doble filo. Las dagas de hoja larga se hicieron m\u00e1s famosas durante el siglo II. Segunda Guerra Mundial, cuando estaban en servicio con los comandos brit\u00e1nicos.<\/p>\n","protected":false},"featured_media":335834,"comment_status":"open","ping_status":"closed","template":"","meta":[],"pwb-brand":[3790],"product_brand":[],"product_cat":[3727,3726],"product_tag":[],"class_list":{"0":"post-335832","1":"product","2":"type-product","3":"status-publish","4":"has-post-thumbnail","6":"pwb-brand-arma-blanca","7":"product_cat-cuchillos-macizos","8":"product_cat-cuchillos","10":"first","11":"outofstock","12":"taxable","13":"shipping-taxable","14":"purchasable","15":"product-type-simple"},"brands":[{"id":3790,"name":"Arma blanca","slug":"arma-blanca"}],"_links":{"self":[{"href":"https:\/\/www.moskito.cz\/es\/wp-json\/wp\/v2\/product\/335832","targetHints":{"allow":["GET"]}}],"collection":[{"href":"https:\/\/www.moskito.cz\/es\/wp-json\/wp\/v2\/product"}],"about":[{"href":"https:\/\/www.moskito.cz\/es\/wp-json\/wp\/v2\/types\/product"}],"replies":[{"embeddable":true,"href":"https:\/\/www.moskito.cz\/es\/wp-json\/wp\/v2\/comments?post=335832"}],"wp:featuredmedia":[{"embeddable":true,"href":"https:\/\/www.moskito.cz\/es\/wp-json\/wp\/v2\/media\/335834"}],"wp:attachment":[{"href":"https:\/\/www.moskito.cz\/es\/wp-json\/wp\/v2\/media?parent=335832"}],"wp:term":[{"taxonomy":"pwb-brand","embeddable":true,"href":"https:\/\/www.moskito.cz\/es\/wp-json\/wp\/v2\/pwb-brand?post=335832"},{"taxonomy":"product_brand","embeddable":true,"href":"https:\/\/www.moskito.cz\/es\/wp-json\/wp\/v2\/product_brand?post=335832"},{"taxonomy":"product_cat","embeddable":true,"href":"https:\/\/www.moskito.cz\/es\/wp-json\/wp\/v2\/product_cat?post=335832"},{"taxonomy":"product_tag","embeddable":true,"href":"https:\/\/www.moskito.cz\/es\/wp-json\/wp\/v2\/product_tag?post=335832"}],"curies":[{"name":"wp","href":"https:\/\/api.w.org\/{rel}","templated":true}]}}