{"id":335861,"date":"2022-11-04T20:09:14","date_gmt":"2024-04-19T12:23:51","guid":{"rendered":"https:\/\/www.moskito.cz\/produkt\/cuchillo-fijo-cold-steel-magnum-warcraft-tanto-4034\/"},"modified":"2025-05-07T11:13:00","modified_gmt":"2025-05-07T10:13:00","slug":"cuchillo-fijo-cold-steel-magnum-warcraft-tanto-4034","status":"publish","type":"product","link":"https:\/\/www.moskito.cz\/es\/produkt\/cuchillo-fijo-cold-steel-magnum-warcraft-tanto-4034\/","title":{"rendered":"Cuchillo Fijo Cold Steel MAGNUM WARCRAFT TANTO (4034)"},"content":{"rendered":"<p>Cuchillo Fijo <strong>Cold Steel<\/strong> MAGNUM WARCRAFT TANTO (4034)<\/p>\n<p>La l\u00ednea de productos Warcraft Tanto pretende ser una versi\u00f3n moderna de un cuchillo militar para las fuerzas armadas. La hoja de 5 mm de espesor con una construcci\u00f3n robusta de espiga completa que recorre todo el mango moldeado le da al cuchillo propiedades excepcionales. El cuchillo se adapta perfectamente a la mano y su mayor peso realza la t\u00e9cnica a la hora de realizar los cortes. Cada uno de nuestros cuchillos Warcraft Tanto est\u00e1 hecho de acero inoxidable japon\u00e9s 4034. Este acero inoxidable tiene propiedades comparables a AUS8A o 440C. El material del mango GNF es nailon, laminado con fibra de vidrio. El cuchillo est\u00e1 disponible en tres tama\u00f1os. El Warcraft Tanto viene con un estuche r\u00edgido hecho de material Secure-Ex\u00ae Sheath.<\/p>\n<p>PARAMETROS DEL PRODUCTO<br \/>\nPeso: 510 gramos<br \/>\nLongitud de la hoja: 305 mm<br \/>\nMaterial de la funda: Funda Secure-Ex\u00ae<br \/>\nAcero: Acero 4034SS<br \/>\nColor plata<br \/>\nGrosor de la hoja: 5 mm<br \/>\nLongitud del mango: 127 mm<br \/>\nTama\u00f1o total: 431,8 mm<br \/>\nMaterial del mango: GFN<\/p>\n","protected":false},"excerpt":{"rendered":"<p>El cuchillo de hoja fija Magnum Warcraft Tanto est\u00e1, gracias a la longitud y la forma de la hoja, as\u00ed como al mango perfilado, predestinado para t\u00e9cnicas de corte.<\/p>\n","protected":false},"featured_media":335862,"comment_status":"open","ping_status":"closed","template":"","meta":[],"pwb-brand":[3790],"product_brand":[],"product_cat":[3726,3727],"product_tag":[],"class_list":{"0":"post-335861","1":"product","2":"type-product","3":"status-publish","4":"has-post-thumbnail","6":"pwb-brand-arma-blanca","7":"product_cat-cuchillos","8":"product_cat-cuchillos-macizos","10":"first","11":"instock","12":"taxable","13":"shipping-taxable","14":"purchasable","15":"product-type-simple"},"brands":[{"id":3790,"name":"Arma blanca","slug":"arma-blanca"}],"_links":{"self":[{"href":"https:\/\/www.moskito.cz\/es\/wp-json\/wp\/v2\/product\/335861","targetHints":{"allow":["GET"]}}],"collection":[{"href":"https:\/\/www.moskito.cz\/es\/wp-json\/wp\/v2\/product"}],"about":[{"href":"https:\/\/www.moskito.cz\/es\/wp-json\/wp\/v2\/types\/product"}],"replies":[{"embeddable":true,"href":"https:\/\/www.moskito.cz\/es\/wp-json\/wp\/v2\/comments?post=335861"}],"wp:featuredmedia":[{"embeddable":true,"href":"https:\/\/www.moskito.cz\/es\/wp-json\/wp\/v2\/media\/335862"}],"wp:attachment":[{"href":"https:\/\/www.moskito.cz\/es\/wp-json\/wp\/v2\/media?parent=335861"}],"wp:term":[{"taxonomy":"pwb-brand","embeddable":true,"href":"https:\/\/www.moskito.cz\/es\/wp-json\/wp\/v2\/pwb-brand?post=335861"},{"taxonomy":"product_brand","embeddable":true,"href":"https:\/\/www.moskito.cz\/es\/wp-json\/wp\/v2\/product_brand?post=335861"},{"taxonomy":"product_cat","embeddable":true,"href":"https:\/\/www.moskito.cz\/es\/wp-json\/wp\/v2\/product_cat?post=335861"},{"taxonomy":"product_tag","embeddable":true,"href":"https:\/\/www.moskito.cz\/es\/wp-json\/wp\/v2\/product_tag?post=335861"}],"curies":[{"name":"wp","href":"https:\/\/api.w.org\/{rel}","templated":true}]}}