{"id":335892,"date":"2021-07-21T13:30:53","date_gmt":"2021-07-21T12:30:53","guid":{"rendered":"https:\/\/www.moskito.cz\/produkt\/cuchillo-fijo-cold-steel-magnum-tanto-ii-san-mai\/"},"modified":"2024-04-19T13:33:56","modified_gmt":"2024-04-19T12:33:56","slug":"cuchillo-fijo-cold-steel-magnum-tanto-ii-san-mai","status":"publish","type":"product","link":"https:\/\/www.moskito.cz\/es\/produkt\/cuchillo-fijo-cold-steel-magnum-tanto-ii-san-mai\/","title":{"rendered":"Cuchillo Fijo Cold Steel Magnum Tanto II San Mai"},"content":{"rendered":"<p>Cuchillo Fijo <strong>Cold Steel<\/strong> Magnum Tanto II San Mai.<\/p>\n<p>Hoy en d\u00eda no hay nadie en la industria de los cuchillos que sepa m\u00e1s sobre Tanto que Cold Steel. Despu\u00e9s de todo, Cold Steel invent\u00f3 y populariz\u00f3 este estilo de cuchillo a principios de los a\u00f1os 1980. vuelo. Hemos gastado millones de d\u00f3lares para convencer al p\u00fablico de los numerosos beneficios de Tanto, tanto a trav\u00e9s de publicidad como de demostraciones en vivo o grabaciones de v\u00eddeo. Hemos estado produciendo Tanto durante m\u00e1s de 30 a\u00f1os y todav\u00eda no existe ninguna f\u00e1brica de Tanto o fabricante de cuchillos que pueda acercarse al poder de corte, corte o perforaci\u00f3n producido por Cold Steel. Todos nuestros Tantos cuentan con un acabado satinado de brillo intenso en los biseles huecos de la hoja y un acabado de l\u00ednea contrastante en las superficies planas de la hoja. Esta t\u00e9cnica destaca nuestros m\u00e9todos de rectificado de \u00faltima generaci\u00f3n y resalta la apariencia \u00fanica del Cold Steel Tanto. Adem\u00e1s, el Tanto viene con nuestro famoso mango Kraton ovalado y aplanado. La forma ovalada proporciona un agarre firme y resiste el vuelco o la torsi\u00f3n en la mano durante un uso intenso, lo que destruir\u00eda un cuchillo m\u00e1s peque\u00f1o con el tiempo. El uso de Kraton en el mango del cuchillo es otra innovaci\u00f3n de Cold Steel. Kraton es un material incomparable de la era espacial que no se agrieta ni se pudre y es inmune a los estragos del mal tiempo. La cabeza c\u00f3nica de acero es otra caracter\u00edstica importante del Tanto que no debes ignorar. Lynn Thompson lo dise\u00f1\u00f3 para concentrar toda la fuerza de un golpe aplastante en un \u00e1rea peque\u00f1a, de modo que incluso un golpe moderado pueda ser notablemente efectivo para desarmar o incapacitar a un atacante. Todos los cuchillos de la serie San Mai Tanto vienen con una funda Secure-Ex\u2122 gruesa y de alta calidad que seguramente le brindar\u00e1 a\u00f1os de duro servicio y mantendr\u00e1 su Tanto a su lado, listo para la acci\u00f3n.<\/p>\n<p>Acero: VG-10 San Mai &#8211; s\u00e1ndwich de tres capas<br \/>\nLongitud de la hoja: 190 mm<br \/>\nGrosor de la hoja: 5 mm<br \/>\nLongitud de la hoja: 333 mm<br \/>\nPeso total del cuchillo 322 g<\/p>\n<p>Cold Steel es una empresa dedicada a la producci\u00f3n de los cuchillos m\u00e1s fuertes y afilados del mundo. Durante las \u00faltimas tres d\u00e9cadas, Cold Steel ha estado a la vanguardia de muchas innovaciones que han ayudado a definir la industria de los cuchillos. Los \u00e9xitos sucesivos, incluida la introducci\u00f3n de mangos a cuadros Kraton\u00ae y estilos de hojas de punta tanto, han pasado de caracter\u00edsticas curiosas a caracter\u00edsticas industriales de calidad y sofisticaci\u00f3n. La nueva direcci\u00f3n tambi\u00e9n se rompi\u00f3 con la introducci\u00f3n de nuevas hojas de acero \u00fanicas como San Mai III\u00ae y Tri-Ad \u2122 Lock &amp; Locking Mecanismo para navajas plegables. Por ejemplo, el Tri-Ad \u2122 Lock nunca ha sido igualado por ninguno de los competidores de Cold Steel y no se ha demostrado que supere a nada de lo que han producido hasta la fecha. Por supuesto, Cold Steel siempre mirar\u00e1 hacia el futuro y se esforzar\u00e1 constantemente por producir los cuchillos m\u00e1s fuertes y afilados del mundo. Este objetivo, igualmente esquivo y dif\u00edcil de alcanzar, ha sido el mismo durante los \u00faltimos cuarenta a\u00f1os. Acero fr\u00edo Inc. es una empresa enfocada en producir los cuchillos, espadas, hachas de guerra, machetes, cubiertos y herramientas m\u00e1s fuertes y afilados para el uso diario: EDC. Adoptado r\u00e1pidamente por el ej\u00e9rcito, las fuerzas especiales del orden p\u00fablico, los servicios de emergencia, los profesionales de la autodefensa y los miembros de la comunidad de artes marciales, Cold Steel r\u00e1pidamente se hizo un nombre por su calidad, resistencia, confiabilidad y confiabilidad en el transporte diario (EDC). . Nuestra diversa y variada l\u00ednea creci\u00f3 r\u00e1pidamente hasta incluir no solo una enorme selecci\u00f3n de navajas plegables (desde hojas &#8216;EDC&#8217; m\u00e1s peque\u00f1as hasta nuestras ic\u00f3nicas &#8216;megacarpetas&#8217; gigantes), sino tambi\u00e9n hojas fijas, espadas, sables, bastones y alabardas, como \u00a1Adem\u00e1s de suministros de caza, lanzas, rifles, hachas, machetes, hachas de guerra y herramientas! A lo largo de las d\u00e9cadas, Cold Steel ha introducido nuevos materiales y dise\u00f1os pioneros que han ayudado a dar forma al mundo de los cuchillos, las armas blancas y las herramientas modernas. Desde la introducci\u00f3n de empu\u00f1aduras a cuadros Kraton\u00ae y la hoja Tanto \u201camericanizada\u201d, hasta la inclusi\u00f3n de nuevos e innovadores aceros para hojas como San Mai III\u00ae y mecanismos de bloqueo innovadores (como nuestro Tri-Ad \u2122 Lock). Mientras miramos hacia el futuro, Cold Steel contin\u00faa aportando nuevos niveles de resistencia, seguridad y rendimiento al mercado, brindando productos probados en los que puede confiar, \u00a1en cualquier momento y en cualquier lugar!<\/p>\n","protected":false},"excerpt":{"rendered":"<p>Cuchillo macizo con funda.<\/p>\n","protected":false},"featured_media":335893,"comment_status":"open","ping_status":"closed","template":"","meta":[],"pwb-brand":[3790],"product_brand":[],"product_cat":[3727,3726],"product_tag":[],"class_list":{"0":"post-335892","1":"product","2":"type-product","3":"status-publish","4":"has-post-thumbnail","6":"pwb-brand-arma-blanca","7":"product_cat-cuchillos-macizos","8":"product_cat-cuchillos","10":"first","11":"instock","12":"taxable","13":"shipping-taxable","14":"purchasable","15":"product-type-simple"},"brands":[{"id":3790,"name":"Arma blanca","slug":"arma-blanca"}],"_links":{"self":[{"href":"https:\/\/www.moskito.cz\/es\/wp-json\/wp\/v2\/product\/335892","targetHints":{"allow":["GET"]}}],"collection":[{"href":"https:\/\/www.moskito.cz\/es\/wp-json\/wp\/v2\/product"}],"about":[{"href":"https:\/\/www.moskito.cz\/es\/wp-json\/wp\/v2\/types\/product"}],"replies":[{"embeddable":true,"href":"https:\/\/www.moskito.cz\/es\/wp-json\/wp\/v2\/comments?post=335892"}],"wp:featuredmedia":[{"embeddable":true,"href":"https:\/\/www.moskito.cz\/es\/wp-json\/wp\/v2\/media\/335893"}],"wp:attachment":[{"href":"https:\/\/www.moskito.cz\/es\/wp-json\/wp\/v2\/media?parent=335892"}],"wp:term":[{"taxonomy":"pwb-brand","embeddable":true,"href":"https:\/\/www.moskito.cz\/es\/wp-json\/wp\/v2\/pwb-brand?post=335892"},{"taxonomy":"product_brand","embeddable":true,"href":"https:\/\/www.moskito.cz\/es\/wp-json\/wp\/v2\/product_brand?post=335892"},{"taxonomy":"product_cat","embeddable":true,"href":"https:\/\/www.moskito.cz\/es\/wp-json\/wp\/v2\/product_cat?post=335892"},{"taxonomy":"product_tag","embeddable":true,"href":"https:\/\/www.moskito.cz\/es\/wp-json\/wp\/v2\/product_tag?post=335892"}],"curies":[{"name":"wp","href":"https:\/\/api.w.org\/{rel}","templated":true}]}}