{"id":335906,"date":"2023-10-05T15:04:26","date_gmt":"2023-10-05T14:04:26","guid":{"rendered":"https:\/\/www.moskito.cz\/produkt\/cuchillo-macizo-cold-steel-wild-west-bowie-81b\/"},"modified":"2025-05-07T11:13:03","modified_gmt":"2025-05-07T10:13:03","slug":"cuchillo-macizo-cold-steel-wild-west-bowie-81b","status":"publish","type":"product","link":"https:\/\/www.moskito.cz\/es\/produkt\/cuchillo-macizo-cold-steel-wild-west-bowie-81b\/","title":{"rendered":"Cuchillo Macizo COLD STEEL WILD WEST BOWIE 81B"},"content":{"rendered":"<p>Cuchillo Macizo <strong>COLD STEEL<\/strong> WILD WEST BOWIE 81B<\/p>\n<p>Con el estilo de las ic\u00f3nicas espadas grandes de las pel\u00edculas y programas de televisi\u00f3n occidentales, nuestro Wild West Bowie es un sorprendente cl\u00e1sico estadounidense. La hoja est\u00e1 fabricada en acero al carbono 1090. Es una hoja larga y ancha con un equilibrio hacia adelante, rectificada en sable y reforzada con un filo falso para una m\u00e1xima potencia de corte, corte y perforaci\u00f3n. El mango tiene un perfil cl\u00e1sico con cachas de palisandro unidas a la punta completa con tornillos de lat\u00f3n y cuenta con un guardamanos de lat\u00f3n con patr\u00f3n de S exclusivo para proteger sus dedos y aumentar su potencial defensivo. El Wild West Bowie presenta una funda tradicional de cuero negro que tiene una presilla giratoria de lat\u00f3n y una correa de cuero.<\/p>\n<p>Material de la hoja: 1090<br \/>\nMaterial de la caja: Cuero<br \/>\nLongitud de la hoja: 27,3 cm<br \/>\nLargo total: 41cm<br \/>\nLongitud del mango: 13,3 cm<br \/>\nGrosor de la hoja: 0,47 cm.<br \/>\nPeso: 655 gramos<br \/>\nTipo de hoja: Punta de clip<\/p>\n<p>&nbsp;<\/p>\n","protected":false},"excerpt":{"rendered":"<p><strong>Wild West Bowie es una r\u00e9plica de un cuchillo bowie del salvaje oeste.<\/strong><\/p>\n","protected":false},"featured_media":335907,"comment_status":"open","ping_status":"closed","template":"","meta":[],"pwb-brand":[3790],"product_brand":[],"product_cat":[3727,3726],"product_tag":[],"class_list":{"0":"post-335906","1":"product","2":"type-product","3":"status-publish","4":"has-post-thumbnail","6":"pwb-brand-arma-blanca","7":"product_cat-cuchillos-macizos","8":"product_cat-cuchillos","10":"first","11":"outofstock","12":"taxable","13":"shipping-taxable","14":"purchasable","15":"product-type-simple"},"brands":[{"id":3790,"name":"Arma blanca","slug":"arma-blanca"}],"_links":{"self":[{"href":"https:\/\/www.moskito.cz\/es\/wp-json\/wp\/v2\/product\/335906","targetHints":{"allow":["GET"]}}],"collection":[{"href":"https:\/\/www.moskito.cz\/es\/wp-json\/wp\/v2\/product"}],"about":[{"href":"https:\/\/www.moskito.cz\/es\/wp-json\/wp\/v2\/types\/product"}],"replies":[{"embeddable":true,"href":"https:\/\/www.moskito.cz\/es\/wp-json\/wp\/v2\/comments?post=335906"}],"wp:featuredmedia":[{"embeddable":true,"href":"https:\/\/www.moskito.cz\/es\/wp-json\/wp\/v2\/media\/335907"}],"wp:attachment":[{"href":"https:\/\/www.moskito.cz\/es\/wp-json\/wp\/v2\/media?parent=335906"}],"wp:term":[{"taxonomy":"pwb-brand","embeddable":true,"href":"https:\/\/www.moskito.cz\/es\/wp-json\/wp\/v2\/pwb-brand?post=335906"},{"taxonomy":"product_brand","embeddable":true,"href":"https:\/\/www.moskito.cz\/es\/wp-json\/wp\/v2\/product_brand?post=335906"},{"taxonomy":"product_cat","embeddable":true,"href":"https:\/\/www.moskito.cz\/es\/wp-json\/wp\/v2\/product_cat?post=335906"},{"taxonomy":"product_tag","embeddable":true,"href":"https:\/\/www.moskito.cz\/es\/wp-json\/wp\/v2\/product_tag?post=335906"}],"curies":[{"name":"wp","href":"https:\/\/api.w.org\/{rel}","templated":true}]}}